{"id":41849,"date":"2017-10-16T08:26:41","date_gmt":"2021-08-03T12:49:55","guid":{"rendered":"http:\/\/lowcostwebagency.com\/product\/instalacion-de-la-tematica-y-del-contenido-de-la-demostracion\/"},"modified":"2022-05-13T04:53:05","modified_gmt":"2022-05-13T04:53:05","slug":"tematica-demo-contenido-instalacion","status":"publish","type":"product","link":"https:\/\/www.lowcostwebagency.com\/es\/tematica-demo-contenido-instalacion\/","title":{"rendered":"Instalaci\u00f3n de la tem\u00e1tica y del contenido de la demostraci\u00f3n"},"content":{"rendered":"<h2 style=\"text-align: justify;\">\u00a1Low Cost Web Agency instala su Tem\u00e1tica y el contenido de la Demostraci\u00f3n por usted!<\/h2>\n<h3 style=\"text-align: justify;\">El contenido de la demo del tema ayuda mucho a construir m\u00e1s r\u00e1pido su sitio web profesional a bajo coste<\/h3>\n<p style=\"text-align: justify;\">Si utiliza un<strong>Sistema de Gesti\u00f3n de Contenidos<\/strong>(CMS) como WordPress o Joomla para construir su sitio web, puede optar por comprar una Plantilla Pr\u00e9mium para dar a su sitio web un aspecto profesional. Esto le da un marco bien asentado para desarrollar su sitio web. La estructura del sitio web ya est\u00e1 hecha por nosotros, s\u00f3lo hay que a\u00f1adir su contenido despu\u00e9s de la instalaci\u00f3n.<\/p>\n<p style=\"text-align: justify;\">Le proporcionaremos un producto profesional listo para su personalizaci\u00f3n. A menudo utilizamos soluciones de c\u00f3digo abierto como WordPress o Joomla para construir los sitios web de nuestros clientes. WordPress, Joomla y otros CMS no tienen ning\u00fan secreto para nosotros. Low Cost Web Agency es <strong>experto en CMS.<\/strong><\/p>\n<p style=\"text-align: justify;\">La instalaci\u00f3n de una plantilla con uno de nuestros <strong>expertos dise\u00f1adores<\/strong> le garantizar\u00e1 el mejor resultado. Despu\u00e9s de eso, podra gestionar su <strong>website<\/strong> s\u00f3lo u optar por servicios adicionales con nosotros.<\/p>\n<p style=\"text-align: justify;\">Para beneficiarse de este servicio, s\u00f3lo tiene que proporcionarnos la plantilla Premium que ha comprado. Seleccione las opciones que desee para completar su pedido.<\/p>\n","protected":false},"excerpt":{"rendered":"<p style=\"text-align: justify;\">\u00bfNo sabe c\u00f3mo configurar su nuevo tema en el CMS de su sitio web? Low Cost Web Agency est\u00e1 aqu\u00ed para ayudarle. De esta modo, la Agencia Web Low Cost realizar\u00e1 todas las tareas t\u00e9cnicas relacionadas con la instalaci\u00f3n de su sitio web. Despu\u00e9s, le ser\u00e1 f\u00e1cil completar su nuevo sitio web con su contenido.<\/p>\n","protected":false},"featured_media":41850,"template":"","meta":{"_links_to":"","_links_to_target":""},"product_brand":[],"product_cat":[1381,1379,1380],"product_tag":[1384,1385,1383],"class_list":{"0":"post-41849","1":"product","2":"type-product","3":"status-publish","4":"has-post-thumbnail","6":"product_cat-debugging","7":"product_cat-diseno-web","8":"product_cat-sitio-y-pagina-web","9":"product_tag-experto-en-cms","10":"product_tag-plantilla-premium","11":"product_tag-tematica-y-contenido-de-la-demo","12":"product_shipping_class-website-corporativo","14":"first","15":"instock","16":"shipping-taxable","17":"purchasable","18":"product-type-composite"},"composite_virtual":false,"composite_layout":"paged","composite_add_to_cart_form_location":"default","composite_editable_in_cart":false,"composite_sold_individually_context":"product","composite_shop_price_calc":"min_max","composite_components":[{"id":"1503037908","title":"Dominio","description":"","query_type":"product_ids","query_ids":[27889],"default_option_id":43272,"thumbnail_id":"","thumbnail_src":"","quantity_min":1,"quantity_max":1,"priced_individually":false,"shipped_individually":false,"optional":false,"discount":"","options_style":"dropdowns","pagination_style":"classic","display_prices":"absolute","show_sorting_options":false,"show_filtering_options":false,"attribute_filter_ids":[],"select_action":"view","product_title_visible":true,"product_descr_visible":true,"product_price_visible":true,"product_thumb_visible":true,"subtotal_visible_product":true,"subtotal_visible_cart":true,"subtotal_visible_orders":true},{"id":"1483511389","title":"Hosting","description":"","query_type":"product_ids","query_ids":[27894],"default_option_id":43273,"thumbnail_id":"","thumbnail_src":"","quantity_min":1,"quantity_max":1,"priced_individually":false,"shipped_individually":false,"optional":false,"discount":"","options_style":"dropdowns","pagination_style":"classic","display_prices":"absolute","show_sorting_options":false,"show_filtering_options":false,"attribute_filter_ids":[],"select_action":"view","product_title_visible":true,"product_descr_visible":true,"product_price_visible":true,"product_thumb_visible":true,"subtotal_visible_product":true,"subtotal_visible_cart":true,"subtotal_visible_orders":true},{"id":"1503317432","title":"IP dedicada","description":"","query_type":"product_ids","query_ids":[29369],"default_option_id":43268,"thumbnail_id":"","thumbnail_src":"","quantity_min":1,"quantity_max":1,"priced_individually":false,"shipped_individually":false,"optional":false,"discount":"","options_style":"dropdowns","pagination_style":"classic","display_prices":"absolute","show_sorting_options":false,"show_filtering_options":false,"attribute_filter_ids":[],"select_action":"view","product_title_visible":true,"product_descr_visible":true,"product_price_visible":true,"product_thumb_visible":true,"subtotal_visible_product":true,"subtotal_visible_cart":true,"subtotal_visible_orders":true},{"id":"1483511390","title":"SSL","description":"","query_type":"product_ids","query_ids":[27924],"default_option_id":43275,"thumbnail_id":"","thumbnail_src":"","quantity_min":1,"quantity_max":1,"priced_individually":false,"shipped_individually":false,"optional":false,"discount":"","options_style":"dropdowns","pagination_style":"classic","display_prices":"absolute","show_sorting_options":false,"show_filtering_options":false,"attribute_filter_ids":[],"select_action":"view","product_title_visible":true,"product_descr_visible":true,"product_price_visible":true,"product_thumb_visible":true,"subtotal_visible_product":true,"subtotal_visible_cart":true,"subtotal_visible_orders":true},{"id":"1483511391","title":"Acceso a Cpanel","description":"","query_type":"product_ids","query_ids":[29372],"default_option_id":43267,"thumbnail_id":"","thumbnail_src":"","quantity_min":1,"quantity_max":1,"priced_individually":false,"shipped_individually":false,"optional":false,"discount":"","options_style":"dropdowns","pagination_style":"classic","display_prices":"absolute","show_sorting_options":false,"show_filtering_options":false,"attribute_filter_ids":[],"select_action":"view","product_title_visible":true,"product_descr_visible":true,"product_price_visible":true,"product_thumb_visible":true,"subtotal_visible_product":true,"subtotal_visible_cart":true,"subtotal_visible_orders":true},{"id":"1503317561","title":"Logo","description":"","query_type":"product_ids","query_ids":[19763],"default_option_id":43349,"thumbnail_id":"","thumbnail_src":"","quantity_min":1,"quantity_max":1,"priced_individually":false,"shipped_individually":false,"optional":false,"discount":"","options_style":"dropdowns","pagination_style":"classic","display_prices":"absolute","show_sorting_options":false,"show_filtering_options":false,"attribute_filter_ids":[],"select_action":"view","product_title_visible":true,"product_descr_visible":true,"product_price_visible":true,"product_thumb_visible":true,"subtotal_visible_product":true,"subtotal_visible_cart":true,"subtotal_visible_orders":true},{"id":"1503317562","title":"Retirar cr\u00e9ditos","description":"","query_type":"product_ids","query_ids":[27928],"default_option_id":43278,"thumbnail_id":"","thumbnail_src":"","quantity_min":1,"quantity_max":1,"priced_individually":false,"shipped_individually":false,"optional":false,"discount":"","options_style":"dropdowns","pagination_style":"classic","display_prices":"absolute","show_sorting_options":false,"show_filtering_options":false,"attribute_filter_ids":[],"select_action":"view","product_title_visible":true,"product_descr_visible":true,"product_price_visible":true,"product_thumb_visible":true,"subtotal_visible_product":true,"subtotal_visible_cart":true,"subtotal_visible_orders":true},{"id":"1503317435","title":"1 a\u00f1o de garant\u00eda","description":"","query_type":"product_ids","query_ids":[29378],"default_option_id":43266,"thumbnail_id":"","thumbnail_src":"","quantity_min":1,"quantity_max":1,"priced_individually":false,"shipped_individually":false,"optional":false,"discount":"","options_style":"dropdowns","pagination_style":"classic","display_prices":"absolute","show_sorting_options":false,"show_filtering_options":false,"attribute_filter_ids":[],"select_action":"view","product_title_visible":true,"product_descr_visible":true,"product_price_visible":true,"product_thumb_visible":true,"subtotal_visible_product":true,"subtotal_visible_cart":true,"subtotal_visible_orders":true}],"composite_scenarios":[{"id":"1503380151","name":"1","description":"","configuration":[{"component_id":"1503037908","options_modifier":"any"},{"component_id":"1483511389","options_modifier":"any"},{"component_id":"1503317432","options_modifier":"any"},{"component_id":"1483511390","options_modifier":"any"},{"component_id":"1483511391","options_modifier":"any"},{"component_id":"1503317561","options_modifier":"any"},{"component_id":"1503317562","options_modifier":"any"},{"component_id":"1503317435","options_modifier":"any"}],"actions":[{"action_id":"compat_group","is_active":true},{"action_id":"conditional_components","is_active":false,"hidden_components":[]}],"enabled":true},{"id":"1503380305","name":"2","description":"","configuration":[{"component_id":"1503037908","options_modifier":"any"},{"component_id":"1483511389","options_modifier":"any"},{"component_id":"1503317432","options_modifier":"any"},{"component_id":"1483511390","options_modifier":"any"},{"component_id":"1483511391","options_modifier":"any"},{"component_id":"1503317561","options_modifier":"any"},{"component_id":"1503317562","options_modifier":"any"},{"component_id":"1503317435","options_modifier":"any"}],"actions":[{"action_id":"compat_group","is_active":true},{"action_id":"conditional_components","is_active":false,"hidden_components":[]}],"enabled":true}],"_links":{"self":[{"href":"https:\/\/www.lowcostwebagency.com\/es\/wp-json\/wp\/v2\/product\/41849","targetHints":{"allow":["GET"]}}],"collection":[{"href":"https:\/\/www.lowcostwebagency.com\/es\/wp-json\/wp\/v2\/product"}],"about":[{"href":"https:\/\/www.lowcostwebagency.com\/es\/wp-json\/wp\/v2\/types\/product"}],"wp:featuredmedia":[{"embeddable":true,"href":"https:\/\/www.lowcostwebagency.com\/es\/wp-json\/wp\/v2\/media\/41850"}],"wp:attachment":[{"href":"https:\/\/www.lowcostwebagency.com\/es\/wp-json\/wp\/v2\/media?parent=41849"}],"wp:term":[{"taxonomy":"product_brand","embeddable":true,"href":"https:\/\/www.lowcostwebagency.com\/es\/wp-json\/wp\/v2\/product_brand?post=41849"},{"taxonomy":"product_cat","embeddable":true,"href":"https:\/\/www.lowcostwebagency.com\/es\/wp-json\/wp\/v2\/product_cat?post=41849"},{"taxonomy":"product_tag","embeddable":true,"href":"https:\/\/www.lowcostwebagency.com\/es\/wp-json\/wp\/v2\/product_tag?post=41849"}],"curies":[{"name":"wp","href":"https:\/\/api.w.org\/{rel}","templated":true}]}}