{"id":41858,"date":"2017-10-16T06:06:44","date_gmt":"2021-08-04T04:41:17","guid":{"rendered":"http:\/\/lowcostwebagency.com\/product\/landing-page\/"},"modified":"2022-05-13T04:56:37","modified_gmt":"2022-05-13T04:56:37","slug":"landing-page-2","status":"publish","type":"product","link":"https:\/\/www.lowcostwebagency.com\/es\/landing-page-2\/","title":{"rendered":"Landing Page"},"content":{"rendered":"<h2 style=\"text-align: justify;\">Low Cost Web Agency dise\u00f1a su Landing Page a un precio competitivo<\/h2>\n<p style=\"text-align: justify;\">Una Landing Page es una poderosa herramienta de marketing para recopilar informaci\u00f3n sobre sus clientes y conseguir que compren sus productos. Una Landing Page no es un sitio web. Una Landing Page contiene toda la informaci\u00f3n que desea proporcionar a sus clientes en una sola p\u00e1gina. Puede utilizar un formulario en la p\u00e1gina de entrada para obtener detalles sobre los visitantes como el nombre, el tel\u00e9fono y el correo electr\u00f3nico y luego puede utilizar estos detalles para hacer marketing directo a la tem\u00e1tica. Tambi\u00e9n puede utilizar su Landing Page para invitar a sus clientes a hacer clic en un enlace que les mostrar\u00e1 una p\u00e1gina espec\u00edfica de su sitio web.<\/p>\n<p style=\"text-align: justify;\">Hay muchos aspectos que se pueden utilizar a trav\u00e9s de su Landing Page. A continuaci\u00f3n, puede encontrar algunas ideas sobre lo que puede hacer con su Landing Page. Despu\u00e9s de enviar sus datos, un cliente puede tener acceso a:<br \/>\nDescarga de informes o libros blancos con datos importantes del sector, elementos de marketing o estad\u00edsticas.<br \/>\nEBooks&#8217; y una gu\u00eda con las mejores pr\u00e1cticas<br \/>\nSuscripci\u00f3n a su bolet\u00edn<br \/>\nPodcasts para personas interesadas en su negocio<br \/>\nListas de verificaci\u00f3n\/tarjetas de calificaci\u00f3n u otras herramientas de trabajo eficaces<br \/>\nInscripci\u00f3n en el seminario web para las sesiones en l\u00ednea en directo<br \/>\nPresentaciones o sesiones grabadas con v\u00eddeo o diapositivas<br \/>\nPida que le contacten para obtener m\u00e1s informaci\u00f3n sobre sus productos o servicios<\/p>\n<p style=\"text-align: justify;\">Low Cost Web Agency puede aconsejarle sobre la mejor manera de utilizar su Landing Page en funci\u00f3n de su negocio, su p\u00fablico y su objetivo. Tan solo tiene que adquirirlo ahora y una Landing Page y un experto se pondr\u00e1 en contacto con usted para definir la mejor soluci\u00f3n. Su Landing Page profesional a un precio muy bajo se encuentra s\u00f3lo en la Agencia Web Low Cost.<\/p>\n","protected":false},"excerpt":{"rendered":"<p style=\"text-align: justify;\">Una Landing Page es una p\u00e1gina web independiente con el \u00fanico objetivo de generar clientes potenciales y hacer clic en ella. Low Cost Web Agency construir\u00e1 e instalar\u00e1 su Landing Page para maximizar su tasa de conversi\u00f3n. Con una Landing Page de primera clase, recopilar\u00e1 muchos detalles sobre los usuarios. Todos estos detalles le permitir\u00e1n comercializar directamente a sus clientes potenciales Low Cost Web Agency construye Landing Page eficientes a muy bajo costo.<\/p>\n","protected":false},"featured_media":41859,"template":"","meta":{"_links_to":"","_links_to_target":""},"product_brand":[],"product_cat":[1379,1386,1380],"product_tag":[1389,1388,1387],"class_list":{"0":"post-41858","1":"product","2":"type-product","3":"status-publish","4":"has-post-thumbnail","6":"product_cat-diseno-web","7":"product_cat-html-y-diseno-estatico","8":"product_cat-sitio-y-pagina-web","9":"product_tag-estadisticas","10":"product_tag-herramientas-de-marketing","11":"product_tag-landing-page-es","12":"product_shipping_class-website-corporativo","14":"first","15":"instock","16":"shipping-taxable","17":"purchasable","18":"product-type-composite"},"composite_virtual":false,"composite_layout":"paged","composite_add_to_cart_form_location":"default","composite_editable_in_cart":false,"composite_sold_individually_context":"product","composite_shop_price_calc":"min_max","composite_components":[{"id":"1503037908","title":"Dominio","description":"","query_type":"product_ids","query_ids":[27889],"default_option_id":43272,"thumbnail_id":"","thumbnail_src":"","quantity_min":1,"quantity_max":1,"priced_individually":false,"shipped_individually":false,"optional":false,"discount":"","options_style":"dropdowns","pagination_style":"classic","display_prices":"absolute","show_sorting_options":false,"show_filtering_options":false,"attribute_filter_ids":[],"select_action":"view","product_title_visible":true,"product_descr_visible":true,"product_price_visible":true,"product_thumb_visible":true,"subtotal_visible_product":true,"subtotal_visible_cart":true,"subtotal_visible_orders":true},{"id":"1483511389","title":"Hosting","description":"","query_type":"product_ids","query_ids":[27894],"default_option_id":43273,"thumbnail_id":"","thumbnail_src":"","quantity_min":1,"quantity_max":1,"priced_individually":false,"shipped_individually":false,"optional":false,"discount":"","options_style":"dropdowns","pagination_style":"classic","display_prices":"absolute","show_sorting_options":false,"show_filtering_options":false,"attribute_filter_ids":[],"select_action":"view","product_title_visible":true,"product_descr_visible":true,"product_price_visible":true,"product_thumb_visible":true,"subtotal_visible_product":true,"subtotal_visible_cart":true,"subtotal_visible_orders":true},{"id":"1503317432","title":"IP dedicada","description":"","query_type":"product_ids","query_ids":[29369],"default_option_id":43268,"thumbnail_id":"","thumbnail_src":"","quantity_min":1,"quantity_max":1,"priced_individually":false,"shipped_individually":false,"optional":false,"discount":"","options_style":"dropdowns","pagination_style":"classic","display_prices":"absolute","show_sorting_options":false,"show_filtering_options":false,"attribute_filter_ids":[],"select_action":"view","product_title_visible":true,"product_descr_visible":true,"product_price_visible":true,"product_thumb_visible":true,"subtotal_visible_product":true,"subtotal_visible_cart":true,"subtotal_visible_orders":true},{"id":"1483511390","title":"SSL","description":"","query_type":"product_ids","query_ids":[27924],"default_option_id":43275,"thumbnail_id":"","thumbnail_src":"","quantity_min":1,"quantity_max":1,"priced_individually":false,"shipped_individually":false,"optional":false,"discount":"","options_style":"dropdowns","pagination_style":"classic","display_prices":"absolute","show_sorting_options":false,"show_filtering_options":false,"attribute_filter_ids":[],"select_action":"view","product_title_visible":true,"product_descr_visible":true,"product_price_visible":true,"product_thumb_visible":true,"subtotal_visible_product":true,"subtotal_visible_cart":true,"subtotal_visible_orders":true},{"id":"1483511391","title":"Acceso a Cpanel","description":"","query_type":"product_ids","query_ids":[29372],"default_option_id":43267,"thumbnail_id":"","thumbnail_src":"","quantity_min":1,"quantity_max":1,"priced_individually":false,"shipped_individually":false,"optional":false,"discount":"","options_style":"dropdowns","pagination_style":"classic","display_prices":"absolute","show_sorting_options":false,"show_filtering_options":false,"attribute_filter_ids":[],"select_action":"view","product_title_visible":true,"product_descr_visible":true,"product_price_visible":true,"product_thumb_visible":true,"subtotal_visible_product":true,"subtotal_visible_cart":true,"subtotal_visible_orders":true},{"id":"1503317561","title":"Logo","description":"","query_type":"product_ids","query_ids":[19763],"default_option_id":43349,"thumbnail_id":"","thumbnail_src":"","quantity_min":1,"quantity_max":1,"priced_individually":false,"shipped_individually":false,"optional":false,"discount":"","options_style":"dropdowns","pagination_style":"classic","display_prices":"absolute","show_sorting_options":false,"show_filtering_options":false,"attribute_filter_ids":[],"select_action":"view","product_title_visible":true,"product_descr_visible":true,"product_price_visible":true,"product_thumb_visible":true,"subtotal_visible_product":true,"subtotal_visible_cart":true,"subtotal_visible_orders":true},{"id":"1503317562","title":"Retirar cr\u00e9ditos","description":"","query_type":"product_ids","query_ids":[27928],"default_option_id":43278,"thumbnail_id":"","thumbnail_src":"","quantity_min":1,"quantity_max":1,"priced_individually":false,"shipped_individually":false,"optional":false,"discount":"","options_style":"dropdowns","pagination_style":"classic","display_prices":"absolute","show_sorting_options":false,"show_filtering_options":false,"attribute_filter_ids":[],"select_action":"view","product_title_visible":true,"product_descr_visible":true,"product_price_visible":true,"product_thumb_visible":true,"subtotal_visible_product":true,"subtotal_visible_cart":true,"subtotal_visible_orders":true},{"id":"1503317435","title":"1 a\u00f1o de garant\u00eda","description":"","query_type":"product_ids","query_ids":[29378],"default_option_id":43266,"thumbnail_id":"","thumbnail_src":"","quantity_min":1,"quantity_max":1,"priced_individually":false,"shipped_individually":false,"optional":false,"discount":"","options_style":"dropdowns","pagination_style":"classic","display_prices":"absolute","show_sorting_options":false,"show_filtering_options":false,"attribute_filter_ids":[],"select_action":"view","product_title_visible":true,"product_descr_visible":true,"product_price_visible":true,"product_thumb_visible":true,"subtotal_visible_product":true,"subtotal_visible_cart":true,"subtotal_visible_orders":true}],"composite_scenarios":[{"id":"1503380151","name":"1","description":"","configuration":[{"component_id":"1503037908","options_modifier":"any"},{"component_id":"1483511389","options_modifier":"any"},{"component_id":"1503317432","options_modifier":"any"},{"component_id":"1483511390","options_modifier":"any"},{"component_id":"1483511391","options_modifier":"any"},{"component_id":"1503317561","options_modifier":"any"},{"component_id":"1503317562","options_modifier":"any"},{"component_id":"1503317435","options_modifier":"any"}],"actions":[{"action_id":"compat_group","is_active":true},{"action_id":"conditional_components","is_active":false,"hidden_components":[]}],"enabled":true},{"id":"1503380305","name":"2","description":"","configuration":[{"component_id":"1503037908","options_modifier":"any"},{"component_id":"1483511389","options_modifier":"any"},{"component_id":"1503317432","options_modifier":"any"},{"component_id":"1483511390","options_modifier":"any"},{"component_id":"1483511391","options_modifier":"any"},{"component_id":"1503317561","options_modifier":"any"},{"component_id":"1503317562","options_modifier":"any"},{"component_id":"1503317435","options_modifier":"any"}],"actions":[{"action_id":"compat_group","is_active":true},{"action_id":"conditional_components","is_active":false,"hidden_components":[]}],"enabled":true}],"_links":{"self":[{"href":"https:\/\/www.lowcostwebagency.com\/es\/wp-json\/wp\/v2\/product\/41858","targetHints":{"allow":["GET"]}}],"collection":[{"href":"https:\/\/www.lowcostwebagency.com\/es\/wp-json\/wp\/v2\/product"}],"about":[{"href":"https:\/\/www.lowcostwebagency.com\/es\/wp-json\/wp\/v2\/types\/product"}],"wp:featuredmedia":[{"embeddable":true,"href":"https:\/\/www.lowcostwebagency.com\/es\/wp-json\/wp\/v2\/media\/41859"}],"wp:attachment":[{"href":"https:\/\/www.lowcostwebagency.com\/es\/wp-json\/wp\/v2\/media?parent=41858"}],"wp:term":[{"taxonomy":"product_brand","embeddable":true,"href":"https:\/\/www.lowcostwebagency.com\/es\/wp-json\/wp\/v2\/product_brand?post=41858"},{"taxonomy":"product_cat","embeddable":true,"href":"https:\/\/www.lowcostwebagency.com\/es\/wp-json\/wp\/v2\/product_cat?post=41858"},{"taxonomy":"product_tag","embeddable":true,"href":"https:\/\/www.lowcostwebagency.com\/es\/wp-json\/wp\/v2\/product_tag?post=41858"}],"curies":[{"name":"wp","href":"https:\/\/api.w.org\/{rel}","templated":true}]}}