{"id":41868,"date":"2016-10-27T10:34:10","date_gmt":"2021-08-04T04:41:19","guid":{"rendered":"http:\/\/lowcostwebagency.com\/product\/diseno-newsletter\/"},"modified":"2022-05-13T05:31:57","modified_gmt":"2022-05-13T05:31:57","slug":"newsletter-diseno","status":"publish","type":"product","link":"https:\/\/www.lowcostwebagency.com\/es\/newsletter-diseno\/","title":{"rendered":"Dise\u00f1o Newsletter"},"content":{"rendered":"<h2 style=\"text-align: justify;\">Low Cost Web Agency construye su dise\u00f1o de Newsletter al mejor precio<\/h2>\n<h3 style=\"text-align: justify;\">Creamos su Newsletter utilizando HTML para darle el mejor resultado de dise\u00f1o para seducir mejor a sus clientes<\/h3>\n<p style=\"text-align: justify;\">Newsletter es una poderosa herramienta de marketing que se utiliza para <strong>construir relaciones s\u00f3lidas<\/strong> con sus clientes. Normalmente, el cliente durante su registro en su sitio web aceptar\u00e1 recibir sus newsletters. Es el momento de mostrar su experiencia y convencer a su cliente del valor a\u00f1adido de su negocio. Debe tener en cuenta que el marketing por <strong>correo electr\u00f3nico<\/strong>es una forma maravillosa de<strong>animar a su red de clientes o partners.<\/strong><\/p>\n<p style=\"text-align: justify;\">Con este servicio s\u00f3lo proporcionamos el dise\u00f1o de la newsletter y la integraci\u00f3n con su plataforma de newsletter. La entrega a sus contactos ser\u00e1 bajo su responsabilidad. Si no utiliza ninguna plataforma de newsletter, puede consultar nuestros dos productos relacionados (Cf. <a href=\"https:\/\/www.lowcostwebagency.com\/es\/boletin-de-pago-por-campana\/\">Newsletter por Campa\u00f1a<\/a>o <a href=\"https:\/\/www.lowcostwebagency.com\/es\/newsletter-pago-mensual\/\">Newsletter Pago Mensual).<\/a> Low Cost Web Agency pondr\u00e1 todo su saber hacer para crear el dise\u00f1o de su Newsletter sin que falte ning\u00fan par\u00e1metro. Al elegirnos, su plantilla de newsletter ser\u00e1 elaborada por nuestro <strong>experto dise\u00f1ador<\/strong> para ofrecerle los mejores resultados. \u00a1No espere, compre ahora y su pr\u00f3ximo bolet\u00edn de noticias ser\u00e1 un \u00e9xito!<\/p>\n","protected":false},"excerpt":{"rendered":"<p style=\"text-align: justify;\">\u00a1Dele a su bolet\u00edn de noticias un aspecto elegante! Nuestro dise\u00f1ador construir\u00e1 y personalizar\u00e1 una plantilla que podr\u00e1 utilizar f\u00e1cilmente para enviar su newsletter.<\/p>\n","protected":false},"featured_media":41869,"template":"","meta":{"_links_to":"","_links_to_target":""},"product_brand":[],"product_cat":[1379,1386,1380],"product_tag":[1390,1391,1392],"class_list":{"0":"post-41868","1":"product","2":"type-product","3":"status-publish","4":"has-post-thumbnail","6":"product_cat-diseno-web","7":"product_cat-html-y-diseno-estatico","8":"product_cat-sitio-y-pagina-web","9":"product_tag-diseno-newsletter","10":"product_tag-newsletter-pago-mensual","11":"product_tag-newsletter-por-campana","13":"first","14":"instock","15":"shipping-taxable","16":"purchasable","17":"product-type-simple"},"composite_virtual":false,"composite_layout":"","composite_add_to_cart_form_location":"","composite_editable_in_cart":false,"composite_sold_individually_context":"","composite_shop_price_calc":"","composite_components":[],"composite_scenarios":[],"_links":{"self":[{"href":"https:\/\/www.lowcostwebagency.com\/es\/wp-json\/wp\/v2\/product\/41868","targetHints":{"allow":["GET"]}}],"collection":[{"href":"https:\/\/www.lowcostwebagency.com\/es\/wp-json\/wp\/v2\/product"}],"about":[{"href":"https:\/\/www.lowcostwebagency.com\/es\/wp-json\/wp\/v2\/types\/product"}],"wp:featuredmedia":[{"embeddable":true,"href":"https:\/\/www.lowcostwebagency.com\/es\/wp-json\/wp\/v2\/media\/41869"}],"wp:attachment":[{"href":"https:\/\/www.lowcostwebagency.com\/es\/wp-json\/wp\/v2\/media?parent=41868"}],"wp:term":[{"taxonomy":"product_brand","embeddable":true,"href":"https:\/\/www.lowcostwebagency.com\/es\/wp-json\/wp\/v2\/product_brand?post=41868"},{"taxonomy":"product_cat","embeddable":true,"href":"https:\/\/www.lowcostwebagency.com\/es\/wp-json\/wp\/v2\/product_cat?post=41868"},{"taxonomy":"product_tag","embeddable":true,"href":"https:\/\/www.lowcostwebagency.com\/es\/wp-json\/wp\/v2\/product_tag?post=41868"}],"curies":[{"name":"wp","href":"https:\/\/api.w.org\/{rel}","templated":true}]}}