{"id":41882,"date":"2016-10-27T11:19:57","date_gmt":"2021-08-04T04:43:50","guid":{"rendered":"http:\/\/lowcostwebagency.com\/product\/personalizado-ecommerce-website\/"},"modified":"2022-05-13T05:23:48","modified_gmt":"2022-05-13T05:23:48","slug":"personalizado-ecommerce-website","status":"publish","type":"product","link":"https:\/\/www.lowcostwebagency.com\/es\/personalizado-ecommerce-website\/","title":{"rendered":"Personalizado &#8211; Ecommerce Website"},"content":{"rendered":"<h2 style=\"text-align: justify;\">\u00bfTiene en mente una soluci\u00f3n \u00fanica para su E-commerce website? Low Cost Web Agency le preparar\u00e1 un presupuesto.<\/h2>\n<h3 style=\"text-align: justify;\">Nuestros expertos en web elaboran su E-Commerce cit\u00e9 personalizado<\/h3>\n<p style=\"text-align: justify;\">Cada uno de nuestros productos est\u00e1ndar ofrece <strong>precios competitivos<\/strong> a nuestros clientes, gracias al uso de una plantilla web profesional. Proporciona una estructura inicial para su sitio web y esta forma de elaboraci\u00f3n nos permite realizar un <strong>sitio web de alta calidad<\/strong> a <strong>precio econ\u00f3mico.<\/strong> En algunos casos, es posible que necesite construir un sitio web desde sus inicios porque quiere un dise\u00f1o \u00fanico o quiere ofrecer caracter\u00edsticas muy innovadoras a sus usuarios.<br \/>\nEn el caso de los desarrollos a medida, el precio sigue siendo 5 veces inferior a los precios estadounidenses y europeos.<\/p>\n<p style=\"text-align: justify;\">Estudiamos, desarrollamos y probamos su idea. Nuestro equipo est\u00e1 formado por expertos en proceos de dise\u00f1o <strong>innovadores<\/strong> y ventas eficientes que le permite adelantarse a la competencia. Cuidamos de su negocio. Le proporcionamos todo lo que necesita para mejorar sus ingresos netos utilizando las tecnolog\u00edas m\u00e1s modernas.<\/p>\n<h3 style=\"text-align: justify;\">Comparta sus ideas y nos pondremos en contacto con usted con un presupuesto muy competitivo.<\/h3>\n","protected":false},"excerpt":{"rendered":"<p style=\"text-align: justify;\">Nuestro producto personalizado est\u00e1 hecho para ofrecerle una soluci\u00f3n que le d\u00e9 plena<strong>satisfacci\u00f3n.<\/strong> Entendemos que nuestro producto de cat\u00e1logo no puede cubrir todas las demandas de nuestros clientes. Por lo tanto, puede tener algunas ideas <strong>creativas<\/strong> e<strong>innovadoras<\/strong> para aplicar&#8230; Aqu\u00ed le ofrecemos la posibilidad de compartir con nosotros sus necesidades espec\u00edficas. Nuestro equipo trabajar\u00e1 en ello para proponerle un sitio web Ecommerce a medida.<\/p>\n<p style=\"text-align: justify;\">\u00a1No espere m\u00e1s, solicite su presupuesto!<\/p>\n","protected":false},"featured_media":41883,"template":"","meta":{"_links_to":"","_links_to_target":""},"product_brand":[],"product_cat":[1379,1411,1380],"product_tag":[1412,1395,1413],"class_list":{"0":"post-41882","1":"product","2":"type-product","3":"status-publish","4":"has-post-thumbnail","6":"product_cat-diseno-web","7":"product_cat-ecommerce-website-es","8":"product_cat-sitio-y-pagina-web","9":"product_tag-ecommerce-website-es","10":"product_tag-personalizado","11":"product_tag-precios-competitivos","13":"first","14":"instock","15":"shipping-taxable","16":"product-type-external"},"composite_virtual":false,"composite_layout":"","composite_add_to_cart_form_location":"","composite_editable_in_cart":false,"composite_sold_individually_context":"","composite_shop_price_calc":"","composite_components":[],"composite_scenarios":[],"_links":{"self":[{"href":"https:\/\/www.lowcostwebagency.com\/es\/wp-json\/wp\/v2\/product\/41882","targetHints":{"allow":["GET"]}}],"collection":[{"href":"https:\/\/www.lowcostwebagency.com\/es\/wp-json\/wp\/v2\/product"}],"about":[{"href":"https:\/\/www.lowcostwebagency.com\/es\/wp-json\/wp\/v2\/types\/product"}],"wp:featuredmedia":[{"embeddable":true,"href":"https:\/\/www.lowcostwebagency.com\/es\/wp-json\/wp\/v2\/media\/41883"}],"wp:attachment":[{"href":"https:\/\/www.lowcostwebagency.com\/es\/wp-json\/wp\/v2\/media?parent=41882"}],"wp:term":[{"taxonomy":"product_brand","embeddable":true,"href":"https:\/\/www.lowcostwebagency.com\/es\/wp-json\/wp\/v2\/product_brand?post=41882"},{"taxonomy":"product_cat","embeddable":true,"href":"https:\/\/www.lowcostwebagency.com\/es\/wp-json\/wp\/v2\/product_cat?post=41882"},{"taxonomy":"product_tag","embeddable":true,"href":"https:\/\/www.lowcostwebagency.com\/es\/wp-json\/wp\/v2\/product_tag?post=41882"}],"curies":[{"name":"wp","href":"https:\/\/api.w.org\/{rel}","templated":true}]}}