{"id":41889,"date":"2016-10-27T11:26:46","date_gmt":"2021-08-04T04:47:11","guid":{"rendered":"http:\/\/lowcostwebagency.com\/product\/instalacion-y-configuracion-del-plugin\/"},"modified":"2022-05-13T05:19:26","modified_gmt":"2022-05-13T05:19:26","slug":"plugin-instalacion-configuracion","status":"publish","type":"product","link":"https:\/\/www.lowcostwebagency.com\/es\/plugin-instalacion-configuracion\/","title":{"rendered":"Instalaci\u00f3n y configuraci\u00f3n del plugin"},"content":{"rendered":"<h2 style=\"text-align: justify;\">Low Cost Web Agency le acompa\u00f1a en la personalizaci\u00f3n de su CMS<\/h2>\n<h3 style=\"text-align: justify;\">Seleccione las mejores soluciones de plugins para su sitio web y genere valor a\u00f1adido para sus usuarios<\/h3>\n<p style=\"text-align: justify;\">Antes de a\u00f1adir un nuevo plugin en su CMS, deber\u00eda preseleccionar los posibles componentes. Defina su necesidad y relaci\u00f3nela con el componente adecuado. No todos los plugins presentan las mismas funcionalidades, el mismo dise\u00f1o, el mismo nivel de madurez. Le acompa\u00f1amos en su elecci\u00f3n para ayudarle a seleccionar el plugin m\u00e1s adecuado para lo que busca.<\/p>\n<p style=\"text-align: justify;\">Algunas caracter\u00edsticas interesantes no son parte de su sitio web, como por ejemplo, un chat, una parte de e-commerce. Un plugin es la soluci\u00f3n adecuada para mejorar las posibilidades de su sitio web y abrir horizontes.<\/p>\n","protected":false},"excerpt":{"rendered":"<p style=\"text-align: justify;\">\u00bfPor qu\u00e9 gastar mucho tiempo en la instalaci\u00f3n de su plugin? \u00a1Hag\u00e1moslo f\u00e1cil con Low Cost Web Agency! Nos encargamos de la instalaci\u00f3n y configuraci\u00f3n de su plugin.<\/p>\n","protected":false},"featured_media":41890,"template":"","meta":{"_links_to":"","_links_to_target":""},"product_brand":[],"product_cat":[1381,1379,1380],"product_tag":[1416,1414,1415],"class_list":{"0":"post-41889","1":"product","2":"type-product","3":"status-publish","4":"has-post-thumbnail","6":"product_cat-debugging","7":"product_cat-diseno-web","8":"product_cat-sitio-y-pagina-web","9":"product_tag-componentes-adecuados","10":"product_tag-instalacion-y-configuracion-del-plugin","11":"product_tag-personalizacion-del-cms","13":"first","14":"instock","15":"shipping-taxable","16":"product-type-external"},"composite_virtual":false,"composite_layout":"","composite_add_to_cart_form_location":"","composite_editable_in_cart":false,"composite_sold_individually_context":"","composite_shop_price_calc":"","composite_components":[],"composite_scenarios":[],"_links":{"self":[{"href":"https:\/\/www.lowcostwebagency.com\/es\/wp-json\/wp\/v2\/product\/41889","targetHints":{"allow":["GET"]}}],"collection":[{"href":"https:\/\/www.lowcostwebagency.com\/es\/wp-json\/wp\/v2\/product"}],"about":[{"href":"https:\/\/www.lowcostwebagency.com\/es\/wp-json\/wp\/v2\/types\/product"}],"wp:featuredmedia":[{"embeddable":true,"href":"https:\/\/www.lowcostwebagency.com\/es\/wp-json\/wp\/v2\/media\/41890"}],"wp:attachment":[{"href":"https:\/\/www.lowcostwebagency.com\/es\/wp-json\/wp\/v2\/media?parent=41889"}],"wp:term":[{"taxonomy":"product_brand","embeddable":true,"href":"https:\/\/www.lowcostwebagency.com\/es\/wp-json\/wp\/v2\/product_brand?post=41889"},{"taxonomy":"product_cat","embeddable":true,"href":"https:\/\/www.lowcostwebagency.com\/es\/wp-json\/wp\/v2\/product_cat?post=41889"},{"taxonomy":"product_tag","embeddable":true,"href":"https:\/\/www.lowcostwebagency.com\/es\/wp-json\/wp\/v2\/product_tag?post=41889"}],"curies":[{"name":"wp","href":"https:\/\/api.w.org\/{rel}","templated":true}]}}