{"id":41896,"date":"2016-10-27T11:27:46","date_gmt":"2021-08-04T04:51:30","guid":{"rendered":"http:\/\/lowcostwebagency.com\/product\/joomla-a-wordpress\/"},"modified":"2022-05-13T05:18:55","modified_gmt":"2022-05-13T05:18:55","slug":"joomla-a-wordpress","status":"publish","type":"product","link":"https:\/\/www.lowcostwebagency.com\/es\/joomla-a-wordpress\/","title":{"rendered":"Joomla a WordPress"},"content":{"rendered":"<h2 style=\"text-align: justify;\">Low Cost Web Agency convierte su sitio web Joomla en un sitio web WordPress<\/h2>\n<p style=\"text-align: justify;\">Si no quiere seguir trabajando con Joomla, nuestros<strong>talentosos desarrolladores<\/strong>convertir\u00e1n su sitio web en un sitio web de WordPress. S\u00f3lo tiene que indicarnos las p\u00e1ginas que necesita transferir y nosotros haremos el resto. Gracias a esta oferta, le proporcionaremos una copia perfecta de su sitio web inicial. No notar\u00e1 ning\u00fan cambio en su sitio web: s\u00f3lo se actualiza el CMS\u00a0utilizado.<\/p>\n<p style=\"text-align: justify;\">El precio del servicio se define en funci\u00f3n del n\u00famero de p\u00e1ginas que necesite transferir a WordPress y de la complejidad del dise\u00f1o. Por lo tanto, aseg\u00farese de que todas las p\u00e1ginas tienen todav\u00eda un uso o est\u00e1n actualizadas antes de adquirir nuestro servicio para convertir s\u00f3lo lo que necesita.<\/p>\n<p style=\"text-align: justify;\">Qu\u00e9 m\u00e1s, \u00a1compra ya!<\/p>\n","protected":false},"excerpt":{"rendered":"<p style=\"text-align: justify;\">Convierta su sitio web Joomla en un sitio web Wordpress<\/p>\n","protected":false},"featured_media":41897,"template":"","meta":{"_links_to":"","_links_to_target":""},"product_brand":[],"product_cat":[1381,1379,1380],"product_tag":[1393,1419,1418,1417],"class_list":{"0":"post-41896","1":"product","2":"type-product","3":"status-publish","4":"has-post-thumbnail","6":"product_cat-debugging","7":"product_cat-diseno-web","8":"product_cat-sitio-y-pagina-web","9":"product_tag-cms-es","10":"product_tag-desarrolladores-con-talento","11":"product_tag-joomla-es","12":"product_tag-wordpress-es","14":"first","15":"instock","16":"shipping-taxable","17":"product-type-external"},"composite_virtual":false,"composite_layout":"","composite_add_to_cart_form_location":"","composite_editable_in_cart":false,"composite_sold_individually_context":"","composite_shop_price_calc":"","composite_components":[],"composite_scenarios":[],"_links":{"self":[{"href":"https:\/\/www.lowcostwebagency.com\/es\/wp-json\/wp\/v2\/product\/41896","targetHints":{"allow":["GET"]}}],"collection":[{"href":"https:\/\/www.lowcostwebagency.com\/es\/wp-json\/wp\/v2\/product"}],"about":[{"href":"https:\/\/www.lowcostwebagency.com\/es\/wp-json\/wp\/v2\/types\/product"}],"wp:featuredmedia":[{"embeddable":true,"href":"https:\/\/www.lowcostwebagency.com\/es\/wp-json\/wp\/v2\/media\/41897"}],"wp:attachment":[{"href":"https:\/\/www.lowcostwebagency.com\/es\/wp-json\/wp\/v2\/media?parent=41896"}],"wp:term":[{"taxonomy":"product_brand","embeddable":true,"href":"https:\/\/www.lowcostwebagency.com\/es\/wp-json\/wp\/v2\/product_brand?post=41896"},{"taxonomy":"product_cat","embeddable":true,"href":"https:\/\/www.lowcostwebagency.com\/es\/wp-json\/wp\/v2\/product_cat?post=41896"},{"taxonomy":"product_tag","embeddable":true,"href":"https:\/\/www.lowcostwebagency.com\/es\/wp-json\/wp\/v2\/product_tag?post=41896"}],"curies":[{"name":"wp","href":"https:\/\/api.w.org\/{rel}","templated":true}]}}