{"id":41903,"date":"2016-10-27T11:28:15","date_gmt":"2021-08-04T04:53:44","guid":{"rendered":"http:\/\/lowcostwebagency.com\/product\/wordpress-a-joomla\/"},"modified":"2022-05-13T05:13:51","modified_gmt":"2022-05-13T05:13:51","slug":"wordpress-to-joomla-2","status":"publish","type":"product","link":"https:\/\/www.lowcostwebagency.com\/es\/wordpress-to-joomla-2\/","title":{"rendered":"WordPress a Joomla"},"content":{"rendered":"<h2 style=\"text-align: justify;\">Low Cost Web Agency convierte su sitio web WordPress a Joomla<\/h2>\n<h3 style=\"text-align: justify;\">Consiga que su sitio web se convierta \u00edntegramente en su nuevo sistema CMS<\/h3>\n<p style=\"text-align: justify;\">\u00a1Nuestro<strong>experto dise\u00f1ador<\/strong> lo crear\u00e1 para usted! S\u00f3lo tiene que informarnos sobre el sitio web que necesita transferir de WordPress y nosotros hacemos el resto. Esta oferta le proporciona una copia perfecta de su sitio web inicial. Nos aseguramos de que la copia del sitio web se ajuste a la inicial. S\u00f3lo se actualiza el <strong>CMS<\/strong>que se usa y luego se puede utilizar el nuevo sistema CMS.<\/p>\n<p style=\"text-align: justify;\">El precio del servicio se define en funci\u00f3n del n\u00famero de p\u00e1ginas y de la complejidad del dise\u00f1o de cada una de las p\u00e1ginas que desee transferir a Joomla.<\/p>\n<p style=\"text-align: justify;\">\u00a1Solicite presupuesto!<\/p>\n","protected":false},"excerpt":{"rendered":"<p style=\"text-align: justify;\">Hoy en d\u00eda, gracias a nuestro servicio, puede migrar de Wordpress a Joomla en un instante.<\/p>\n<p style=\"text-align: justify;\">Todo lo que necesita para transformar su sitio web de Wordpress a Joomla es Low Cost Web Agency.<\/p>\n","protected":false},"featured_media":41904,"template":"","meta":{"_links_to":"","_links_to_target":""},"product_brand":[],"product_cat":[1381,1379,1380],"product_tag":[1393,1418,1417],"class_list":{"0":"post-41903","1":"product","2":"type-product","3":"status-publish","4":"has-post-thumbnail","6":"product_cat-debugging","7":"product_cat-diseno-web","8":"product_cat-sitio-y-pagina-web","9":"product_tag-cms-es","10":"product_tag-joomla-es","11":"product_tag-wordpress-es","13":"first","14":"instock","15":"shipping-taxable","16":"product-type-external"},"composite_virtual":false,"composite_layout":"","composite_add_to_cart_form_location":"","composite_editable_in_cart":false,"composite_sold_individually_context":"","composite_shop_price_calc":"","composite_components":[],"composite_scenarios":[],"_links":{"self":[{"href":"https:\/\/www.lowcostwebagency.com\/es\/wp-json\/wp\/v2\/product\/41903","targetHints":{"allow":["GET"]}}],"collection":[{"href":"https:\/\/www.lowcostwebagency.com\/es\/wp-json\/wp\/v2\/product"}],"about":[{"href":"https:\/\/www.lowcostwebagency.com\/es\/wp-json\/wp\/v2\/types\/product"}],"wp:featuredmedia":[{"embeddable":true,"href":"https:\/\/www.lowcostwebagency.com\/es\/wp-json\/wp\/v2\/media\/41904"}],"wp:attachment":[{"href":"https:\/\/www.lowcostwebagency.com\/es\/wp-json\/wp\/v2\/media?parent=41903"}],"wp:term":[{"taxonomy":"product_brand","embeddable":true,"href":"https:\/\/www.lowcostwebagency.com\/es\/wp-json\/wp\/v2\/product_brand?post=41903"},{"taxonomy":"product_cat","embeddable":true,"href":"https:\/\/www.lowcostwebagency.com\/es\/wp-json\/wp\/v2\/product_cat?post=41903"},{"taxonomy":"product_tag","embeddable":true,"href":"https:\/\/www.lowcostwebagency.com\/es\/wp-json\/wp\/v2\/product_tag?post=41903"}],"curies":[{"name":"wp","href":"https:\/\/api.w.org\/{rel}","templated":true}]}}