{"id":41910,"date":"2016-10-27T11:28:59","date_gmt":"2021-08-04T04:55:16","guid":{"rendered":"http:\/\/lowcostwebagency.com\/product\/haga-su-sitio-web-adaptativo\/"},"modified":"2022-05-13T05:13:20","modified_gmt":"2022-05-13T05:13:20","slug":"website-adaptativa","status":"publish","type":"product","link":"https:\/\/www.lowcostwebagency.com\/es\/website-adaptativa\/","title":{"rendered":"Haga su sitio web adaptativo"},"content":{"rendered":"<h2 style=\"text-align: justify;\"><strong>Low Cost Web Agency transforma su sitio web en un sitio web adaptativo y compatible con los dispositivos m\u00f3viles a precios reducidos.<\/strong><\/h2>\n<h3 style=\"text-align: justify;\"><strong>Un sitio web adaptativo permite a sus visitantes visualizar cualquier p\u00e1gina de su sitio web en cualquier dispositivo<\/strong><\/h3>\n<p style=\"text-align: justify;\">Hoy en d\u00eda, el uso de tablets y smartphones para acceder a la web es muy com\u00fan. Por ejemplo, en algunas zonas del mundo, la gente consulta principalmente los sitios web a trav\u00e9s de sus tel\u00e9fonos m\u00f3viles. Los empresarios quieren que todos los visitantes de su sitio web disfruten de la <strong>mejor experiencia de cliente<\/strong>. Ser compatible con cualquier dispositivo y adaptarse al comportamiento de sus usuarios es la clave del \u00e9xito para difundir <strong>su imagen online y mejorar la visibilidad de su sitio web.<\/strong> Se considera que un sitio web es adaptativo cuando se muestra de forma diferente conforme al tama\u00f1o de la pantalla.<\/p>\n<h3 style=\"text-align: justify;\"><strong>Su sitio web ser\u00e1 accesible cualquiera que sea el dispositivo que se utilice.<\/strong><\/h3>\n<p style=\"text-align: justify;\">Low Cost Web Agency trabaja en el dise\u00f1o de su sitio web, optimizando las gr\u00e1ficas, los dise\u00f1os y las im\u00e1genes y mejorando sus consultas de medios CSS. Low Cost Web Agency construye solo <strong>sitios web adaptativos<\/strong>para sus clientes: Hoy en d\u00eda, \u00a1no es una opci\u00f3n! Google penaliza los sitios web en su ranking si no son adaptativos y compatibles con los dispositivos m\u00f3viles.<\/p>\n","protected":false},"excerpt":{"rendered":"<p style=\"text-align: justify;\">\u00a1Con Low Cost Web Agency, su sitio web se convierte en adaptativo gracias a la codificaci\u00f3n de nuestros <strong>dise\u00f1adores y desarrolladores profesionales<\/strong> a un <strong>precio muy econ\u00f3mico!<\/strong><\/p>\n","protected":false},"featured_media":41911,"template":"","meta":{"_links_to":"","_links_to_target":""},"product_brand":[],"product_cat":[1381,1379,1380],"product_tag":[1421,1422,1420],"class_list":{"0":"post-41910","1":"product","2":"type-product","3":"status-publish","4":"has-post-thumbnail","6":"product_cat-debugging","7":"product_cat-diseno-web","8":"product_cat-sitio-y-pagina-web","9":"product_tag-smartphones-es","10":"product_tag-tablets-es","11":"product_tag-website-adaptativa","13":"first","14":"instock","15":"shipping-taxable","16":"product-type-external"},"composite_virtual":false,"composite_layout":"","composite_add_to_cart_form_location":"","composite_editable_in_cart":false,"composite_sold_individually_context":"","composite_shop_price_calc":"","composite_components":[],"composite_scenarios":[],"_links":{"self":[{"href":"https:\/\/www.lowcostwebagency.com\/es\/wp-json\/wp\/v2\/product\/41910","targetHints":{"allow":["GET"]}}],"collection":[{"href":"https:\/\/www.lowcostwebagency.com\/es\/wp-json\/wp\/v2\/product"}],"about":[{"href":"https:\/\/www.lowcostwebagency.com\/es\/wp-json\/wp\/v2\/types\/product"}],"wp:featuredmedia":[{"embeddable":true,"href":"https:\/\/www.lowcostwebagency.com\/es\/wp-json\/wp\/v2\/media\/41911"}],"wp:attachment":[{"href":"https:\/\/www.lowcostwebagency.com\/es\/wp-json\/wp\/v2\/media?parent=41910"}],"wp:term":[{"taxonomy":"product_brand","embeddable":true,"href":"https:\/\/www.lowcostwebagency.com\/es\/wp-json\/wp\/v2\/product_brand?post=41910"},{"taxonomy":"product_cat","embeddable":true,"href":"https:\/\/www.lowcostwebagency.com\/es\/wp-json\/wp\/v2\/product_cat?post=41910"},{"taxonomy":"product_tag","embeddable":true,"href":"https:\/\/www.lowcostwebagency.com\/es\/wp-json\/wp\/v2\/product_tag?post=41910"}],"curies":[{"name":"wp","href":"https:\/\/api.w.org\/{rel}","templated":true}]}}