{"id":41917,"date":"2016-10-27T11:31:45","date_gmt":"2016-10-27T11:31:45","guid":{"rendered":"http:\/\/lowcostwebagency.com\/product\/actualizacion-de-website-de-joomla\/"},"modified":"2022-05-13T05:12:45","modified_gmt":"2022-05-13T05:12:45","slug":"actualizacion-joomla-website","status":"publish","type":"product","link":"https:\/\/www.lowcostwebagency.com\/es\/actualizacion-joomla-website\/","title":{"rendered":"Actualizaci\u00f3n de website de Joomla"},"content":{"rendered":"<h2 style=\"text-align: justify;\">Mantenga su sitio web CMS actualizado y obtenga la mejor protecci\u00f3n de seguridad<\/h2>\n<h3 style=\"text-align: justify;\">Una nueva versi\u00f3n del CMS le ofrece nuevas funcionalidades, \u00a1no se las pierda!<\/h3>\n<p style=\"text-align: justify;\">Es un componente cr\u00edtico y la gente no siempre sabe que las actualizaciones recurrentes de Joomla son necesarias para disfrutar de la experiencia completa de Joomla. El rendimiento de su sitio web puede verse afectado si no procede a una actualizaci\u00f3n peri\u00f3dica. No actualizar su sitio web, Joomla crear\u00e1 al final un mayor coste cuando quiera actualizar su sitio web. \u00a1Por lo tanto, siempre es mejor actualizar regularmente su sitio web Joomla!<\/p>\n<p style=\"text-align: justify;\">Con este servicio, Low Cost Web Agency se encargar\u00e1 de que su sitio web funcione con la \u00faltima versi\u00f3n de Joomla. De hecho, al igual que otros CMS, el equipo de Joomla est\u00e1 trabajando continuamente en la mejora de la plataforma para proporcionar a los usuarios de su sitio web la mejor protecci\u00f3n contra los hackers. Las soluciones se implementan para cada nueva versi\u00f3n. Cada actualizaci\u00f3n puede ser mayor o menor, lo que le garantiza que su sitio web Joomla est\u00e1 correctamente protegido de los ataques de los hackers. Adem\u00e1s, la actualizaci\u00f3n de Joomla le permitir\u00e1 disfrutar de muchas nuevas funcionalidades interesantes para mejorar su sitio web Joomla.<\/p>\n<p style=\"text-align: justify;\">\u00a1Seg\u00fan el n\u00famero de actualizaciones que omita, el n\u00famero de plugins que tiene dentro de su plataforma Joomla y el nivel de personalizaci\u00f3n activo en su sitio web actual, estimaremos el tiempo necesario para la actualizaci\u00f3n de su sitio web Joomla y le daremos el mejor presupuesto que podemos ofrecer!<\/p>\n<p style=\"text-align: justify;\">Qu\u00e9 m\u00e1s, \u00a1compra ya!<\/p>\n","protected":false},"excerpt":{"rendered":"<p style=\"text-align: justify;\">\u00a1Todo lo que necesita est\u00e1 en Low Cost Web Agency! \u00a1Con nosotros, su sitio web Joomla es actualizado por un desarrollador <strong>profesional<\/strong>a un <strong>precio muy bajo!<\/strong><\/p>\n","protected":false},"featured_media":41918,"template":"","meta":{"_links_to":"","_links_to_target":""},"product_brand":[],"product_cat":[1379,1381,1380],"product_tag":[1393,1423,1425,1418,1424],"class_list":{"0":"post-41917","1":"product","2":"type-product","3":"status-publish","4":"has-post-thumbnail","6":"product_cat-diseno-web","7":"product_cat-debugging","8":"product_cat-sitio-y-pagina-web","9":"product_tag-cms-es","10":"product_tag-codificacion","11":"product_tag-desarrollo-del-sitio-web","12":"product_tag-joomla-es","13":"product_tag-personalizacion-del-sitio-web","15":"first","16":"instock","17":"shipping-taxable","18":"product-type-external"},"composite_virtual":false,"composite_layout":"","composite_add_to_cart_form_location":"","composite_editable_in_cart":false,"composite_sold_individually_context":"","composite_shop_price_calc":"","composite_components":[],"composite_scenarios":[],"_links":{"self":[{"href":"https:\/\/www.lowcostwebagency.com\/es\/wp-json\/wp\/v2\/product\/41917","targetHints":{"allow":["GET"]}}],"collection":[{"href":"https:\/\/www.lowcostwebagency.com\/es\/wp-json\/wp\/v2\/product"}],"about":[{"href":"https:\/\/www.lowcostwebagency.com\/es\/wp-json\/wp\/v2\/types\/product"}],"wp:featuredmedia":[{"embeddable":true,"href":"https:\/\/www.lowcostwebagency.com\/es\/wp-json\/wp\/v2\/media\/41918"}],"wp:attachment":[{"href":"https:\/\/www.lowcostwebagency.com\/es\/wp-json\/wp\/v2\/media?parent=41917"}],"wp:term":[{"taxonomy":"product_brand","embeddable":true,"href":"https:\/\/www.lowcostwebagency.com\/es\/wp-json\/wp\/v2\/product_brand?post=41917"},{"taxonomy":"product_cat","embeddable":true,"href":"https:\/\/www.lowcostwebagency.com\/es\/wp-json\/wp\/v2\/product_cat?post=41917"},{"taxonomy":"product_tag","embeddable":true,"href":"https:\/\/www.lowcostwebagency.com\/es\/wp-json\/wp\/v2\/product_tag?post=41917"}],"curies":[{"name":"wp","href":"https:\/\/api.w.org\/{rel}","templated":true}]}}