{"id":41962,"date":"2021-08-04T05:19:38","date_gmt":"2021-08-04T05:19:38","guid":{"rendered":"http:\/\/lowcostwebagency.com\/product\/portal-website\/"},"modified":"2022-05-13T04:43:45","modified_gmt":"2022-05-13T04:43:45","slug":"portal-website","status":"publish","type":"product","link":"https:\/\/www.lowcostwebagency.com\/es\/portal-website\/","title":{"rendered":"Portal Website"},"content":{"rendered":"<h2 style=\"text-align: justify;\"><strong>Low Cost Web Agency crea su portal web profesional aunque tenga un presupuesto reducido<\/strong><\/h2>\n<h3 style=\"text-align: justify;\"><strong>Recoge y presenta muy bien la informaci\u00f3n en un \u00fanico portal web<\/strong><\/h3>\n<p style=\"text-align: justify;\">Un portal es, en definitiva, un website con el objetivo de dar mucho contenido e informaci\u00f3n estructurada a sus visitantes. Muestra art\u00edculos y posts ilustrados con im\u00e1genes. La presentaci\u00f3n es<strong>actual<\/strong> y <strong>din\u00e1mica.<\/strong><\/p>\n<p style=\"text-align: justify;\">La mayor\u00eda de las veces, las noticias principales y actuales se recogen en la p\u00e1gina de inicio con una breve descripci\u00f3n. Al hacer clic en el t\u00edtulo, el lector obtiene el art\u00edculo completo y puede disfrutar de la lectura. Proporcione a su lector la<strong>mejor experiencia<\/strong> con un<strong>portal actual y creativo&#8230;<\/strong><\/p>\n<h3 style=\"text-align: justify;\">Todo es sencillo con Low Cost Web Agency<\/h3>\n<p style=\"text-align: justify;\">Somos vers\u00e1tiles para satisfacer a nuestros clientes. La finalidad de un portal web es ser flexible y accesible. Con Low Cost Web Agency se obtiene <strong>una experiencia de alto nivel<\/strong>a la vez que se consigue un i<strong>mportante ahorro.<\/strong><\/p>\n<p style=\"text-align: justify;\"><u>Por favor, consulte nuestra gu\u00eda de ofertas de sitios web a continuaci\u00f3n<\/u> para conocer m\u00e1s sobre nuestros productos de dise\u00f1o de website y comparar los diferentes tipos de website que Low Cost Web Agency ofrece a sus clientes.<\/p>\n<p style=\"text-align: justify;\">\u00a1Es f\u00e1cil, es barato, es Low Cost Web Agency!<\/p>\n<div class=\"fusion-fullwidth fullwidth-box fusion-builder-row-1 fusion-flex-container hundred-percent-fullwidth non-hundred-percent-height-scrolling\" style=\"--awb-border-radius-top-left:0px;--awb-border-radius-top-right:0px;--awb-border-radius-bottom-right:0px;--awb-border-radius-bottom-left:0px;--awb-overflow:visible;--awb-flex-wrap:wrap;\" ><div class=\"fusion-builder-row fusion-row fusion-flex-align-items-flex-start fusion-flex-content-wrap\" style=\"width:calc( 100% + 0px ) !important;max-width:calc( 100% + 0px ) !important;margin-left: calc(-0px \/ 2 );margin-right: calc(-0px \/ 2 );\"><div class=\"fusion-layout-column fusion_builder_column fusion-builder-column-0 fusion_builder_column_1_1 1_1 fusion-flex-column fusion-flex-align-self-flex-start fusion-column-no-min-height\" style=\"--awb-bg-size:cover;--awb-width-large:100%;--awb-margin-top-large:0px;--awb-spacing-right-large:0px;--awb-margin-bottom-large:0px;--awb-spacing-left-large:0px;--awb-width-medium:100%;--awb-spacing-right-medium:0px;--awb-spacing-left-medium:0px;--awb-width-small:100%;--awb-spacing-right-small:0px;--awb-spacing-left-small:0px;\"><div class=\"fusion-column-wrapper fusion-flex-justify-content-flex-start fusion-content-layout-column\">\n<table id=\"tablepress-27\" class=\"tablepress tablepress-id-27\">\n<thead>\n<tr class=\"row-1\">\n\t<th class=\"column-1\">CARACTER\u00cdSTICAS<\/th><th class=\"column-2\">B\u00c1SICA<\/th><th class=\"column-3\">NEGOCIO<\/th><th class=\"column-4\">PROFESIONAL<\/th><th class=\"column-5\">SERVIDORA<\/th>\n<\/tr>\n<\/thead>\n<tbody class=\"row-striping row-hover\">\n<tr class=\"row-2\">\n\t<td class=\"column-1\">Sitios web<\/td><td class=\"column-2\">1<\/td><td class=\"column-3\">Hasta 12<\/td><td class=\"column-4\">Hasta 25<\/td><td class=\"column-5\">Hasta 50<\/td>\n<\/tr>\n<tr class=\"row-3\">\n\t<td class=\"column-1\">Bases de datos<\/td><td class=\"column-2\">Ilimitada<\/td><td class=\"column-3\">Ilimitada<\/td><td class=\"column-4\">Ilimitada<\/td><td class=\"column-5\">Ilimitada<\/td>\n<\/tr>\n<tr class=\"row-4\">\n\t<td class=\"column-1\">Almacenamiento<\/td><td class=\"column-2\">5 GB \/ sitio<\/td><td class=\"column-3\">50 GB \/ sitio<\/td><td class=\"column-4\">125 GB \/ sitio<\/td><td class=\"column-5\">250 GB \/ sitio<\/td>\n<\/tr>\n<tr class=\"row-5\">\n\t<td class=\"column-1\">Retenci\u00f3n de respaldo<\/td><td class=\"column-2\">30 d\u00edas, 60 d\u00edas, 90 d\u00edas o infinito<\/td><td class=\"column-3\">30 d\u00edas, 60 d\u00edas, 90 d\u00edas o infinito<\/td><td class=\"column-4\">30 d\u00edas, 60 d\u00edas, 90 d\u00edas o infinito<\/td><td class=\"column-5\">30 d\u00edas, 60 d\u00edas, 90 d\u00edas o infinito<\/td>\n<\/tr>\n<tr class=\"row-6\">\n\t<td class=\"column-1\"><b> Plataformas compatibles <\/b><\/td><td class=\"column-2\"><\/td><td class=\"column-3\"><\/td><td class=\"column-4\"><\/td><td class=\"column-5\"><\/td>\n<\/tr>\n<tr class=\"row-7\">\n\t<td class=\"column-1\">FTP \/ SFTP<\/td><td class=\"column-2\">\u2713<\/td><td class=\"column-3\">\u2713<\/td><td class=\"column-4\">\u2713<\/td><td class=\"column-5\">\u2713<\/td>\n<\/tr>\n<tr class=\"row-8\">\n\t<td class=\"column-1\">MySQL directo \/ SSH<\/td><td class=\"column-2\">\u2713<\/td><td class=\"column-3\">\u2713<\/td><td class=\"column-4\">\u2713<\/td><td class=\"column-5\">\u2713<\/td>\n<\/tr>\n<tr class=\"row-9\">\n\t<td class=\"column-1\">Complemento de Wordpress<\/td><td class=\"column-2\">\u2713<\/td><td class=\"column-3\">\u2713<\/td><td class=\"column-4\">\u2713<\/td><td class=\"column-5\">\u2713<\/td>\n<\/tr>\n<tr class=\"row-10\">\n\t<td class=\"column-1\">Microsoft SQL Server<\/td><td class=\"column-2\"><\/td><td class=\"column-3\">\u2713<\/td><td class=\"column-4\">\u2713<\/td><td class=\"column-5\">\u2713<\/td>\n<\/tr>\n<tr class=\"row-11\">\n\t<td class=\"column-1\"><b> Copia de seguridad <\/b><\/td><td class=\"column-2\"><\/td><td class=\"column-3\"><\/td><td class=\"column-4\"><\/td><td class=\"column-5\"><\/td>\n<\/tr>\n<tr class=\"row-12\">\n\t<td class=\"column-1\">Diaria autom\u00e1tica<\/td><td class=\"column-2\">\u2713<\/td><td class=\"column-3\">\u2713<\/td><td class=\"column-4\">\u2713<\/td><td class=\"column-5\">\u2713<\/td>\n<\/tr>\n<tr class=\"row-13\">\n\t<td class=\"column-1\">Bajo demanda<\/td><td class=\"column-2\"><\/td><td class=\"column-3\">\u2713<\/td><td class=\"column-4\">\u2713<\/td><td class=\"column-5\">\u2713<\/td>\n<\/tr>\n<tr class=\"row-14\">\n\t<td class=\"column-1\">Cola de prioridad<\/td><td class=\"column-2\"><\/td><td class=\"column-3\">\u2713<\/td><td class=\"column-4\">\u2713<\/td><td class=\"column-5\">\u2713<\/td>\n<\/tr>\n<tr class=\"row-15\">\n\t<td class=\"column-1\"><b> Supervisi\u00f3n <\/b><\/td><td class=\"column-2\"><\/td><td class=\"column-3\"><\/td><td class=\"column-4\"><\/td><td class=\"column-5\"><\/td>\n<\/tr>\n<tr class=\"row-16\">\n\t<td class=\"column-1\">Monitoreo diario de cambios en el sitio<\/td><td class=\"column-2\">\u2713<\/td><td class=\"column-3\">\u2713<\/td><td class=\"column-4\">\u2713<\/td><td class=\"column-5\">\u2713<\/td>\n<\/tr>\n<tr class=\"row-17\">\n\t<td class=\"column-1\">Cambiar notificaciones de alerta<\/td><td class=\"column-2\">\u2713<\/td><td class=\"column-3\">\u2713<\/td><td class=\"column-4\">\u2713<\/td><td class=\"column-5\">\u2713<\/td>\n<\/tr>\n<tr class=\"row-18\">\n\t<td class=\"column-1\">Filtrado de notificaciones personalizado<\/td><td class=\"column-2\">\u2713<\/td><td class=\"column-3\">\u2713<\/td><td class=\"column-4\">\u2713<\/td><td class=\"column-5\">\u2713<\/td>\n<\/tr>\n<tr class=\"row-19\">\n\t<td class=\"column-1\"><b> Restaurar \/ Deshacer <\/b><\/td><td class=\"column-2\"><\/td><td class=\"column-3\"><\/td><td class=\"column-4\"><\/td><td class=\"column-5\"><\/td>\n<\/tr>\n<tr class=\"row-20\">\n\t<td class=\"column-1\">Cremalleras descargables<\/td><td class=\"column-2\">\u2713<\/td><td class=\"column-3\">\u2713<\/td><td class=\"column-4\">\u2713<\/td><td class=\"column-5\">\u2713<\/td>\n<\/tr>\n<tr class=\"row-21\">\n\t<td class=\"column-1\">Restauraci\u00f3n con un clic<\/td><td class=\"column-2\">\u2713<\/td><td class=\"column-3\">\u2713<\/td><td class=\"column-4\">\u2713<\/td><td class=\"column-5\">\u2713<\/td>\n<\/tr>\n<tr class=\"row-22\">\n\t<td class=\"column-1\">Restauraci\u00f3n de conserjer\u00eda<\/td><td class=\"column-2\"><\/td><td class=\"column-3\"><\/td><td class=\"column-4\"><\/td><td class=\"column-5\">\u2713<\/td>\n<\/tr>\n<tr class=\"row-23\">\n\t<td class=\"column-1\">Cola de prioridad<\/td><td class=\"column-2\"><\/td><td class=\"column-3\">\u2713<\/td><td class=\"column-4\">\u2713<\/td><td class=\"column-5\">\u2713<\/td>\n<\/tr>\n<tr class=\"row-24\">\n\t<td class=\"column-1\">Restaurar prueba<\/td><td class=\"column-2\">\u2713<\/td><td class=\"column-3\">\u2713<\/td><td class=\"column-4\">\u2713<\/td><td class=\"column-5\">\u2713<\/td>\n<\/tr>\n<tr class=\"row-25\">\n\t<td class=\"column-1\">Software malicioso<\/td><td class=\"column-2\"><\/td><td class=\"column-3\"><\/td><td class=\"column-4\"><\/td><td class=\"column-5\"><\/td>\n<\/tr>\n<tr class=\"row-26\">\n\t<td class=\"column-1\">Escaneo de vulnerabilidades<\/td><td class=\"column-2\"><\/td><td class=\"column-3\">\u2713<\/td><td class=\"column-4\">\u2713<\/td><td class=\"column-5\">\u2713<\/td>\n<\/tr>\n<tr class=\"row-27\">\n\t<td class=\"column-1\">Correcci\u00f3n de MalwareGone \u2122<\/td><td class=\"column-2\"><\/td><td class=\"column-3\">\u2713<\/td><td class=\"column-4\">\u2713<\/td><td class=\"column-5\">\u2713<\/td>\n<\/tr>\n<tr class=\"row-28\">\n\t<td class=\"column-1\"><b> Acceso de cliente \/ empleado <\/b><\/td><td class=\"column-2\"><\/td><td class=\"column-3\"><\/td><td class=\"column-4\"><\/td><td class=\"column-5\"><\/td>\n<\/tr>\n<tr class=\"row-29\">\n\t<td class=\"column-1\">Subdominios personalizados<\/td><td class=\"column-2\"><\/td><td class=\"column-3\">\u2713<\/td><td class=\"column-4\">\u2713<\/td><td class=\"column-5\">\u2713<\/td>\n<\/tr>\n<tr class=\"row-30\">\n\t<td class=\"column-1\">Asignaci\u00f3n de roles<\/td><td class=\"column-2\"><\/td><td class=\"column-3\">\u2713<\/td><td class=\"column-4\">\u2713<\/td><td class=\"column-5\">\u2713<\/td>\n<\/tr>\n<tr class=\"row-31\">\n\t<td class=\"column-1\"><b> Informes <\/b><\/td><td class=\"column-2\"><\/td><td class=\"column-3\"><\/td><td class=\"column-4\"><\/td><td class=\"column-5\"><\/td>\n<\/tr>\n<tr class=\"row-32\">\n\t<td class=\"column-1\">Seguimiento inicial de copia de seguridad \/ activaci\u00f3n<\/td><td class=\"column-2\">\u2713<\/td><td class=\"column-3\">\u2713<\/td><td class=\"column-4\">\u2713<\/td><td class=\"column-5\">\u2713<\/td>\n<\/tr>\n<tr class=\"row-33\">\n\t<td class=\"column-1\">Seguimiento diario de copias de seguridad<\/td><td class=\"column-2\">\u2713<\/td><td class=\"column-3\">\u2713<\/td><td class=\"column-4\">\u2713<\/td><td class=\"column-5\">\u2713<\/td>\n<\/tr>\n<tr class=\"row-34\">\n\t<td class=\"column-1\"><b> Seguridad <\/b><\/td><td class=\"column-2\"><\/td><td class=\"column-3\"><\/td><td class=\"column-4\"><\/td><td class=\"column-5\"><\/td>\n<\/tr>\n<tr class=\"row-35\">\n\t<td class=\"column-1\">Autenticaci\u00f3n de dos factores<\/td><td class=\"column-2\">\u2713<\/td><td class=\"column-3\">\u2713<\/td><td class=\"column-4\">\u2713<\/td><td class=\"column-5\">\u2713<\/td>\n<\/tr>\n<tr class=\"row-36\">\n\t<td class=\"column-1\">Registro de IP<\/td><td class=\"column-2\"><\/td><td class=\"column-3\">\u2713<\/td><td class=\"column-4\">\u2713<\/td><td class=\"column-5\">\u2713<\/td>\n<\/tr>\n<tr class=\"row-37\">\n\t<td class=\"column-1\"><b> Mantenimiento del sitio web <\/b><\/td><td class=\"column-2\"><\/td><td class=\"column-3\"><\/td><td class=\"column-4\"><\/td><td class=\"column-5\"><\/td>\n<\/tr>\n<tr class=\"row-38\">\n\t<td class=\"column-1\">Actualizaciones del complemento de WordPress<\/td><td class=\"column-2\"><\/td><td class=\"column-3\">\u2713<\/td><td class=\"column-4\">\u2713<\/td><td class=\"column-5\">\u2713<\/td>\n<\/tr>\n<tr class=\"row-39\">\n\t<td class=\"column-1\">Apoyo<\/td><td class=\"column-2\">\u2713<\/td><td class=\"column-3\">\u2713<\/td><td class=\"column-4\">\u2713<\/td><td class=\"column-5\">\u2713<\/td>\n<\/tr>\n<tr class=\"row-40\">\n\t<td class=\"column-1\">Base de conocimientos<\/td><td class=\"column-2\">\u2713<\/td><td class=\"column-3\">\u2713<\/td><td class=\"column-4\">\u2713<\/td><td class=\"column-5\">\u2713<\/td>\n<\/tr>\n<tr class=\"row-41\">\n\t<td class=\"column-1\">Soporte de correo electr\u00f3nico<\/td><td class=\"column-2\">\u2713<\/td><td class=\"column-3\">\u2713<\/td><td class=\"column-4\">\u2713<\/td><td class=\"column-5\">\u2713<\/td>\n<\/tr>\n<tr class=\"row-42\">\n\t<td class=\"column-1\">Soporte de mensajes instant\u00e1neos<\/td><td class=\"column-2\"><\/td><td class=\"column-3\">\u2713<\/td><td class=\"column-4\">\u2713<\/td><td class=\"column-5\">\u2713<\/td>\n<\/tr>\n<\/tbody>\n<\/table>\n<!-- #tablepress-27 from cache --><\/div><\/div><\/div><\/div>\n","protected":false},"excerpt":{"rendered":"<p style=\"text-align: justify;\">Un portal web responde a algunas necesidades espec\u00edficas de comunicaci\u00f3n. Se puede utilizar a diferentes niveles. Nos gusta ayudar a nuestros clientes a que comprendan plenamente nuestras diferentes soluciones de website para que puedan elegir la que m\u00e1s les convenga.<\/p>\n<p style=\"text-align: justify;\">Primero tiene que identificar sus necesidades de marketing y decidir cu\u00e1l es la mejor oferta seg\u00fan sus objetivos de comunicaci\u00f3n y su presupuesto.<\/p>\n<p style=\"text-align: justify;\">Un Portal web es un website construido espec\u00edficamente para albergar una gran cantidad de p\u00e1ginas, secciones y categor\u00edas de acuerdo con la gran relevancia de las noticias diarias mostradas en la propia p\u00e1gina de inicio. Como ejemplo, una revista en l\u00ednea podr\u00eda utilizar un website de Portal.<\/p>\n<p style=\"text-align: justify;\">Del mismo modo, un portal web podr\u00eda utilizarse para una website corporativa con mucho contenido.<\/p>\n","protected":false},"featured_media":41963,"template":"","meta":{"_links_to":"","_links_to_target":""},"product_brand":[],"product_cat":[1379,1380,1437],"product_tag":[1429,1431,1430,1440,1412,1439,1428,1438],"class_list":{"0":"post-41962","1":"product","2":"type-product","3":"status-publish","4":"has-post-thumbnail","6":"product_cat-diseno-web","7":"product_cat-sitio-y-pagina-web","8":"product_cat-wordpress-joomla-drupal-cms-website","9":"product_tag-btb-es","10":"product_tag-btbtc-es","11":"product_tag-btc-es","12":"product_tag-ecommerce-es","13":"product_tag-ecommerce-website-es","14":"product_tag-portal-creativo","15":"product_tag-website-de-alto-nivel","16":"product_tag-website-portal-unico","17":"product_shipping_class-website-corporativo","19":"first","20":"instock","21":"shipping-taxable","22":"purchasable","23":"product-type-composite"},"composite_virtual":false,"composite_layout":"paged","composite_add_to_cart_form_location":"default","composite_editable_in_cart":false,"composite_sold_individually_context":"product","composite_shop_price_calc":"min_max","composite_components":[{"id":"1503037908","title":"Dominio","description":"","query_type":"product_ids","query_ids":[27889],"default_option_id":43272,"thumbnail_id":"","thumbnail_src":"","quantity_min":1,"quantity_max":1,"priced_individually":false,"shipped_individually":false,"optional":false,"discount":"","options_style":"dropdowns","pagination_style":"classic","display_prices":"absolute","show_sorting_options":false,"show_filtering_options":false,"attribute_filter_ids":[],"select_action":"view","product_title_visible":true,"product_descr_visible":true,"product_price_visible":true,"product_thumb_visible":true,"subtotal_visible_product":true,"subtotal_visible_cart":true,"subtotal_visible_orders":true},{"id":"1483511389","title":"Hosting","description":"","query_type":"product_ids","query_ids":[27894],"default_option_id":43273,"thumbnail_id":"","thumbnail_src":"","quantity_min":1,"quantity_max":1,"priced_individually":false,"shipped_individually":false,"optional":false,"discount":"","options_style":"dropdowns","pagination_style":"classic","display_prices":"absolute","show_sorting_options":false,"show_filtering_options":false,"attribute_filter_ids":[],"select_action":"view","product_title_visible":true,"product_descr_visible":true,"product_price_visible":true,"product_thumb_visible":true,"subtotal_visible_product":true,"subtotal_visible_cart":true,"subtotal_visible_orders":true},{"id":"1503317432","title":"IP espec\u00edfica","description":"","query_type":"product_ids","query_ids":[29369],"default_option_id":43268,"thumbnail_id":"","thumbnail_src":"","quantity_min":1,"quantity_max":1,"priced_individually":false,"shipped_individually":false,"optional":false,"discount":"","options_style":"dropdowns","pagination_style":"classic","display_prices":"absolute","show_sorting_options":false,"show_filtering_options":false,"attribute_filter_ids":[],"select_action":"view","product_title_visible":true,"product_descr_visible":true,"product_price_visible":true,"product_thumb_visible":true,"subtotal_visible_product":true,"subtotal_visible_cart":true,"subtotal_visible_orders":true},{"id":"1483511390","title":"SSL","description":"","query_type":"product_ids","query_ids":[27924],"default_option_id":43275,"thumbnail_id":"","thumbnail_src":"","quantity_min":1,"quantity_max":1,"priced_individually":false,"shipped_individually":false,"optional":false,"discount":"","options_style":"dropdowns","pagination_style":"classic","display_prices":"absolute","show_sorting_options":false,"show_filtering_options":false,"attribute_filter_ids":[],"select_action":"view","product_title_visible":true,"product_descr_visible":true,"product_price_visible":true,"product_thumb_visible":true,"subtotal_visible_product":true,"subtotal_visible_cart":true,"subtotal_visible_orders":true},{"id":"1483511391","title":"Acceso Cpanel","description":"","query_type":"product_ids","query_ids":[29372],"default_option_id":43267,"thumbnail_id":"","thumbnail_src":"","quantity_min":1,"quantity_max":1,"priced_individually":false,"shipped_individually":false,"optional":false,"discount":"","options_style":"dropdowns","pagination_style":"classic","display_prices":"absolute","show_sorting_options":false,"show_filtering_options":false,"attribute_filter_ids":[],"select_action":"view","product_title_visible":true,"product_descr_visible":true,"product_price_visible":true,"product_thumb_visible":true,"subtotal_visible_product":true,"subtotal_visible_cart":true,"subtotal_visible_orders":true},{"id":"1503317561","title":"Logo","description":"","query_type":"product_ids","query_ids":[19763],"default_option_id":43349,"thumbnail_id":"","thumbnail_src":"","quantity_min":1,"quantity_max":1,"priced_individually":false,"shipped_individually":false,"optional":false,"discount":"","options_style":"dropdowns","pagination_style":"classic","display_prices":"absolute","show_sorting_options":false,"show_filtering_options":false,"attribute_filter_ids":[],"select_action":"view","product_title_visible":true,"product_descr_visible":true,"product_price_visible":true,"product_thumb_visible":true,"subtotal_visible_product":true,"subtotal_visible_cart":true,"subtotal_visible_orders":true},{"id":"1503317562","title":"Retirar cr\u00e9ditos","description":"","query_type":"product_ids","query_ids":[27928],"default_option_id":43278,"thumbnail_id":"","thumbnail_src":"","quantity_min":1,"quantity_max":1,"priced_individually":false,"shipped_individually":false,"optional":false,"discount":"","options_style":"dropdowns","pagination_style":"classic","display_prices":"absolute","show_sorting_options":false,"show_filtering_options":false,"attribute_filter_ids":[],"select_action":"view","product_title_visible":true,"product_descr_visible":true,"product_price_visible":true,"product_thumb_visible":true,"subtotal_visible_product":true,"subtotal_visible_cart":true,"subtotal_visible_orders":true},{"id":"1503317435","title":"1 a\u00f1o de garant\u00eda","description":"","query_type":"product_ids","query_ids":[29378],"default_option_id":43266,"thumbnail_id":"","thumbnail_src":"","quantity_min":1,"quantity_max":1,"priced_individually":false,"shipped_individually":false,"optional":false,"discount":"","options_style":"dropdowns","pagination_style":"classic","display_prices":"absolute","show_sorting_options":false,"show_filtering_options":false,"attribute_filter_ids":[],"select_action":"view","product_title_visible":true,"product_descr_visible":true,"product_price_visible":true,"product_thumb_visible":true,"subtotal_visible_product":true,"subtotal_visible_cart":true,"subtotal_visible_orders":true}],"composite_scenarios":[{"id":"1503380151","name":"1","description":"","configuration":[{"component_id":"1503037908","options_modifier":"any"},{"component_id":"1483511389","options_modifier":"any"},{"component_id":"1503317432","options_modifier":"any"},{"component_id":"1483511390","options_modifier":"any"},{"component_id":"1483511391","options_modifier":"any"},{"component_id":"1503317561","options_modifier":"any"},{"component_id":"1503317562","options_modifier":"any"},{"component_id":"1503317435","options_modifier":"any"}],"actions":[{"action_id":"compat_group","is_active":true},{"action_id":"conditional_components","is_active":false,"hidden_components":[]}],"enabled":true},{"id":"1503380305","name":"2","description":"","configuration":[{"component_id":"1503037908","options_modifier":"any"},{"component_id":"1483511389","options_modifier":"any"},{"component_id":"1503317432","options_modifier":"any"},{"component_id":"1483511390","options_modifier":"any"},{"component_id":"1483511391","options_modifier":"any"},{"component_id":"1503317561","options_modifier":"any"},{"component_id":"1503317562","options_modifier":"any"},{"component_id":"1503317435","options_modifier":"any"}],"actions":[{"action_id":"compat_group","is_active":true},{"action_id":"conditional_components","is_active":false,"hidden_components":[]}],"enabled":true}],"_links":{"self":[{"href":"https:\/\/www.lowcostwebagency.com\/es\/wp-json\/wp\/v2\/product\/41962","targetHints":{"allow":["GET"]}}],"collection":[{"href":"https:\/\/www.lowcostwebagency.com\/es\/wp-json\/wp\/v2\/product"}],"about":[{"href":"https:\/\/www.lowcostwebagency.com\/es\/wp-json\/wp\/v2\/types\/product"}],"wp:featuredmedia":[{"embeddable":true,"href":"https:\/\/www.lowcostwebagency.com\/es\/wp-json\/wp\/v2\/media\/41963"}],"wp:attachment":[{"href":"https:\/\/www.lowcostwebagency.com\/es\/wp-json\/wp\/v2\/media?parent=41962"}],"wp:term":[{"taxonomy":"product_brand","embeddable":true,"href":"https:\/\/www.lowcostwebagency.com\/es\/wp-json\/wp\/v2\/product_brand?post=41962"},{"taxonomy":"product_cat","embeddable":true,"href":"https:\/\/www.lowcostwebagency.com\/es\/wp-json\/wp\/v2\/product_cat?post=41962"},{"taxonomy":"product_tag","embeddable":true,"href":"https:\/\/www.lowcostwebagency.com\/es\/wp-json\/wp\/v2\/product_tag?post=41962"}],"curies":[{"name":"wp","href":"https:\/\/api.w.org\/{rel}","templated":true}]}}