{"id":42207,"date":"2017-09-27T10:38:52","date_gmt":"2021-08-04T16:16:18","guid":{"rendered":"http:\/\/lowcostwebagency.com\/product\/suite-crm\/"},"modified":"2022-05-13T05:01:13","modified_gmt":"2022-05-13T05:01:13","slug":"suite-crm-2","status":"publish","type":"product","link":"https:\/\/www.lowcostwebagency.com\/es\/suite-crm-2\/","title":{"rendered":"Suite CRM"},"content":{"rendered":"<h2>Low Cost Web Agency integra su nuevo CRM en su entorno<\/h2>\n<h3>Suite CRM optimiza la gesti\u00f3n de sus principales funciones y \u00a1es gratuito!<\/h3>\n<p style=\"text-align: justify;\">Al igual que las dem\u00e1s soluciones ofrecidas en nuestro <strong>supermercado digital<\/strong>, Suite CRM es una soluci\u00f3n de c\u00f3digo abierto. Es equivalente a otros CRM muy conocidos como Salesforce, pero su principal ventaja es que es una herramienta muy potente y completamente gratuita, mientras que muchos otros CRM del mercado son muy caros. La herramienta le proporciona todas las actividades estrat\u00e9gicas necesarias que un CRM debe ofrecer para ser completo: Cuentas, Contactos, Oportunidades, Presupuestos, Calendario, Casos, Documentos, Correos electr\u00f3nicos, Campa\u00f1as, Llamadas, Reuniones, Tareas, Notas, Productos, Contratos, Generador de informes de la base de conocimientos, M\u00f3vil, Integraci\u00f3n con Outlook, Flujo de trabajo, Proyectos, Facturas, Eventos, Mapas, Plugin de Thunderbird, Portal.<\/p>\n<h3>Nos tomamos en serio el ahorro aut\u00e9ntico&#8230;<\/h3>\n<p style=\"text-align: justify;\">Queremos facilitarle el proceso de toma de decisiones ofreci\u00e9ndole los productos adecuados a sus necesidades. Low Cost Web Agency se preocupa por la construcci\u00f3n de una relaci\u00f3n a largo plazo con usted basada en la confianza. De este modo, le ayudamos a tomar las mejores decisiones y a ahorrar para su organizaci\u00f3n.<\/p>\n<p style=\"text-align: justify;\">Forme parte de nuestra comunidad de clientes y benef\u00edciese.<\/p>\n","protected":false},"excerpt":{"rendered":"<p style=\"text-align: justify;\">Aproveche la <strong>experiencia<\/strong> de Suite CRM. Low Cost Web Agency le facilita su configuraci\u00f3n y uso.<\/p>\n<p style=\"text-align: justify;\">Queremos facilitarle el proceso de toma de decisiones ofreci\u00e9ndole los productos adecuados a sus necesidades. Low Cost Web Agency se preocupa por la construcci\u00f3n de una relaci\u00f3n a largo plazo con usted basada en la confianza. De este modo, le ayudamos a tomar las mejores decisiones y a ahorrar para su organizaci\u00f3n.<\/p>\n","protected":false},"featured_media":42208,"template":"","meta":{"_links_to":"","_links_to_target":""},"product_brand":[],"product_cat":[1459,1379,1380],"product_tag":[1502,1503,1442,1395,1504],"class_list":{"0":"post-42207","1":"product","2":"type-product","3":"status-publish","4":"has-post-thumbnail","6":"product_cat-crm-es","7":"product_cat-diseno-web","8":"product_cat-sitio-y-pagina-web","9":"product_tag-blog-es","10":"product_tag-embalaje","11":"product_tag-impulsar-el-negocio-online","12":"product_tag-personalizado","13":"product_tag-suite-crm-es","14":"product_shipping_class-website-corporativo","16":"first","17":"instock","18":"shipping-taxable","19":"purchasable","20":"product-type-composite"},"composite_virtual":false,"composite_layout":"paged","composite_add_to_cart_form_location":"default","composite_editable_in_cart":false,"composite_sold_individually_context":"product","composite_shop_price_calc":"min_max","composite_components":[{"id":"1503037908","title":"Dominio","description":"","query_type":"product_ids","query_ids":[27889],"default_option_id":43272,"thumbnail_id":"","thumbnail_src":"","quantity_min":1,"quantity_max":1,"priced_individually":false,"shipped_individually":false,"optional":false,"discount":"","options_style":"dropdowns","pagination_style":"classic","display_prices":"absolute","show_sorting_options":false,"show_filtering_options":false,"attribute_filter_ids":[],"select_action":"view","product_title_visible":true,"product_descr_visible":true,"product_price_visible":true,"product_thumb_visible":true,"subtotal_visible_product":true,"subtotal_visible_cart":true,"subtotal_visible_orders":true},{"id":"1483511389","title":"Hosting","description":"","query_type":"product_ids","query_ids":[27894],"default_option_id":43273,"thumbnail_id":"","thumbnail_src":"","quantity_min":1,"quantity_max":1,"priced_individually":false,"shipped_individually":false,"optional":false,"discount":"","options_style":"dropdowns","pagination_style":"classic","display_prices":"absolute","show_sorting_options":false,"show_filtering_options":false,"attribute_filter_ids":[],"select_action":"view","product_title_visible":true,"product_descr_visible":true,"product_price_visible":true,"product_thumb_visible":true,"subtotal_visible_product":true,"subtotal_visible_cart":true,"subtotal_visible_orders":true},{"id":"1503317432","title":"IP dedicada","description":"","query_type":"product_ids","query_ids":[29369],"default_option_id":43268,"thumbnail_id":"","thumbnail_src":"","quantity_min":1,"quantity_max":1,"priced_individually":false,"shipped_individually":false,"optional":false,"discount":"","options_style":"dropdowns","pagination_style":"classic","display_prices":"absolute","show_sorting_options":false,"show_filtering_options":false,"attribute_filter_ids":[],"select_action":"view","product_title_visible":true,"product_descr_visible":true,"product_price_visible":true,"product_thumb_visible":true,"subtotal_visible_product":true,"subtotal_visible_cart":true,"subtotal_visible_orders":true},{"id":"1483511390","title":"SSL","description":"","query_type":"product_ids","query_ids":[27924],"default_option_id":43275,"thumbnail_id":"","thumbnail_src":"","quantity_min":1,"quantity_max":1,"priced_individually":false,"shipped_individually":false,"optional":false,"discount":"","options_style":"dropdowns","pagination_style":"classic","display_prices":"absolute","show_sorting_options":false,"show_filtering_options":false,"attribute_filter_ids":[],"select_action":"view","product_title_visible":true,"product_descr_visible":true,"product_price_visible":true,"product_thumb_visible":true,"subtotal_visible_product":true,"subtotal_visible_cart":true,"subtotal_visible_orders":true},{"id":"1483511391","title":"Acceso Cpanel","description":"","query_type":"product_ids","query_ids":[29372],"default_option_id":43267,"thumbnail_id":"","thumbnail_src":"","quantity_min":1,"quantity_max":1,"priced_individually":false,"shipped_individually":false,"optional":false,"discount":"","options_style":"dropdowns","pagination_style":"classic","display_prices":"absolute","show_sorting_options":false,"show_filtering_options":false,"attribute_filter_ids":[],"select_action":"view","product_title_visible":true,"product_descr_visible":true,"product_price_visible":true,"product_thumb_visible":true,"subtotal_visible_product":true,"subtotal_visible_cart":true,"subtotal_visible_orders":true},{"id":"1503317561","title":"Logo","description":"","query_type":"product_ids","query_ids":[19763],"default_option_id":43349,"thumbnail_id":"","thumbnail_src":"","quantity_min":1,"quantity_max":1,"priced_individually":false,"shipped_individually":false,"optional":false,"discount":"","options_style":"dropdowns","pagination_style":"classic","display_prices":"absolute","show_sorting_options":false,"show_filtering_options":false,"attribute_filter_ids":[],"select_action":"view","product_title_visible":true,"product_descr_visible":true,"product_price_visible":true,"product_thumb_visible":true,"subtotal_visible_product":true,"subtotal_visible_cart":true,"subtotal_visible_orders":true},{"id":"1503317562","title":"Retirar cr\u00e9ditos","description":"","query_type":"product_ids","query_ids":[27928],"default_option_id":43278,"thumbnail_id":"","thumbnail_src":"","quantity_min":1,"quantity_max":1,"priced_individually":false,"shipped_individually":false,"optional":false,"discount":"","options_style":"dropdowns","pagination_style":"classic","display_prices":"absolute","show_sorting_options":false,"show_filtering_options":false,"attribute_filter_ids":[],"select_action":"view","product_title_visible":true,"product_descr_visible":true,"product_price_visible":true,"product_thumb_visible":true,"subtotal_visible_product":true,"subtotal_visible_cart":true,"subtotal_visible_orders":true},{"id":"1503317435","title":"1 a\u00f1o de garant\u00eda","description":"","query_type":"product_ids","query_ids":[29378],"default_option_id":43266,"thumbnail_id":"","thumbnail_src":"","quantity_min":1,"quantity_max":1,"priced_individually":false,"shipped_individually":false,"optional":false,"discount":"","options_style":"dropdowns","pagination_style":"classic","display_prices":"absolute","show_sorting_options":false,"show_filtering_options":false,"attribute_filter_ids":[],"select_action":"view","product_title_visible":true,"product_descr_visible":true,"product_price_visible":true,"product_thumb_visible":true,"subtotal_visible_product":true,"subtotal_visible_cart":true,"subtotal_visible_orders":true}],"composite_scenarios":[{"id":"1503380151","name":"1","description":"","configuration":[{"component_id":"1503037908","options_modifier":"any"},{"component_id":"1483511389","options_modifier":"any"},{"component_id":"1503317432","options_modifier":"any"},{"component_id":"1483511390","options_modifier":"any"},{"component_id":"1483511391","options_modifier":"any"},{"component_id":"1503317561","options_modifier":"any"},{"component_id":"1503317562","options_modifier":"any"},{"component_id":"1503317435","options_modifier":"any"}],"actions":[{"action_id":"compat_group","is_active":true},{"action_id":"conditional_components","is_active":false,"hidden_components":[]}],"enabled":true},{"id":"1503380305","name":"2","description":"","configuration":[{"component_id":"1503037908","options_modifier":"any"},{"component_id":"1483511389","options_modifier":"any"},{"component_id":"1503317432","options_modifier":"any"},{"component_id":"1483511390","options_modifier":"any"},{"component_id":"1483511391","options_modifier":"any"},{"component_id":"1503317561","options_modifier":"any"},{"component_id":"1503317562","options_modifier":"any"},{"component_id":"1503317435","options_modifier":"any"}],"actions":[{"action_id":"compat_group","is_active":true},{"action_id":"conditional_components","is_active":false,"hidden_components":[]}],"enabled":true}],"_links":{"self":[{"href":"https:\/\/www.lowcostwebagency.com\/es\/wp-json\/wp\/v2\/product\/42207","targetHints":{"allow":["GET"]}}],"collection":[{"href":"https:\/\/www.lowcostwebagency.com\/es\/wp-json\/wp\/v2\/product"}],"about":[{"href":"https:\/\/www.lowcostwebagency.com\/es\/wp-json\/wp\/v2\/types\/product"}],"wp:featuredmedia":[{"embeddable":true,"href":"https:\/\/www.lowcostwebagency.com\/es\/wp-json\/wp\/v2\/media\/42208"}],"wp:attachment":[{"href":"https:\/\/www.lowcostwebagency.com\/es\/wp-json\/wp\/v2\/media?parent=42207"}],"wp:term":[{"taxonomy":"product_brand","embeddable":true,"href":"https:\/\/www.lowcostwebagency.com\/es\/wp-json\/wp\/v2\/product_brand?post=42207"},{"taxonomy":"product_cat","embeddable":true,"href":"https:\/\/www.lowcostwebagency.com\/es\/wp-json\/wp\/v2\/product_cat?post=42207"},{"taxonomy":"product_tag","embeddable":true,"href":"https:\/\/www.lowcostwebagency.com\/es\/wp-json\/wp\/v2\/product_tag?post=42207"}],"curies":[{"name":"wp","href":"https:\/\/api.w.org\/{rel}","templated":true}]}}