{"id":42217,"date":"2017-09-29T05:37:11","date_gmt":"2021-08-04T16:30:20","guid":{"rendered":"http:\/\/lowcostwebagency.com\/product\/zurmo\/"},"modified":"2022-05-13T04:58:04","modified_gmt":"2022-05-13T04:58:04","slug":"zurmo-2","status":"publish","type":"product","link":"https:\/\/www.lowcostwebagency.com\/es\/zurmo-2\/","title":{"rendered":"Zurmo"},"content":{"rendered":"<h2 style=\"text-align: justify;\">\u00a1Low Cost Web Agency lo prueba y lo adopta!<\/h2>\n<h3 style=\"text-align: justify;\">Elija Zurmo como CRM<\/h3>\n<p style=\"text-align: justify;\">Un sistema de gesti\u00f3n de las relaciones con clientes (CRM) sirve para gestionar los contactos con los clientes, pero \u00a1no s\u00f3lo eso!. Zurmo le ayuda en muchas tareas diferentes: gesti\u00f3n de actividades, gesti\u00f3n de cuentas, informes, automatizaci\u00f3n del marketing, gesti\u00f3n de productos, etc. El sistema le permite estandarizar sus procesos internos para ser m\u00e1s eficiente en el contexto de un trabajo colaborativo: seguimiento de tareas; informe de evoluci\u00f3n del proyecto.<\/p>\n<p style=\"text-align: justify;\">Estamos probando Zurmo todos los d\u00edas desde el lanzamiento de nuestra empresa. Hemos investigado Zurmo de la A la Z y hemos personalizado el CRM para nuestro propio uso. Se incluyen muchas funcionalidades diferentes en \u00e9l o se pueden configurar de acorde a sus <strong>necesidades espec\u00edficas<\/strong> si falta alguna.<\/p>\n<p style=\"text-align: justify;\">Lo integramos en su entorno de hosting. Perm\u00edtanos proporcionarle la mejor experiencia de CRM al realizar su <strong>implementaci\u00f3n en ZURMO.<\/strong><\/p>\n","protected":false},"excerpt":{"rendered":"<p style=\"text-align: justify;\">Perm\u00edtanos ofrecerle la mejor experiencia de usuario. \u00a1Tome la decisi\u00f3n inteligente con Low Cost Wen Agency!<\/p>\n<p style=\"text-align: justify;\">Estamos probando Zurmo todos los d\u00edas desde el lanzamiento de nuestra empresa. Hemos investigado Zurmo de la A la Z y hemos personalizado el CRM para nuestro propio uso. Se incluyen muchas funcionalidades diferentes en \u00e9l o se pueden configurar de acorde a sus <strong>necesidades espec\u00edficas<\/strong> si falta alguna.<\/p>\n","protected":false},"featured_media":42218,"template":"","meta":{"_links_to":"","_links_to_target":""},"product_brand":[],"product_cat":[1459,1379,1380],"product_tag":[1506,1503,1395,1505],"class_list":{"0":"post-42217","1":"product","2":"type-product","3":"status-publish","4":"has-post-thumbnail","6":"product_cat-crm-es","7":"product_cat-diseno-web","8":"product_cat-sitio-y-pagina-web","9":"product_tag-crm-es","10":"product_tag-embalaje","11":"product_tag-personalizado","12":"product_tag-zurmo-es","13":"product_shipping_class-website-corporativo","15":"first","16":"instock","17":"shipping-taxable","18":"purchasable","19":"product-type-composite"},"composite_virtual":false,"composite_layout":"paged","composite_add_to_cart_form_location":"default","composite_editable_in_cart":false,"composite_sold_individually_context":"product","composite_shop_price_calc":"min_max","composite_components":[{"id":"1503037908","title":"Dominio","description":"","query_type":"product_ids","query_ids":[27889],"default_option_id":43272,"thumbnail_id":"","thumbnail_src":"","quantity_min":1,"quantity_max":1,"priced_individually":false,"shipped_individually":false,"optional":false,"discount":"","options_style":"dropdowns","pagination_style":"classic","display_prices":"absolute","show_sorting_options":false,"show_filtering_options":false,"attribute_filter_ids":[],"select_action":"view","product_title_visible":true,"product_descr_visible":true,"product_price_visible":true,"product_thumb_visible":true,"subtotal_visible_product":true,"subtotal_visible_cart":true,"subtotal_visible_orders":true},{"id":"1483511389","title":"Hosting","description":"","query_type":"product_ids","query_ids":[27894],"default_option_id":43273,"thumbnail_id":"","thumbnail_src":"","quantity_min":1,"quantity_max":1,"priced_individually":false,"shipped_individually":false,"optional":false,"discount":"","options_style":"dropdowns","pagination_style":"classic","display_prices":"absolute","show_sorting_options":false,"show_filtering_options":false,"attribute_filter_ids":[],"select_action":"view","product_title_visible":true,"product_descr_visible":true,"product_price_visible":true,"product_thumb_visible":true,"subtotal_visible_product":true,"subtotal_visible_cart":true,"subtotal_visible_orders":true},{"id":"1503317432","title":"IP espec\u00edfica","description":"","query_type":"product_ids","query_ids":[29369],"default_option_id":43268,"thumbnail_id":"","thumbnail_src":"","quantity_min":1,"quantity_max":1,"priced_individually":false,"shipped_individually":false,"optional":false,"discount":"","options_style":"dropdowns","pagination_style":"classic","display_prices":"absolute","show_sorting_options":false,"show_filtering_options":false,"attribute_filter_ids":[],"select_action":"view","product_title_visible":true,"product_descr_visible":true,"product_price_visible":true,"product_thumb_visible":true,"subtotal_visible_product":true,"subtotal_visible_cart":true,"subtotal_visible_orders":true},{"id":"1483511390","title":"SSL","description":"","query_type":"product_ids","query_ids":[27924],"default_option_id":43275,"thumbnail_id":"","thumbnail_src":"","quantity_min":1,"quantity_max":1,"priced_individually":false,"shipped_individually":false,"optional":false,"discount":"","options_style":"dropdowns","pagination_style":"classic","display_prices":"absolute","show_sorting_options":false,"show_filtering_options":false,"attribute_filter_ids":[],"select_action":"view","product_title_visible":true,"product_descr_visible":true,"product_price_visible":true,"product_thumb_visible":true,"subtotal_visible_product":true,"subtotal_visible_cart":true,"subtotal_visible_orders":true},{"id":"1483511391","title":"Acceso Cpanel","description":"","query_type":"product_ids","query_ids":[29372],"default_option_id":43267,"thumbnail_id":"","thumbnail_src":"","quantity_min":1,"quantity_max":1,"priced_individually":false,"shipped_individually":false,"optional":false,"discount":"","options_style":"dropdowns","pagination_style":"classic","display_prices":"absolute","show_sorting_options":false,"show_filtering_options":false,"attribute_filter_ids":[],"select_action":"view","product_title_visible":true,"product_descr_visible":true,"product_price_visible":true,"product_thumb_visible":true,"subtotal_visible_product":true,"subtotal_visible_cart":true,"subtotal_visible_orders":true},{"id":"1503317561","title":"Logo","description":"","query_type":"product_ids","query_ids":[19763],"default_option_id":43349,"thumbnail_id":"","thumbnail_src":"","quantity_min":1,"quantity_max":1,"priced_individually":false,"shipped_individually":false,"optional":false,"discount":"","options_style":"dropdowns","pagination_style":"classic","display_prices":"absolute","show_sorting_options":false,"show_filtering_options":false,"attribute_filter_ids":[],"select_action":"view","product_title_visible":true,"product_descr_visible":true,"product_price_visible":true,"product_thumb_visible":true,"subtotal_visible_product":true,"subtotal_visible_cart":true,"subtotal_visible_orders":true},{"id":"1503317562","title":"Retirar cr\u00e9ditos","description":"","query_type":"product_ids","query_ids":[27928],"default_option_id":43278,"thumbnail_id":"","thumbnail_src":"","quantity_min":1,"quantity_max":1,"priced_individually":false,"shipped_individually":false,"optional":false,"discount":"","options_style":"dropdowns","pagination_style":"classic","display_prices":"absolute","show_sorting_options":false,"show_filtering_options":false,"attribute_filter_ids":[],"select_action":"view","product_title_visible":true,"product_descr_visible":true,"product_price_visible":true,"product_thumb_visible":true,"subtotal_visible_product":true,"subtotal_visible_cart":true,"subtotal_visible_orders":true},{"id":"1503317435","title":"1 a\u00f1o de garant\u00eda","description":"","query_type":"product_ids","query_ids":[29378],"default_option_id":43266,"thumbnail_id":"","thumbnail_src":"","quantity_min":1,"quantity_max":1,"priced_individually":false,"shipped_individually":false,"optional":false,"discount":"","options_style":"dropdowns","pagination_style":"classic","display_prices":"absolute","show_sorting_options":false,"show_filtering_options":false,"attribute_filter_ids":[],"select_action":"view","product_title_visible":true,"product_descr_visible":true,"product_price_visible":true,"product_thumb_visible":true,"subtotal_visible_product":true,"subtotal_visible_cart":true,"subtotal_visible_orders":true}],"composite_scenarios":[{"id":"1503380151","name":"1","description":"","configuration":[{"component_id":"1503037908","options_modifier":"any"},{"component_id":"1483511389","options_modifier":"any"},{"component_id":"1503317432","options_modifier":"any"},{"component_id":"1483511390","options_modifier":"any"},{"component_id":"1483511391","options_modifier":"any"},{"component_id":"1503317561","options_modifier":"any"},{"component_id":"1503317562","options_modifier":"any"},{"component_id":"1503317435","options_modifier":"any"}],"actions":[{"action_id":"compat_group","is_active":true},{"action_id":"conditional_components","is_active":false,"hidden_components":[]}],"enabled":true},{"id":"1503380305","name":"2","description":"","configuration":[{"component_id":"1503037908","options_modifier":"any"},{"component_id":"1483511389","options_modifier":"any"},{"component_id":"1503317432","options_modifier":"any"},{"component_id":"1483511390","options_modifier":"any"},{"component_id":"1483511391","options_modifier":"any"},{"component_id":"1503317561","options_modifier":"any"},{"component_id":"1503317562","options_modifier":"any"},{"component_id":"1503317435","options_modifier":"any"}],"actions":[{"action_id":"compat_group","is_active":true},{"action_id":"conditional_components","is_active":false,"hidden_components":[]}],"enabled":true}],"_links":{"self":[{"href":"https:\/\/www.lowcostwebagency.com\/es\/wp-json\/wp\/v2\/product\/42217","targetHints":{"allow":["GET"]}}],"collection":[{"href":"https:\/\/www.lowcostwebagency.com\/es\/wp-json\/wp\/v2\/product"}],"about":[{"href":"https:\/\/www.lowcostwebagency.com\/es\/wp-json\/wp\/v2\/types\/product"}],"wp:featuredmedia":[{"embeddable":true,"href":"https:\/\/www.lowcostwebagency.com\/es\/wp-json\/wp\/v2\/media\/42218"}],"wp:attachment":[{"href":"https:\/\/www.lowcostwebagency.com\/es\/wp-json\/wp\/v2\/media?parent=42217"}],"wp:term":[{"taxonomy":"product_brand","embeddable":true,"href":"https:\/\/www.lowcostwebagency.com\/es\/wp-json\/wp\/v2\/product_brand?post=42217"},{"taxonomy":"product_cat","embeddable":true,"href":"https:\/\/www.lowcostwebagency.com\/es\/wp-json\/wp\/v2\/product_cat?post=42217"},{"taxonomy":"product_tag","embeddable":true,"href":"https:\/\/www.lowcostwebagency.com\/es\/wp-json\/wp\/v2\/product_tag?post=42217"}],"curies":[{"name":"wp","href":"https:\/\/api.w.org\/{rel}","templated":true}]}}