{"id":42262,"date":"2016-10-27T10:35:11","date_gmt":"2021-08-12T17:57:24","guid":{"rendered":"http:\/\/lowcostwebagency.com\/product\/firma-de-email\/"},"modified":"2022-05-13T05:29:40","modified_gmt":"2022-05-13T05:29:40","slug":"firma-de-email","status":"publish","type":"product","link":"https:\/\/www.lowcostwebagency.com\/es\/firma-de-email\/","title":{"rendered":"Firma de email"},"content":{"rendered":"<h2 style=\"text-align: justify;\">Nuestro dise\u00f1ador experto prepara su firma de correo electr\u00f3nico por unos pocos d\u00f3lares<\/h2>\n<h3 style=\"text-align: justify;\">\u00a1Su firma de correo electr\u00f3nico es parte de la promoci\u00f3n de su marca!<\/h3>\n<p style=\"text-align: justify;\">Los profesionales lo utilizan para firmar sus correos cuando escriben a sus contactos. Su firma de correo electr\u00f3nico debe crearse con la misma plantilla compartida para todos sus empleados o miembros.<\/p>\n<p style=\"text-align: justify;\">Dentro de su cliente de correo electr\u00f3nico, tiene la posibilidad de configurar manualmente su firma de correo electr\u00f3nico. Sin embargo, estar\u00e1 limitado con respecto a su personalizaci\u00f3n. Por ejemplo, no puede integrar el hiperv\u00ednculo a su p\u00e1gina de Facebook o p\u00e1gina de LinkedIn con los logotipos sociales. Solo una firma HTML le permite tener una firma profesional. \u00a1D\u00edganos qu\u00e9 desea que se agregue en su firma!<\/p>\n<p style=\"text-align: justify;\">Adem\u00e1s de toda la informaci\u00f3n (direcci\u00f3n postal, correo electr\u00f3nico, n\u00famero de tel\u00e9fono, etc.), integraremos su logotipo corporativo. Todas las im\u00e1genes de su firma se almacenan en nuestro servidor dedicado de por vida, solo paga una vez. \u00a1Si a\u00fan no tiene su propia marca de identidad, consulte nuestro\u00bb <a href=\"https:\/\/www.lowcostwebagency.com\/product\/logo-design\/\">Dise\u00f1o de logo<\/a> \u00abproducto!<\/p>\n<p style=\"text-align: justify;\">Qu\u00e9 m\u00e1s, \u00a1compra ya!<\/p>\n<p>Por ejemplo<\/p>\n<p><img decoding=\"async\" class=\"aligncenter size-full wp-image-42263\" src=\"https:\/\/www.lowcostwebagency.com\/wp-content\/uploads\/2016\/10\/emailsignature_dummy.png\" alt=\"\" width=\"545\" height=\"431\" title=\"\" srcset=\"https:\/\/www.lowcostwebagency.com\/wp-content\/uploads\/2016\/10\/emailsignature_dummy-200x158.png 200w, https:\/\/www.lowcostwebagency.com\/wp-content\/uploads\/2016\/10\/emailsignature_dummy-300x237.png 300w, https:\/\/www.lowcostwebagency.com\/wp-content\/uploads\/2016\/10\/emailsignature_dummy-400x316.png 400w, https:\/\/www.lowcostwebagency.com\/wp-content\/uploads\/2016\/10\/emailsignature_dummy-500x395.png 500w, https:\/\/www.lowcostwebagency.com\/wp-content\/uploads\/2016\/10\/emailsignature_dummy.png 545w\" sizes=\"(max-width: 545px) 100vw, 545px\" \/><\/p>\n","protected":false},"excerpt":{"rendered":"<p style=\"text-align: justify;\">Su firma digital para sus correos electr\u00f3nicos realizados por<strong> Agencia Web Low Cost<\/strong>.<\/p>\n<p style=\"text-align: justify;\">\u00a1Comprar ahora!<\/p>\n","protected":false},"featured_media":42266,"template":"","meta":{"_links_to":"","_links_to_target":""},"product_brand":[],"product_cat":[1379,1386,1380],"product_tag":[1509,1510,1512,1511],"class_list":{"0":"post-42262","1":"product","2":"type-product","3":"status-publish","4":"has-post-thumbnail","6":"product_cat-diseno-web","7":"product_cat-html-y-diseno-estatico","8":"product_cat-sitio-y-pagina-web","9":"product_tag-diseno-de-logo","10":"product_tag-firma-de-email","11":"product_tag-firma-profesional","12":"product_tag-promocion-de-marca","14":"first","15":"instock","16":"shipping-taxable","17":"purchasable","18":"product-type-simple"},"composite_virtual":false,"composite_layout":"","composite_add_to_cart_form_location":"","composite_editable_in_cart":false,"composite_sold_individually_context":"","composite_shop_price_calc":"","composite_components":[],"composite_scenarios":[],"_links":{"self":[{"href":"https:\/\/www.lowcostwebagency.com\/es\/wp-json\/wp\/v2\/product\/42262","targetHints":{"allow":["GET"]}}],"collection":[{"href":"https:\/\/www.lowcostwebagency.com\/es\/wp-json\/wp\/v2\/product"}],"about":[{"href":"https:\/\/www.lowcostwebagency.com\/es\/wp-json\/wp\/v2\/types\/product"}],"wp:featuredmedia":[{"embeddable":true,"href":"https:\/\/www.lowcostwebagency.com\/es\/wp-json\/wp\/v2\/media\/42266"}],"wp:attachment":[{"href":"https:\/\/www.lowcostwebagency.com\/es\/wp-json\/wp\/v2\/media?parent=42262"}],"wp:term":[{"taxonomy":"product_brand","embeddable":true,"href":"https:\/\/www.lowcostwebagency.com\/es\/wp-json\/wp\/v2\/product_brand?post=42262"},{"taxonomy":"product_cat","embeddable":true,"href":"https:\/\/www.lowcostwebagency.com\/es\/wp-json\/wp\/v2\/product_cat?post=42262"},{"taxonomy":"product_tag","embeddable":true,"href":"https:\/\/www.lowcostwebagency.com\/es\/wp-json\/wp\/v2\/product_tag?post=42262"}],"curies":[{"name":"wp","href":"https:\/\/api.w.org\/{rel}","templated":true}]}}