{"id":43223,"date":"2021-08-20T04:32:33","date_gmt":"2021-08-20T04:32:33","guid":{"rendered":"http:\/\/lowcostwebagency.com\/product\/portada-de-linkedin\/"},"modified":"2022-05-13T04:21:38","modified_gmt":"2022-05-13T04:21:38","slug":"portada-de-linkedin","status":"publish","type":"product","link":"https:\/\/www.lowcostwebagency.com\/es\/portada-de-linkedin\/","title":{"rendered":"Portada de LinkedIn"},"content":{"rendered":"<h2>Su portada profesional de LinkedIn hecha por un dise\u00f1ador senior por poco dinero<\/h2>\n<h3>A\u00f1ada valor a su perfil de LinkedIn &#8230;<\/h3>\n<p style=\"text-align: justify;\">Su portada de LinkedIn ser\u00e1 la primera imagen que se d\u00e9 a los reclutadores, clientes, colegas y cualquier otro contacto que necesite. Su dise\u00f1o y contenido es una oportunidad para impresionar a sus contactos y construir una red s\u00f3lida. \u00bfQu\u00e9 dice su imagen de perfil de LinkedIn y su portada sobre usted? \u00bfEst\u00e1 satisfecho con su aspecto actual en LinkedIn?<\/p>\n<p style=\"text-align: justify;\">Como recordatorio, LinkedIn es LA red m\u00e1s profesional. Del total de usuarios de Internet, \u00a1el 25% son usuarios de LinkedIn! Ser\u00eda inapropiado publicar la misma imagen de portada en Facebook \/ Twitter \/ LinkedIn y otras redes sociales, considerando que su p\u00fablico objetivo es completamente diferente. Por lo tanto, debe proporcionar diferentes coberturas, en consecuencia, para tener \u00e9xito con su estrategia de red social. La marca personal es clave hoy en d\u00eda para ser reconocido por sus compa\u00f1eros. La madurez de sus perfiles demuestra su seriedad y su inter\u00e9s en gestionar bien su carrera y empresa.<\/p>\n<p style=\"text-align: justify;\">Teniendo en cuenta todas estas cosas, su portada profesional de LinkedIn le permite dar un valor a\u00f1adido real a su perfil. \u00a1Cuidamos, en detalle, su imagen porque la misi\u00f3n de Low Cost Web Agency es ayudarte a rendir mejor que otras gracias a la web!<\/p>\n<h3>Low Cost Web Agency &#8230; \u00a1Todo lo que necesita!<\/h3>\n<p style=\"text-align: justify;\">Low Cost Web Agency le brinda su experiencia para <u>crear una excelente portada de LinkedIn.<\/u> Despu\u00e9s de comprar nuestro producto, un dise\u00f1ador senior crear\u00e1 su Portada de LinkedIn de acuerdo con sus necesidades. Por muy poco dinero, finalmente obtiene de su perfil de LinkedIn el valor que se merece. \u00a1Puedes decidir si quiere los archivos fuente o no y cu\u00e1ntas propuestas quiere que te ofrezcamos! De esta manera, puede obtener una cobertura profesional a un precio de coste muy bajo o gastar un poco m\u00e1s para tener la oportunidad de decidir entre m\u00e1s versiones. \u00a1Tambi\u00e9n podemos ofrecerle que actualice su nuevo banner de LinkedIn directamente en su perfil de LinkedIn!<\/p>\n<blockquote><p><em>\u00ab\u00a1Low Cost Web Agency es la opci\u00f3n inteligente para su portada de LinkedIn!\u00bb<\/em><\/p><\/blockquote>\n<div class=\"fusion-fullwidth fullwidth-box fusion-builder-row-1 fusion-flex-container hundred-percent-fullwidth non-hundred-percent-height-scrolling\" style=\"--awb-border-radius-top-left:0px;--awb-border-radius-top-right:0px;--awb-border-radius-bottom-right:0px;--awb-border-radius-bottom-left:0px;--awb-overflow:visible;--awb-flex-wrap:wrap;\" ><div class=\"fusion-builder-row fusion-row fusion-flex-align-items-flex-start fusion-flex-content-wrap\" style=\"width:calc( 100% + 0px ) !important;max-width:calc( 100% + 0px ) !important;margin-left: calc(-0px \/ 2 );margin-right: calc(-0px \/ 2 );\"><div class=\"fusion-layout-column fusion_builder_column fusion-builder-column-0 fusion_builder_column_1_1 1_1 fusion-flex-column fusion-flex-align-self-flex-start fusion-column-no-min-height\" style=\"--awb-bg-size:cover;--awb-width-large:100%;--awb-margin-top-large:0px;--awb-spacing-right-large:0px;--awb-margin-bottom-large:0px;--awb-spacing-left-large:0px;--awb-width-medium:100%;--awb-spacing-right-medium:0px;--awb-spacing-left-medium:0px;--awb-width-small:100%;--awb-spacing-right-small:0px;--awb-spacing-left-small:0px;\"><div class=\"fusion-column-wrapper fusion-flex-justify-content-flex-start fusion-content-layout-column\">\n<table id=\"tablepress-31\" class=\"tablepress tablepress-id-31\">\n<thead>\n<tr class=\"row-1\">\n\t<th class=\"column-1\">Tipo de banner<\/th><th class=\"column-2\">Tama\u00f1o (PX)<\/th><th class=\"column-3\">INSTRUCCIONES<\/th>\n<\/tr>\n<\/thead>\n<tbody class=\"row-striping row-hover\">\n<tr class=\"row-2\">\n\t<td class=\"column-1\"><a href=\"\/es\/producto\/portada-de-facebook\/\" target=\"_blank\" rel=\"noopener\"> photo Facebook de Couverture <\/a><\/td><td class=\"column-2\">828 * 315<\/td><td class=\"column-3\">Para obtener los mejores resultados, descargue un archivo RGB JPG menos de 100 KB<\/td>\n<\/tr>\n<tr class=\"row-3\">\n\t<td class=\"column-1\"><a href=\"\/es\/producto\/portada-de-linkedin\/\" target=\"_blank\" rel=\"noopener\"> bandeau linkedin <\/a><\/td><td class=\"column-2\">Entre 1400 * 425 y 4000 * 4000.<\/td><td class=\"column-3\">Tama\u00f1o m\u00e1ximo: 4MB<\/td>\n<\/tr>\n<tr class=\"row-4\">\n\t<td class=\"column-1\"><a href=\"\/product\/twitter-cover\/\" target=\"_blank\" rel=\"noopener\"> bandeau twitter <\/a><\/td><td class=\"column-2\">1500 * 500<\/td><td class=\"column-3\">Tama\u00f1o m\u00e1ximo: 10 MB<\/td>\n<\/tr>\n<tr class=\"row-5\">\n\t<td class=\"column-1\"><a href=\"\/es\/producto\/google-portada\/\" target=\"_blank\" rel=\"noopener\"> bandeau google + <\/a><\/td><td class=\"column-2\">1080 * 608<\/td><td class=\"column-3\">M\u00ednimo (PX): 480 * 270<br \/>\nM\u00e1ximo (PX): 2120 * 1192<\/td>\n<\/tr>\n<tr class=\"row-6\">\n\t<td class=\"column-1\"><a href=\"\/es\/producto\/cubierta-de-youtube\/\" target=\"_blank\" rel=\"noopener\"> bandeau youtube <\/a><\/td><td class=\"column-2\">2560 * 1440<\/td><td class=\"column-3\">-<\/td>\n<\/tr>\n<tr class=\"row-7\">\n\t<td class=\"column-1\"><a href=\"\/product\/advertisement-banner\/\" target=\"_blank\" rel=\"noopener\"> banner de publicidad <\/a><\/td><td class=\"column-2\">Rect\u00e1ngulo promedio: 300 * 250<br \/>\nClasificaci\u00f3n: 728 * 90<br \/>\nRascacielos ancho: 160 * 600<br \/>\nBanner: 468 * 60<br \/>\nRascacielos: 120 * 600<br \/>\nRect\u00e1ngulo: 300 * 100<br \/>\nMicro Bar: 88 * 31<br \/>\nMedia P\u00c1GINA: 300 * 600<br \/>\nRect\u00e1ngulo grande: 336 * 280<br \/>\nClasificaci\u00f3n m\u00f3vil: 320 * 50<\/td><td class=\"column-3\">Choisissez une de ces dimensions<\/td>\n<\/tr>\n<tr class=\"row-8\">\n\t<td class=\"column-1\"><a href=\"\/es\/producto\/website-header\/\" target=\"_blank\" rel=\"noopener\"> en-t\u00eate du sitio <\/a><\/td><td class=\"column-2\">1024 * 300<\/td><td class=\"column-3\"><\/td>\n<\/tr>\n<tr class=\"row-9\">\n\t<td class=\"column-1\"><a href=\"\/es\/producto\/banner-personalizado\/\" target=\"_blank\" rel=\"noopener\"> banner personalizado <\/a><\/td><td class=\"column-2\">Si no encuentra la dimensi\u00f3n requerida, preg\u00fantenos una oferta de banner personalizada.<\/td><td class=\"column-3\">-<\/td>\n<\/tr>\n<\/tbody>\n<\/table>\n<!-- #tablepress-31 from cache --><\/div><\/div><\/div><\/div>\n","protected":false},"excerpt":{"rendered":"<p style=\"text-align: justify;\">\u00a1Obtenga una portada de LinkedIn profesional hecha por un <strong>dise\u00f1ador talentoso<\/strong> <strong>por poco dinero! Considerando<\/strong>\u00a0el total de usuarios de Internet, el 25% de ellos son usuarios de LinkedIn. Hoy no hay excusa para tener un perfil de baja calidad en LinkedIn. Su imagen profesional comienza en LinkedIn. Si quiere mostrar en su red que tome en serio su negocio, debe dar una muy buena primera impresi\u00f3n cuando visiten su perfil de LinkedIn. Lo primero que notar\u00e1n es la calidad de su portada de LinkedIn. Con este gig, da el valor que merece su experiencia, gracias a una Portada de LinkedIn muy bien dise\u00f1ada.<\/p>\n","protected":false},"featured_media":42604,"template":"","meta":{"_links_to":"","_links_to_target":""},"product_brand":[],"product_cat":[1452,1379,1454],"product_tag":[1514,1518,1516,1515,1517,1513],"class_list":{"0":"post-43223","1":"product","2":"type-product","3":"status-publish","4":"has-post-thumbnail","6":"product_cat-diseno","7":"product_cat-diseno-web","8":"product_cat-pancartas","9":"product_tag-facebook-es","10":"product_tag-linkedin-es","11":"product_tag-perfil-de-linkedin","12":"product_tag-portada-de-linkedin","13":"product_tag-redes-sociales","14":"product_tag-twitter-es","16":"first","17":"instock","18":"shipping-taxable","19":"purchasable","20":"product-type-simple"},"composite_virtual":false,"composite_layout":"","composite_add_to_cart_form_location":"","composite_editable_in_cart":false,"composite_sold_individually_context":"","composite_shop_price_calc":"","composite_components":[],"composite_scenarios":[],"_links":{"self":[{"href":"https:\/\/www.lowcostwebagency.com\/es\/wp-json\/wp\/v2\/product\/43223","targetHints":{"allow":["GET"]}}],"collection":[{"href":"https:\/\/www.lowcostwebagency.com\/es\/wp-json\/wp\/v2\/product"}],"about":[{"href":"https:\/\/www.lowcostwebagency.com\/es\/wp-json\/wp\/v2\/types\/product"}],"wp:featuredmedia":[{"embeddable":true,"href":"https:\/\/www.lowcostwebagency.com\/es\/wp-json\/wp\/v2\/media\/42604"}],"wp:attachment":[{"href":"https:\/\/www.lowcostwebagency.com\/es\/wp-json\/wp\/v2\/media?parent=43223"}],"wp:term":[{"taxonomy":"product_brand","embeddable":true,"href":"https:\/\/www.lowcostwebagency.com\/es\/wp-json\/wp\/v2\/product_brand?post=43223"},{"taxonomy":"product_cat","embeddable":true,"href":"https:\/\/www.lowcostwebagency.com\/es\/wp-json\/wp\/v2\/product_cat?post=43223"},{"taxonomy":"product_tag","embeddable":true,"href":"https:\/\/www.lowcostwebagency.com\/es\/wp-json\/wp\/v2\/product_tag?post=43223"}],"curies":[{"name":"wp","href":"https:\/\/api.w.org\/{rel}","templated":true}]}}