{"id":43229,"date":"2021-08-26T11:41:31","date_gmt":"2021-08-26T11:41:31","guid":{"rendered":"http:\/\/lowcostwebagency.com\/product\/jpg-a-vector\/"},"modified":"2022-05-13T04:19:22","modified_gmt":"2022-05-13T04:19:22","slug":"jpg-a-vector","status":"publish","type":"product","link":"https:\/\/www.lowcostwebagency.com\/es\/jpg-a-vector\/","title":{"rendered":"JPG a Vector"},"content":{"rendered":"<h2 style=\"text-align: justify;\">Low Cost Web Agency le proporcionar\u00e1 im\u00e1genes vectoriales de una imagen JPG que nos env\u00ede<\/h2>\n<h3 style=\"text-align: justify;\">El uso del formato vectorial<\/h3>\n<p style=\"text-align: justify;\">Es el mejor formato para trabajar con tus im\u00e1genes. Incluye diferentes tipos de archivos como .ai, .eps, .pdf, .svg. Le recomendamos que lo utilice para crear gr\u00e1ficos como el logotipo de su empresa, banner publicitario, etc. Adem\u00e1s, las im\u00e1genes JPG no son editables, mientras que las im\u00e1genes vectoriales permiten la modificaci\u00f3n (colores, texto, etc.) y la mejora de la calidad de la imagen.<\/p>\n<p style=\"text-align: justify;\">Low Cost Web Agency le brinda toda la experiencia para transformar su <a href=\"https:\/\/www.lowcostwebagency.com\/es\/diseno-de-logo-2\/\">archivo de dise\u00f1o de logotipo<\/a> o cualquier otro dise\u00f1o en un archivo vectorial. Al elegirnos, sus archivos ser\u00e1n producidos por nuestro dise\u00f1ador senior. Con el fin de brindarle la mejor calidad.<\/p>\n<p style=\"text-align: justify;\">Qu\u00e9 m\u00e1s, \u00a1compra ya!<\/p>\n","protected":false},"excerpt":{"rendered":"<p style=\"text-align: justify;\">In case you have an image or a logo that you want to use for print, but that is not possible because you only have a Jpg version\u2026 Low Cost Web Agency transformar\u00e1 manualmente su Jpeg en archivos vectoriales que se pueden utilizar para muchas aplicaciones.<\/p>\n","protected":false},"featured_media":42603,"template":"","meta":{"_links_to":"","_links_to_target":""},"product_brand":[],"product_cat":[1452,1379,1455],"product_tag":[1676,1509,1520],"class_list":{"0":"post-43229","1":"product","2":"type-product","3":"status-publish","4":"has-post-thumbnail","6":"product_cat-diseno","7":"product_cat-diseno-web","8":"product_cat-edicion-de-imagenes-y-documentos","9":"product_tag-banner-publicitario-es","10":"product_tag-diseno-de-logo","11":"product_tag-jpg-a-vector","13":"first","14":"instock","15":"shipping-taxable","16":"product-type-external"},"composite_virtual":false,"composite_layout":"","composite_add_to_cart_form_location":"","composite_editable_in_cart":false,"composite_sold_individually_context":"","composite_shop_price_calc":"","composite_components":[],"composite_scenarios":[],"_links":{"self":[{"href":"https:\/\/www.lowcostwebagency.com\/es\/wp-json\/wp\/v2\/product\/43229","targetHints":{"allow":["GET"]}}],"collection":[{"href":"https:\/\/www.lowcostwebagency.com\/es\/wp-json\/wp\/v2\/product"}],"about":[{"href":"https:\/\/www.lowcostwebagency.com\/es\/wp-json\/wp\/v2\/types\/product"}],"wp:featuredmedia":[{"embeddable":true,"href":"https:\/\/www.lowcostwebagency.com\/es\/wp-json\/wp\/v2\/media\/42603"}],"wp:attachment":[{"href":"https:\/\/www.lowcostwebagency.com\/es\/wp-json\/wp\/v2\/media?parent=43229"}],"wp:term":[{"taxonomy":"product_brand","embeddable":true,"href":"https:\/\/www.lowcostwebagency.com\/es\/wp-json\/wp\/v2\/product_brand?post=43229"},{"taxonomy":"product_cat","embeddable":true,"href":"https:\/\/www.lowcostwebagency.com\/es\/wp-json\/wp\/v2\/product_cat?post=43229"},{"taxonomy":"product_tag","embeddable":true,"href":"https:\/\/www.lowcostwebagency.com\/es\/wp-json\/wp\/v2\/product_tag?post=43229"}],"curies":[{"name":"wp","href":"https:\/\/api.w.org\/{rel}","templated":true}]}}