{"id":43231,"date":"2021-08-26T11:41:36","date_gmt":"2021-08-26T11:41:36","guid":{"rendered":"http:\/\/lowcostwebagency.com\/product\/diseno-de-logo\/"},"modified":"2022-05-13T04:14:32","modified_gmt":"2022-05-13T04:14:32","slug":"diseno-de-logo","status":"publish","type":"product","link":"https:\/\/www.lowcostwebagency.com\/es\/diseno-de-logo\/","title":{"rendered":"Dise\u00f1o de logo"},"content":{"rendered":"<h2 style=\"text-align: justify;\">Su nuevo logotipo hecho por un dise\u00f1ador profesional por solo unos pocos d\u00f3lares<\/h2>\n<h3 style=\"text-align: justify;\">Su logotipo es crucial para el valor de su negocio y la imagen web.<\/h3>\n<p style=\"text-align: justify;\">Tu logo es tu<strong> dise\u00f1o de identidad de marca<\/strong>. Su definici\u00f3n es importante para garantizar el \u00e9xito de su negocio, pues estar\u00e1 visible en todos los documentos oficiales, eventos, sitio web, Redes Sociales. Adem\u00e1s, ayuda a sus clientes a identificar su empresa. Utiliza su logotipo para todas las comunicaciones de su empresa y negocios. Para<strong> mejorar su identidad de marca a trav\u00e9s de su logotipo<\/strong>, deber\u00e1 definir algunos par\u00e1metros estrat\u00e9gicos como dise\u00f1o, colores, lema. La identidad de marca debe ser \u00fanica para evitar cualquier confusi\u00f3n en la mente de sus clientes. Para la mayor\u00eda de las personas, un logotipo es una forma de conectar su mente de inmediato con la empresa, sin siquiera la necesidad de leer el nombre de la empresa.<\/p>\n<p style=\"text-align: justify;\">Piense en las empresas m\u00e1s conocidas de todo el mundo y sus logotipos, entonces comprender\u00e1 f\u00e1cilmente la importancia del logotipo para el reconocimiento de su marca. Un logo llamativo es fundamental para triunfar hoy en d\u00eda en mercados competitivos. En Low Cost Web Agency, no te pedimos que gastes mucho para conseguir un Logo profesional. \u00a1Solo unos pocos d\u00f3lares y obtendr\u00e1 un logotipo \u00fanico y original que refleja los valores y la identidad de su marca y empresa!<\/p>\n<h3 style=\"text-align: justify;\">Agencia Web Low Cost &#8230; \u00a1La clave del \u00e9xito!<\/h3>\n<p style=\"text-align: justify;\">Agencia Web de Bajo Costo proporciona todos sus pericias\u00a0para crear tu<strong> imagen corporativa<\/strong> sin perder ning\u00fan par\u00e1metro. Una opini\u00f3n externa es siempre una buena manera de mantener la mente relajada para la comunicaci\u00f3n importante y las decisiones estrat\u00e9gicas. Al elegirnos, su logotipo est\u00e1 dise\u00f1ado por un<strong> dise\u00f1ador senior de logotipos con larga experiencia en dise\u00f1o de logotipos e identidad de marca<\/strong>.<\/p>\n<p style=\"text-align: justify;\">Te garantizamos un resultado profesional acorde a tus posibilidades presupuestarias. Te ofrecemos diferentes opciones de servicio que puedes decidir encargar o no. De esta manera, puede obtener un<strong> Dise\u00f1o de Logo profesional a muy bajo precio.<\/strong><\/p>\n<p style=\"text-align: justify;\">Si desea tener \u00e9xito con su estrategia de marketing, debe tener herramientas de presentaci\u00f3n de aspecto profesional. Por lo tanto, aparte de su logotipo, debe asegurarse de que sus tarjetas de presentaci\u00f3n, carpetas,<a href=\"https:\/\/www.lowcostwebagency.com\/es\/low-cost\/diseno-web\/sitio-y-pagina-web\/\" target=\"_blank\" rel=\"noopener\"> sitios web<\/a> y los folletos reflejan qui\u00e9n eres.<\/p>\n<p style=\"text-align: justify;\">\u00bfYa tiene un logotipo, pero cree que ser\u00e1 \u00fatil para su empresa modificarlo y actualizarlo? Tambi\u00e9n estamos aqu\u00ed para apoyarlo y asesorarlo.<\/p>\n<p style=\"text-align: justify;\">Qu\u00e9 m\u00e1s, \u00a1compra ya!<\/p>\n","protected":false},"excerpt":{"rendered":"<p style=\"text-align: justify;\">Puede tener un nuevo logo hecho por un<strong> Dise\u00f1ador profesional<\/strong> por unos pocos d\u00f3lares. Su logotipo debe mostrar todos los elementos esenciales de la identidad de su empresa. El dise\u00f1o de su logotipo debe definir la personalidad, actitud, visi\u00f3n, misi\u00f3n y profesionalismo de su empresa. Con la oferta Low Cost Web Agency, t\u00fa decides si quieres o no los archivos fuente de tu logo y cu\u00e1ntas propuestas quieres que te ofrezcamos. De esta manera, puede obtener un logotipo profesional a muy<strong> precio bajo<\/strong> o gastar un poco m\u00e1s para tener la oportunidad de decidir entre m\u00e1s versiones.<\/p>\n","protected":false},"featured_media":42644,"template":"","meta":{"_links_to":"","_links_to_target":""},"product_brand":[],"product_cat":[1452,1453,1379],"product_tag":[1527,1530,1528,1529],"class_list":{"0":"post-43231","1":"product","2":"type-product","3":"status-publish","4":"has-post-thumbnail","6":"product_cat-diseno","7":"product_cat-diseno-de-logo","8":"product_cat-diseno-web","9":"product_tag-diseno-llamativo","10":"product_tag-identidad-de-la-marca","11":"product_tag-logotipo-del-sitio-web","12":"product_tag-publicidad-digital","14":"first","15":"instock","16":"shipping-taxable","17":"purchasable","18":"product-type-variable"},"composite_virtual":false,"composite_layout":"","composite_add_to_cart_form_location":"","composite_editable_in_cart":false,"composite_sold_individually_context":"","composite_shop_price_calc":"","composite_components":[],"composite_scenarios":[],"_links":{"self":[{"href":"https:\/\/www.lowcostwebagency.com\/es\/wp-json\/wp\/v2\/product\/43231","targetHints":{"allow":["GET"]}}],"collection":[{"href":"https:\/\/www.lowcostwebagency.com\/es\/wp-json\/wp\/v2\/product"}],"about":[{"href":"https:\/\/www.lowcostwebagency.com\/es\/wp-json\/wp\/v2\/types\/product"}],"wp:featuredmedia":[{"embeddable":true,"href":"https:\/\/www.lowcostwebagency.com\/es\/wp-json\/wp\/v2\/media\/42644"}],"wp:attachment":[{"href":"https:\/\/www.lowcostwebagency.com\/es\/wp-json\/wp\/v2\/media?parent=43231"}],"wp:term":[{"taxonomy":"product_brand","embeddable":true,"href":"https:\/\/www.lowcostwebagency.com\/es\/wp-json\/wp\/v2\/product_brand?post=43231"},{"taxonomy":"product_cat","embeddable":true,"href":"https:\/\/www.lowcostwebagency.com\/es\/wp-json\/wp\/v2\/product_cat?post=43231"},{"taxonomy":"product_tag","embeddable":true,"href":"https:\/\/www.lowcostwebagency.com\/es\/wp-json\/wp\/v2\/product_tag?post=43231"}],"curies":[{"name":"wp","href":"https:\/\/api.w.org\/{rel}","templated":true}]}}