{"id":43232,"date":"2021-08-26T11:41:37","date_gmt":"2021-08-26T11:41:37","guid":{"rendered":"http:\/\/lowcostwebagency.com\/product\/sitio-web-de-bienes-raices-sitio-web-de-comercio-electronico\/"},"modified":"2022-05-13T04:10:58","modified_gmt":"2022-05-13T04:10:58","slug":"sitio-web-para-agencia-inmobiliaria-con-comercio-electronico","status":"publish","type":"product","link":"https:\/\/www.lowcostwebagency.com\/es\/sitio-web-para-agencia-inmobiliaria-con-comercio-electronico\/","title":{"rendered":"Sitio web de bienes ra\u00edces &#8211; Sitio web de comercio electr\u00f3nico"},"content":{"rendered":"<h2 style=\"text-align: justify;\"><strong>Agencia Web Low Cost le permite revisar el proceso de venta de su negocio inmobiliario a bajo costo<\/strong><\/h2>\n<h3 style=\"text-align: justify;\"><strong>Reservar propiedades en l\u00ednea mejora su proceso de gesti\u00f3n de clientes<\/strong><\/h3>\n<p style=\"text-align: justify;\">Esta oferta es la mejor soluci\u00f3n para una empresa inmobiliaria. Implementado dentro de un<strong> Sitio web de comercio electr\u00f3nico<\/strong>, adaptamos la herramienta que permite a su cliente realizar la reserva online de sus propiedades. La funcionalidad de comercio electr\u00f3nico se utiliza principalmente para la gesti\u00f3n de propiedades vacacionales.<\/p>\n<p style=\"text-align: justify;\">Nuestro primer objetivo es brindarle la mejor imagen web a trav\u00e9s de<strong> presentaci\u00f3n de marca<\/strong>, luego, agregaremos sus propiedades a la venta. Despu\u00e9s de la entrega, puede actualizar sus publicaciones gracias al uso de la herramienta CMS.<\/p>\n<h3 style=\"text-align: justify;\">La agencia web de bajo costo considera a todos<\/h3>\n<p style=\"text-align: justify;\">Queremos brindarle un servicio adecuado respetando su presupuesto y expectativas. Un dise\u00f1ador talentoso crea hasta 15 p\u00e1ginas para su nuevo sitio web, mientras que usted podr\u00e1 usar esas p\u00e1ginas personalizadas para agregar art\u00edculos ilimitados. Adem\u00e1s, una presentaci\u00f3n de diapositivas (hasta 7 diapositivas) est\u00e1 integrada en su p\u00e1gina de inicio, lo cual es un fuerte<strong> herramienta de comunicaci\u00f3n de marketing<\/strong>.<u> Consulte la tabla de nuestro sitio web para obtener m\u00e1s informaci\u00f3n sobre los productos de los sitios web.<\/u><\/p>\n<p style=\"text-align: justify;\">Todos sus pedidos son personalizados por usted mismo. Por ejemplo, puede elegir si necesita 1 producto de sitio web + 1 logotipo + 4 traducciones. De acuerdo con su tiempo, su presupuesto, sus habilidades y lo que ya tiene en la mano, nuestra ventanilla \u00fanica permite que cualquier persona obtenga el apoyo adecuado para su situaci\u00f3n para construir su imagen web. Gracias a nuestro mercado digital, ahorra dinero y obtiene m\u00e1s presupuesto para publicitar su negocio o gastar donde sea que sean sus necesidades inmediatas.<\/p>\n<p style=\"text-align: justify;\">Si no necesita un<strong> sitio web de bienes ra\u00edces<\/strong> con una plataforma de reservas, puede consultar nuestro<a href=\"https:\/\/www.lowcostwebagency.com\/real-estate-website\/\"> Sitio web inmobiliario<\/a> producto.<\/p>\n<p style=\"text-align: justify;\">\u00a1Es f\u00e1cil, es barato, es una agencia web de bajo costo!<\/p>\n<div class=\"fusion-fullwidth fullwidth-box fusion-builder-row-1 fusion-flex-container hundred-percent-fullwidth non-hundred-percent-height-scrolling\" style=\"--awb-border-radius-top-left:0px;--awb-border-radius-top-right:0px;--awb-border-radius-bottom-right:0px;--awb-border-radius-bottom-left:0px;--awb-overflow:visible;--awb-flex-wrap:wrap;\" ><div class=\"fusion-builder-row fusion-row fusion-flex-align-items-flex-start fusion-flex-content-wrap\" style=\"width:calc( 100% + 0px ) !important;max-width:calc( 100% + 0px ) !important;margin-left: calc(-0px \/ 2 );margin-right: calc(-0px \/ 2 );\"><div class=\"fusion-layout-column fusion_builder_column fusion-builder-column-0 fusion_builder_column_1_1 1_1 fusion-flex-column fusion-flex-align-self-flex-start fusion-column-no-min-height\" style=\"--awb-bg-size:cover;--awb-width-large:100%;--awb-margin-top-large:0px;--awb-spacing-right-large:0px;--awb-margin-bottom-large:0px;--awb-spacing-left-large:0px;--awb-width-medium:100%;--awb-spacing-right-medium:0px;--awb-spacing-left-medium:0px;--awb-width-small:100%;--awb-spacing-right-small:0px;--awb-spacing-left-small:0px;\"><div class=\"fusion-column-wrapper fusion-flex-justify-content-flex-start fusion-content-layout-column\">\n<table id=\"tablepress-5\" class=\"tablepress tablepress-id-5\">\n<thead>\n<tr class=\"row-1\">\n\t<th class=\"column-1\">SPECIFICATIONS<\/th><th class=\"column-2\"><a href=\"\/product\/blog\/\" target=\"_blank\" rel=\"noopener\">BLOG<\/a> \/ PERSONAL \/ SELF EMPLOYED<\/th><th class=\"column-3\"><a href=\"\/product\/small-business-website\/\" target=\"_blank\" rel=\"noopener\">SMALL BUSINESS<\/a><\/th><th class=\"column-4\"><a href=\"\/product\/corporate-website\/\" target=\"_blank\" rel=\"noopener\">CORPORATE BUSINESS<\/a> \/ <a href=\"\/product\/real-estate-website-ecommerce-website\/\" target=\"_blank\" rel=\"noopener\">REAL ESTATE<\/a><\/th><th class=\"column-5\"><a href=\"\/product\/portal-website\/\" target=\"_blank\" rel=\"noopener\">PORTAL<\/a><\/th><th class=\"column-6\">ALL ECOMMERCE<br \/>\n(<a href=\"\/product\/shop-website\/\" target=\"_blank\" rel=\"noopener\">SHOP<\/a> \/ <a href=\"\/product\/hotel-website\/\" target=\"_blank\" rel=\"noopener\">HOTEL<\/a> \/ <a href=\"\/product\/event-website\/\" target=\"_blank\" rel=\"noopener\">EVENT<\/a>\/ <a href=\"\/product\/real-estate-website-ecommerce-website\/\" target=\"_blank\" rel=\"noopener\">REAL ESTATE<\/a>)<\/th>\n<\/tr>\n<\/thead>\n<tbody class=\"row-striping row-hover\">\n<tr class=\"row-2\">\n\t<td class=\"column-1\">Domain Name<\/td><td class=\"column-2\">Option<\/td><td class=\"column-3\">Option<\/td><td class=\"column-4\">Option<\/td><td class=\"column-5\">Option<\/td><td class=\"column-6\">Option<\/td>\n<\/tr>\n<tr class=\"row-3\">\n\t<td class=\"column-1\">Hosting<\/td><td class=\"column-2\">Option<\/td><td class=\"column-3\">Option<\/td><td class=\"column-4\">Option<\/td><td class=\"column-5\">Option<\/td><td class=\"column-6\">Option<\/td>\n<\/tr>\n<tr class=\"row-4\">\n\t<td class=\"column-1\">N\u00f8 of pages<\/td><td class=\"column-2\">Unlimited<\/td><td class=\"column-3\">Unlimited<\/td><td class=\"column-4\">Unlimited<\/td><td class=\"column-5\">Unlimited<\/td><td class=\"column-6\">Unlimited<\/td>\n<\/tr>\n<tr class=\"row-5\">\n\t<td class=\"column-1\">N\u00f8 of Products \/ Listings<\/td><td class=\"column-2\"><\/td><td class=\"column-3\"><\/td><td class=\"column-4\"><\/td><td class=\"column-5\"><\/td><td class=\"column-6\">Unlimited<\/td>\n<\/tr>\n<tr class=\"row-6\">\n\t<td class=\"column-1\">Content\/Order Management System (CMS) \/ Back office - Back end Administration Interface \/ No Technicals Skills required to Update your Website<\/td><td class=\"column-2\">Wordpress\/Joomla<\/td><td class=\"column-3\">Wordpress\/Joomla<\/td><td class=\"column-4\">Wordpress\/Joomla<\/td><td class=\"column-5\">Wordpress \/ Joomla<\/td><td class=\"column-6\">Woocommerce (WP) \/ VirtueMart \/ Prestashop \/ Opencart \/ Magento<\/td>\n<\/tr>\n<tr class=\"row-7\">\n\t<td class=\"column-1\">Custom\/personalization of  Design<\/td><td class=\"column-2\">Up to 4 pages<\/td><td class=\"column-3\">Up to 7 pages<\/td><td class=\"column-4\">Up 15 pages<\/td><td class=\"column-5\">Up 15 pages<\/td><td class=\"column-6\">Up 15 pages<\/td>\n<\/tr>\n<tr class=\"row-8\">\n\t<td class=\"column-1\">Premium Theme Included<\/td><td class=\"column-2\">pick the one you like on Themeforest<\/td><td class=\"column-3\">pick the one you like on Themeforest<\/td><td class=\"column-4\">pick the one you like on Themeforest<\/td><td class=\"column-5\">pick the one you like on Themeforest<\/td><td class=\"column-6\">pick the one you like on Themeforest<\/td>\n<\/tr>\n<tr class=\"row-9\">\n\t<td class=\"column-1\">Responsive &amp; Mobile Friendly<\/td><td class=\"column-2\">\u2713<\/td><td class=\"column-3\">\u2713<\/td><td class=\"column-4\">\u2713<\/td><td class=\"column-5\">\u2713<\/td><td class=\"column-6\">\u2713<\/td>\n<\/tr>\n<tr class=\"row-10\">\n\t<td class=\"column-1\"><a href=\"\/product\/logo-design\/\" target=\"_blank\" rel=\"noopener\">Logo Design<\/a><\/td><td class=\"column-2\">Option<\/td><td class=\"column-3\">Option<\/td><td class=\"column-4\">Option<\/td><td class=\"column-5\">Option<\/td><td class=\"column-6\">Option<\/td>\n<\/tr>\n<tr class=\"row-11\">\n\t<td class=\"column-1\">Home page Design<\/td><td class=\"column-2\">\u2713<\/td><td class=\"column-3\">\u2713<\/td><td class=\"column-4\">\u2713<\/td><td class=\"column-5\">\u2713<\/td><td class=\"column-6\">\u2713<\/td>\n<\/tr>\n<tr class=\"row-12\">\n\t<td class=\"column-1\">Header Design<\/td><td class=\"column-2\">\u2713<\/td><td class=\"column-3\">\u2713<\/td><td class=\"column-4\">\u2713<\/td><td class=\"column-5\">\u2713<\/td><td class=\"column-6\">\u2713<\/td>\n<\/tr>\n<tr class=\"row-13\">\n\t<td class=\"column-1\">Slide Show Design<\/td><td class=\"column-2\">Up to 3 slides<\/td><td class=\"column-3\">Up to 5 slides<\/td><td class=\"column-4\">Up to 7 slides<\/td><td class=\"column-5\">Up to 7 slides<\/td><td class=\"column-6\">Up to 7 slides<\/td>\n<\/tr>\n<tr class=\"row-14\">\n\t<td class=\"column-1\">Custom Design\/Templates upon your brief<\/td><td class=\"column-2\">Ask for a quote<\/td><td class=\"column-3\">Ask for a quote<\/td><td class=\"column-4\">Ask for a quote<\/td><td class=\"column-5\">Ask for a quote<\/td><td class=\"column-6\">Ask for a quote<\/td>\n<\/tr>\n<tr class=\"row-15\">\n\t<td class=\"column-1\">Your Text content loaded Into the site (included Menu Text)<\/td><td class=\"column-2\">5000 words<\/td><td class=\"column-3\">8000 Words<\/td><td class=\"column-4\">15000 Words<\/td><td class=\"column-5\">15000 Words<\/td><td class=\"column-6\">15000 Words<\/td>\n<\/tr>\n<tr class=\"row-16\">\n\t<td class=\"column-1\">Your Images loaded Into the site (don't include Slideshow)<\/td><td class=\"column-2\">up to 6<\/td><td class=\"column-3\">up to 8<\/td><td class=\"column-4\">Up to 20<\/td><td class=\"column-5\">Up to 20<\/td><td class=\"column-6\">Up to 20<\/td>\n<\/tr>\n<tr class=\"row-17\">\n\t<td class=\"column-1\">Your Products \/ Listings Loaded Into the site<\/td><td class=\"column-2\"><\/td><td class=\"column-3\"><\/td><td class=\"column-4\"><\/td><td class=\"column-5\"><\/td><td class=\"column-6\">Up to 15<\/td>\n<\/tr>\n<tr class=\"row-18\">\n\t<td class=\"column-1\">Enquiry\/Contact form<\/td><td class=\"column-2\">\u2713<\/td><td class=\"column-3\">\u2713<\/td><td class=\"column-4\">\u2713<\/td><td class=\"column-5\">\u2713<\/td><td class=\"column-6\">\u2713<\/td>\n<\/tr>\n<tr class=\"row-19\">\n\t<td class=\"column-1\">FAQ Page System<\/td><td class=\"column-2\">Option<\/td><td class=\"column-3\">Option<\/td><td class=\"column-4\">Option<\/td><td class=\"column-5\">Option<\/td><td class=\"column-6\">Option<\/td>\n<\/tr>\n<tr class=\"row-20\">\n\t<td class=\"column-1\">Auto Terms of Service and Privacy Policy<\/td><td class=\"column-2\">Wordpress Only<\/td><td class=\"column-3\">Wordpress Only<\/td><td class=\"column-4\">Wordpress Only<\/td><td class=\"column-5\">Wordpress Only<\/td><td class=\"column-6\">Wordpress Only<\/td>\n<\/tr>\n<tr class=\"row-21\">\n\t<td class=\"column-1\">EU Cookies Law Compliance<\/td><td class=\"column-2\">\u2713<\/td><td class=\"column-3\">\u2713<\/td><td class=\"column-4\">\u2713<\/td><td class=\"column-5\">\u2713<\/td><td class=\"column-6\">\u2713<\/td>\n<\/tr>\n<tr class=\"row-22\">\n\t<td class=\"column-1\">Google map<\/td><td class=\"column-2\">\u2713<\/td><td class=\"column-3\">\u2713<\/td><td class=\"column-4\">\u2713<\/td><td class=\"column-5\">\u2713<\/td><td class=\"column-6\">\u2713<\/td>\n<\/tr>\n<tr class=\"row-23\">\n\t<td class=\"column-1\">Web\/Pro email<\/td><td class=\"column-2\">1<\/td><td class=\"column-3\">Up to 5<\/td><td class=\"column-4\">Unlimited<\/td><td class=\"column-5\">Unlimited<\/td><td class=\"column-6\">Unlimited<\/td>\n<\/tr>\n<tr class=\"row-24\">\n\t<td class=\"column-1\">Multilingual Capability<\/td><td class=\"column-2\">\u2713<\/td><td class=\"column-3\">\u2713<\/td><td class=\"column-4\">\u2713<\/td><td class=\"column-5\">\u2713<\/td><td class=\"column-6\">\u2713<\/td>\n<\/tr>\n<tr class=\"row-25\">\n\t<td class=\"column-1\">Blog Section<\/td><td class=\"column-2\">Yes it's good for SEO<\/td><td class=\"column-3\">Yes it's good for SEO<\/td><td class=\"column-4\">Yes it's good for SEO<\/td><td class=\"column-5\">Yes it's good for SEO<\/td><td class=\"column-6\">Yes it's good for SEO<\/td>\n<\/tr>\n<tr class=\"row-26\">\n\t<td class=\"column-1\">Customer care Chat Support (Zoopim Free)<\/td><td class=\"column-2\"><\/td><td class=\"column-3\">\u2713<\/td><td class=\"column-4\">\u2713<\/td><td class=\"column-5\">\u2713<\/td><td class=\"column-6\">\u2713<\/td>\n<\/tr>\n<tr class=\"row-27\">\n\t<td class=\"column-1\">Newsletter System Integration<\/td><td class=\"column-2\">Only with Business Hosting &amp; Dedicated Server<\/td><td class=\"column-3\">Only with Business Hosting &amp; Dedicated Server<\/td><td class=\"column-4\">Only with Business Hosting &amp; Dedicated Server<\/td><td class=\"column-5\">Only with Business Hosting &amp; Dedicated Server<\/td><td class=\"column-6\">Only with Business Hosting &amp; Dedicated Server<\/td>\n<\/tr>\n<tr class=\"row-28\">\n\t<td class=\"column-1\">Social Media Sharing Features<\/td><td class=\"column-2\">Only with Business Hosting &amp; Dedicated Server<\/td><td class=\"column-3\">Only with Business Hosting &amp; Dedicated Server<\/td><td class=\"column-4\">Only with Business Hosting &amp; Dedicated Server<\/td><td class=\"column-5\">Only with Business Hosting &amp; Dedicated Server<\/td><td class=\"column-6\">Only with Business Hosting &amp; Dedicated Server<\/td>\n<\/tr>\n<tr class=\"row-29\">\n\t<td class=\"column-1\">Social Media Account Integration<\/td><td class=\"column-2\">\u2713<\/td><td class=\"column-3\">\u2713<\/td><td class=\"column-4\">\u2713<\/td><td class=\"column-5\">\u2713<\/td><td class=\"column-6\">\u2713<\/td>\n<\/tr>\n<tr class=\"row-30\">\n\t<td class=\"column-1\">Facebook, Twitter, Google+, Linkedin login<\/td><td class=\"column-2\">Only with Business Hosting &amp; Dedicated Server<\/td><td class=\"column-3\">Only with Business Hosting &amp; Dedicated Server<\/td><td class=\"column-4\">Only with Business Hosting &amp; Dedicated Server<\/td><td class=\"column-5\">Only with Business Hosting &amp; Dedicated Server<\/td><td class=\"column-6\">Only with Business Hosting &amp; Dedicated Server<\/td>\n<\/tr>\n<tr class=\"row-31\">\n\t<td class=\"column-1\">User \/ Customer Login Dashboard<\/td><td class=\"column-2\">\u2713<\/td><td class=\"column-3\">\u2713<\/td><td class=\"column-4\">\u2713<\/td><td class=\"column-5\">\u2713<\/td><td class=\"column-6\">\u2713<\/td>\n<\/tr>\n<tr class=\"row-32\">\n\t<td class=\"column-1\">Online Payment<\/td><td class=\"column-2\">\u2713<\/td><td class=\"column-3\">\u2713<\/td><td class=\"column-4\">\u2713<\/td><td class=\"column-5\">\u2713<\/td><td class=\"column-6\">\u2713<\/td>\n<\/tr>\n<tr class=\"row-33\">\n\t<td class=\"column-1\">Paypal Checkout<\/td><td class=\"column-2\">\u2713<\/td><td class=\"column-3\">\u2713<\/td><td class=\"column-4\">\u2713<\/td><td class=\"column-5\">\u2713<\/td><td class=\"column-6\">\u2713<\/td>\n<\/tr>\n<tr class=\"row-34\">\n\t<td class=\"column-1\">Other Payment Gateway<\/td><td class=\"column-2\">Ask for a quote<\/td><td class=\"column-3\">Ask for a quote<\/td><td class=\"column-4\">Ask for a quote<\/td><td class=\"column-5\">Ask for a quote<\/td><td class=\"column-6\">Ask for a quote<\/td>\n<\/tr>\n<tr class=\"row-35\">\n\t<td class=\"column-1\">Remove Low Cost Web Agency Credits<\/td><td class=\"column-2\">Option<\/td><td class=\"column-3\">Option<\/td><td class=\"column-4\">Option<\/td><td class=\"column-5\">Option<\/td><td class=\"column-6\">Option<\/td>\n<\/tr>\n<tr class=\"row-36\">\n\t<td class=\"column-1\">Server cPanel Access<\/td><td class=\"column-2\">Option<\/td><td class=\"column-3\">Option<\/td><td class=\"column-4\">Option<\/td><td class=\"column-5\">Option<\/td><td class=\"column-6\">Option<\/td>\n<\/tr>\n<tr class=\"row-37\">\n\t<td class=\"column-1\">SSL Certificate<\/td><td class=\"column-2\">Option<\/td><td class=\"column-3\">Option<\/td><td class=\"column-4\">Option<\/td><td class=\"column-5\">Option<\/td><td class=\"column-6\">Option<\/td>\n<\/tr>\n<tr class=\"row-38\">\n\t<td class=\"column-1\">Sub Domains<\/td><td class=\"column-2\">Free &amp; Unlimited with our hosting plans<\/td><td class=\"column-3\">Free &amp; Unlimited with our hosting plans<\/td><td class=\"column-4\">Free &amp; Unlimited with our hosting plans<\/td><td class=\"column-5\">Free &amp; Unlimited with our hosting plans<\/td><td class=\"column-6\">Free &amp; Unlimited with our hosting plans<\/td>\n<\/tr>\n<tr class=\"row-39\">\n\t<td class=\"column-1\">Google Webmaster tools<\/td><td class=\"column-2\">\u2713<\/td><td class=\"column-3\">\u2713<\/td><td class=\"column-4\">\u2713<\/td><td class=\"column-5\">\u2713<\/td><td class=\"column-6\">\u2713<\/td>\n<\/tr>\n<tr class=\"row-40\">\n\t<td class=\"column-1\">Google Analytics<\/td><td class=\"column-2\">\u2713<\/td><td class=\"column-3\">\u2713<\/td><td class=\"column-4\">\u2713<\/td><td class=\"column-5\">\u2713<\/td><td class=\"column-6\">\u2713<\/td>\n<\/tr>\n<tr class=\"row-41\">\n\t<td class=\"column-1\">Search Engine Submissions<\/td><td class=\"column-2\">\u2713<\/td><td class=\"column-3\">\u2713<\/td><td class=\"column-4\">\u2713<\/td><td class=\"column-5\">\u2713<\/td><td class=\"column-6\">\u2713<\/td>\n<\/tr>\n<tr class=\"row-42\">\n\t<td class=\"column-1\">General SEO Configuration<\/td><td class=\"column-2\">\u2713<\/td><td class=\"column-3\">\u2713<\/td><td class=\"column-4\">\u2713<\/td><td class=\"column-5\">\u2713<\/td><td class=\"column-6\">\u2713<\/td>\n<\/tr>\n<tr class=\"row-43\">\n\t<td class=\"column-1\">Advanced SEO Configuration<\/td><td class=\"column-2\">Up to 4 pages<\/td><td class=\"column-3\">Up to 7 pages<\/td><td class=\"column-4\">Up 15 pages<\/td><td class=\"column-5\">Up 15 pages<\/td><td class=\"column-6\">Up 15 pages<\/td>\n<\/tr>\n<tr class=\"row-44\">\n\t<td class=\"column-1\">Competition analysis <\/td><td class=\"column-2\">Option<\/td><td class=\"column-3\">Option<\/td><td class=\"column-4\">Option<\/td><td class=\"column-5\">Option<\/td><td class=\"column-6\">Option<\/td>\n<\/tr>\n<tr class=\"row-45\">\n\t<td class=\"column-1\">Keyword targeting<\/td><td class=\"column-2\">Option<\/td><td class=\"column-3\">Option<\/td><td class=\"column-4\">Option<\/td><td class=\"column-5\">Option<\/td><td class=\"column-6\">Option<\/td>\n<\/tr>\n<tr class=\"row-46\">\n\t<td class=\"column-1\">Extra Plugin\/Component Installation &amp; Configuration<\/td><td class=\"column-2\">Ask for a quote<\/td><td class=\"column-3\">Ask for a quote<\/td><td class=\"column-4\">Ask for a quote<\/td><td class=\"column-5\">Ask for a quote<\/td><td class=\"column-6\">Ask for a quote<\/td>\n<\/tr>\n<tr class=\"row-47\">\n\t<td class=\"column-1\">Full Web Marketing Strategy<\/td><td class=\"column-2\">Ask for a quote<\/td><td class=\"column-3\">Ask for a quote<\/td><td class=\"column-4\">Ask for a quote<\/td><td class=\"column-5\">Ask for a quote<\/td><td class=\"column-6\">Ask for a quote<\/td>\n<\/tr>\n<\/tbody>\n<\/table>\n<!-- #tablepress-5 from cache --><\/div><\/div><\/div><\/div>\n","protected":false},"excerpt":{"rendered":"<p style=\"text-align: justify;\">Construido especialmente por Low Cost Web Agency para empresas inmobiliarias que desean un sitio web que les permita compartir sus ofertas actuales en l\u00ednea.<\/p>\n<p style=\"text-align: justify;\">\u00ab\u00a1Paga lo que necesitas!\u00bb<\/p>\n<p style=\"text-align: justify;\">Es el lema de Low Cost Web Agency &#8230;<\/p>\n","protected":false},"featured_media":42599,"template":"","meta":{"_links_to":"","_links_to_target":""},"product_brand":[],"product_cat":[1379,1411,1380],"product_tag":[1429,1431,1430,1440,1412,1531,1428],"class_list":{"0":"post-43232","1":"product","2":"type-product","3":"status-publish","4":"has-post-thumbnail","6":"product_cat-diseno-web","7":"product_cat-ecommerce-website-es","8":"product_cat-sitio-y-pagina-web","9":"product_tag-btb-es","10":"product_tag-btbtc-es","11":"product_tag-btc-es","12":"product_tag-ecommerce-es","13":"product_tag-ecommerce-website-es","14":"product_tag-sitio-web-inmobiliario","15":"product_tag-website-de-alto-nivel","16":"product_shipping_class-website-corporativo","18":"first","19":"instock","20":"shipping-taxable","21":"purchasable","22":"product-type-composite"},"composite_virtual":false,"composite_layout":"paged","composite_add_to_cart_form_location":"default","composite_editable_in_cart":false,"composite_sold_individually_context":"product","composite_shop_price_calc":"min_max","composite_components":[{"id":"1503037908","title":"Dominio","description":"","query_type":"product_ids","query_ids":[27889],"default_option_id":43272,"thumbnail_id":"","thumbnail_src":"","quantity_min":1,"quantity_max":1,"priced_individually":false,"shipped_individually":false,"optional":false,"discount":"","options_style":"dropdowns","pagination_style":"classic","display_prices":"absolute","show_sorting_options":false,"show_filtering_options":false,"attribute_filter_ids":[],"select_action":"view","product_title_visible":true,"product_descr_visible":true,"product_price_visible":true,"product_thumb_visible":true,"subtotal_visible_product":true,"subtotal_visible_cart":true,"subtotal_visible_orders":true},{"id":"1483511389","title":"Hosting","description":"","query_type":"product_ids","query_ids":[27894],"default_option_id":43273,"thumbnail_id":"","thumbnail_src":"","quantity_min":1,"quantity_max":1,"priced_individually":false,"shipped_individually":false,"optional":false,"discount":"","options_style":"dropdowns","pagination_style":"classic","display_prices":"absolute","show_sorting_options":false,"show_filtering_options":false,"attribute_filter_ids":[],"select_action":"view","product_title_visible":true,"product_descr_visible":true,"product_price_visible":true,"product_thumb_visible":true,"subtotal_visible_product":true,"subtotal_visible_cart":true,"subtotal_visible_orders":true},{"id":"1503317432","title":"IP espec\u00edfica","description":"","query_type":"product_ids","query_ids":[29369],"default_option_id":43268,"thumbnail_id":"","thumbnail_src":"","quantity_min":1,"quantity_max":1,"priced_individually":false,"shipped_individually":false,"optional":false,"discount":"","options_style":"dropdowns","pagination_style":"classic","display_prices":"absolute","show_sorting_options":false,"show_filtering_options":false,"attribute_filter_ids":[],"select_action":"view","product_title_visible":true,"product_descr_visible":true,"product_price_visible":true,"product_thumb_visible":true,"subtotal_visible_product":true,"subtotal_visible_cart":true,"subtotal_visible_orders":true},{"id":"1483511390","title":"SSL","description":"","query_type":"product_ids","query_ids":[27924],"default_option_id":43275,"thumbnail_id":"","thumbnail_src":"","quantity_min":1,"quantity_max":1,"priced_individually":false,"shipped_individually":false,"optional":false,"discount":"","options_style":"dropdowns","pagination_style":"classic","display_prices":"absolute","show_sorting_options":false,"show_filtering_options":false,"attribute_filter_ids":[],"select_action":"view","product_title_visible":true,"product_descr_visible":true,"product_price_visible":true,"product_thumb_visible":true,"subtotal_visible_product":true,"subtotal_visible_cart":true,"subtotal_visible_orders":true},{"id":"1483511391","title":"Acceso Cpanel","description":"","query_type":"product_ids","query_ids":[29372],"default_option_id":43267,"thumbnail_id":"","thumbnail_src":"","quantity_min":1,"quantity_max":1,"priced_individually":false,"shipped_individually":false,"optional":false,"discount":"","options_style":"dropdowns","pagination_style":"classic","display_prices":"absolute","show_sorting_options":false,"show_filtering_options":false,"attribute_filter_ids":[],"select_action":"view","product_title_visible":true,"product_descr_visible":true,"product_price_visible":true,"product_thumb_visible":true,"subtotal_visible_product":true,"subtotal_visible_cart":true,"subtotal_visible_orders":true},{"id":"1503317561","title":"Logo","description":"","query_type":"product_ids","query_ids":[19763],"default_option_id":43349,"thumbnail_id":"","thumbnail_src":"","quantity_min":1,"quantity_max":1,"priced_individually":false,"shipped_individually":false,"optional":false,"discount":"","options_style":"dropdowns","pagination_style":"classic","display_prices":"absolute","show_sorting_options":false,"show_filtering_options":false,"attribute_filter_ids":[],"select_action":"view","product_title_visible":true,"product_descr_visible":true,"product_price_visible":true,"product_thumb_visible":true,"subtotal_visible_product":true,"subtotal_visible_cart":true,"subtotal_visible_orders":true},{"id":"1503317562","title":"Retirar cr\u00e9ditos","description":"","query_type":"product_ids","query_ids":[27928],"default_option_id":43278,"thumbnail_id":"","thumbnail_src":"","quantity_min":1,"quantity_max":1,"priced_individually":false,"shipped_individually":false,"optional":false,"discount":"","options_style":"dropdowns","pagination_style":"classic","display_prices":"absolute","show_sorting_options":false,"show_filtering_options":false,"attribute_filter_ids":[],"select_action":"view","product_title_visible":true,"product_descr_visible":true,"product_price_visible":true,"product_thumb_visible":true,"subtotal_visible_product":true,"subtotal_visible_cart":true,"subtotal_visible_orders":true},{"id":"1503317435","title":"1 a\u00f1o de garant\u00eda","description":"","query_type":"product_ids","query_ids":[29378],"default_option_id":43266,"thumbnail_id":"","thumbnail_src":"","quantity_min":1,"quantity_max":1,"priced_individually":false,"shipped_individually":false,"optional":false,"discount":"","options_style":"dropdowns","pagination_style":"classic","display_prices":"absolute","show_sorting_options":false,"show_filtering_options":false,"attribute_filter_ids":[],"select_action":"view","product_title_visible":true,"product_descr_visible":true,"product_price_visible":true,"product_thumb_visible":true,"subtotal_visible_product":true,"subtotal_visible_cart":true,"subtotal_visible_orders":true}],"composite_scenarios":[],"_links":{"self":[{"href":"https:\/\/www.lowcostwebagency.com\/es\/wp-json\/wp\/v2\/product\/43232","targetHints":{"allow":["GET"]}}],"collection":[{"href":"https:\/\/www.lowcostwebagency.com\/es\/wp-json\/wp\/v2\/product"}],"about":[{"href":"https:\/\/www.lowcostwebagency.com\/es\/wp-json\/wp\/v2\/types\/product"}],"wp:featuredmedia":[{"embeddable":true,"href":"https:\/\/www.lowcostwebagency.com\/es\/wp-json\/wp\/v2\/media\/42599"}],"wp:attachment":[{"href":"https:\/\/www.lowcostwebagency.com\/es\/wp-json\/wp\/v2\/media?parent=43232"}],"wp:term":[{"taxonomy":"product_brand","embeddable":true,"href":"https:\/\/www.lowcostwebagency.com\/es\/wp-json\/wp\/v2\/product_brand?post=43232"},{"taxonomy":"product_cat","embeddable":true,"href":"https:\/\/www.lowcostwebagency.com\/es\/wp-json\/wp\/v2\/product_cat?post=43232"},{"taxonomy":"product_tag","embeddable":true,"href":"https:\/\/www.lowcostwebagency.com\/es\/wp-json\/wp\/v2\/product_tag?post=43232"}],"curies":[{"name":"wp","href":"https:\/\/api.w.org\/{rel}","templated":true}]}}