{"id":43233,"date":"2021-08-26T11:41:39","date_gmt":"2021-08-26T11:41:39","guid":{"rendered":"http:\/\/lowcostwebagency.com\/product\/servicios-personalizados\/"},"modified":"2022-05-13T04:08:01","modified_gmt":"2022-05-13T04:08:01","slug":"servicios-personalizados","status":"publish","type":"product","link":"https:\/\/www.lowcostwebagency.com\/es\/servicios-personalizados\/","title":{"rendered":"Servicios personalizados"},"content":{"rendered":"<h2 style=\"text-align: justify;\">Low Cost Web Agency le ayuda a implementar funcionalidades espec\u00edficas o a resolver cualquier problema encontrado en su sitio web<\/h2>\n<h3 style=\"text-align: justify;\">Obtenga asesoramiento para su sitio web a precios de bajo coste y consiga m\u00e1s tiempo libre para gestionar su negocio principal.<\/h3>\n<p style=\"text-align: justify;\">La mayor\u00eda de las veces, usted puede estar haciendo todas las cosas relacionadas con su sitio web solo&#8230; Algunos temas de la web son bastante f\u00e1ciles para un desarrollador, pero los mismos pueden ser muy complicados para un no profesional. Probablemente, le quitar\u00e1 mucho tiempo y afectar\u00e1 a su sitio web si no consulta a un profesional. Low Cost Web Agency acompa\u00f1a a todas las empresas desarrollando una codificaci\u00f3n espec\u00edfica para sus necesidades concretas. Gracias a nuestros t\u00e9cnicos podr\u00e1s concentrarte en tu actividad principal teniendo tiempo para potenciar tus <strong>ideas, planificarlas y concretarlas<\/strong>. A nuestro equipo de desarrolladores les gusta encontrar para cada proyecto soluciones innovadoras. Nuestra motivaci\u00f3n es su satisfacci\u00f3n y siempre encontramos la manera \u00f3ptima de aplicar sus ideas y exigencias.<\/p>\n<p style=\"text-align: justify;\">Si no tiene un <strong>concepto innovador en<\/strong>\u00a0mente, sino que s\u00f3lo quiere que resolvamos un error encontrado en su sitio web, no se preocupe, \u00a1est\u00e1 en el lugar correcto!<\/p>\n<p style=\"text-align: justify;\">Intente ser lo m\u00e1s espec\u00edfico posible con su consulta. Nos ponemos en contacto con usted lo antes posible con un precio establecido y adecuado a sus necesidades.<\/p>\n<p style=\"text-align: justify;\">Antes de solicitar un presupuesto, verifique si el producto que busca no est\u00e1 disponible en nuestro cat\u00e1logo.<\/p>\n","protected":false},"excerpt":{"rendered":"<p style=\"text-align: justify;\">\u00bfAlg\u00fan problema que quiera resolver o alg\u00fan concepto que quiera realizar? Low Cost Web Agency est\u00e1 aqu\u00ed para ayudarle en sus necesidades de codificaci\u00f3n y debugging.<\/p>\n","protected":false},"featured_media":43164,"template":"","meta":{"_links_to":"","_links_to_target":""},"product_brand":[],"product_cat":[1489],"product_tag":[1423,1426,1425,1424],"class_list":{"0":"post-43233","1":"product","2":"type-product","3":"status-publish","4":"has-post-thumbnail","6":"product_cat-productos-compuestos","7":"product_tag-codificacion","8":"product_tag-debuging-es","9":"product_tag-desarrollo-del-sitio-web","10":"product_tag-personalizacion-del-sitio-web","11":"product_shipping_class-website-corporativo","13":"first","14":"instock","15":"shipping-taxable","16":"purchasable","17":"product-type-simple"},"composite_virtual":false,"composite_layout":"","composite_add_to_cart_form_location":"","composite_editable_in_cart":false,"composite_sold_individually_context":"","composite_shop_price_calc":"","composite_components":[],"composite_scenarios":[],"_links":{"self":[{"href":"https:\/\/www.lowcostwebagency.com\/es\/wp-json\/wp\/v2\/product\/43233","targetHints":{"allow":["GET"]}}],"collection":[{"href":"https:\/\/www.lowcostwebagency.com\/es\/wp-json\/wp\/v2\/product"}],"about":[{"href":"https:\/\/www.lowcostwebagency.com\/es\/wp-json\/wp\/v2\/types\/product"}],"wp:featuredmedia":[{"embeddable":true,"href":"https:\/\/www.lowcostwebagency.com\/es\/wp-json\/wp\/v2\/media\/43164"}],"wp:attachment":[{"href":"https:\/\/www.lowcostwebagency.com\/es\/wp-json\/wp\/v2\/media?parent=43233"}],"wp:term":[{"taxonomy":"product_brand","embeddable":true,"href":"https:\/\/www.lowcostwebagency.com\/es\/wp-json\/wp\/v2\/product_brand?post=43233"},{"taxonomy":"product_cat","embeddable":true,"href":"https:\/\/www.lowcostwebagency.com\/es\/wp-json\/wp\/v2\/product_cat?post=43233"},{"taxonomy":"product_tag","embeddable":true,"href":"https:\/\/www.lowcostwebagency.com\/es\/wp-json\/wp\/v2\/product_tag?post=43233"}],"curies":[{"name":"wp","href":"https:\/\/api.w.org\/{rel}","templated":true}]}}