{"id":43234,"date":"2021-08-26T11:42:34","date_gmt":"2021-08-26T11:42:34","guid":{"rendered":"http:\/\/lowcostwebagency.com\/product\/website-header\/"},"modified":"2022-05-12T12:15:28","modified_gmt":"2022-05-12T12:15:28","slug":"website-header","status":"publish","type":"product","link":"https:\/\/www.lowcostwebagency.com\/es\/website-header\/","title":{"rendered":"Website Header"},"content":{"rendered":"<h2>El encabezado de su sitio web debe ser perfecto<\/h2>\n<h3>Resalte su sitio web con un banner de encabezado que asombra a sus visitantes<\/h3>\n<p style=\"text-align: justify;\">Your website header is placed at the top position of your website. Presentese a los visitantes de su sitio web con su actividad. Bas\u00e1ndose en la parte principal, su visitante juzgar\u00e1 si est\u00e1 en el lugar correcto o no y en pocos segundos decidir\u00e1 permanecer m\u00e1s en su sitio web o dejarlo. Un encabezado de sitio web profesional es realmente un factor clave de \u00e9xito para mejorar su tasa de conversi\u00f3n. \u00a1Marquemos su producto, su negocio o incluso una persona que persuadir\u00e1 a su visitante para que contin\u00fae su visita! El encabezado de su sitio web es la mejor manera de comunicar r\u00e1pidamente su visi\u00f3n, sus valores, su producto. El encabezado de su sitio web debe actualizarse con frecuencia y ser exclusivo para una o varias p\u00e1ginas. Ver siempre el mismo encabezado del sitio web durante meses y a\u00f1os resultar\u00e1 aburrido para sus clientes.<\/p>\n<h3 style=\"text-align: justify;\">Sus clientes son lo m\u00e1s importante en su negocio, por lo que debe brindarles el m\u00e1ximo respeto mejorando su experiencia de usuario en su sitio web.<\/h3>\n<p style=\"text-align: justify;\">\u00bfSu objetivo es transformar siempre a sus visitantes en clientes? \u00a1Eso comienza desde el encabezado de su sitio web! Le proporcionaremos toda nuestra experiencia para asesorarlo sobre el dise\u00f1o del encabezado de su sitio web. Nuestros dise\u00f1adores senior le garantizan el mejor resultado a bajo precio. Puede decidir si desea los archivos fuente del encabezado de su sitio web o solo necesita la versi\u00f3n web. Puede pedirnos que carguemos su nueva portada directamente en su sitio web. Hay muchas opciones disponibles que se ajustan a sus necesidades y le permiten obtener la oferta de precio que le satisface.<\/p>\n<blockquote><p><em>\u00ab\u00a1Pague por lo que necesite!\u00bb<\/em><\/p><\/blockquote>\n<p style=\"text-align: justify;\">Es el lema de Low Cost Web Agency. \u00a1Queremos que todo el mundo obtenga una imagen profesional en la web sin gastar mucho dinero!<\/p>\n<p style=\"text-align: justify;\">Qu\u00e9 m\u00e1s, \u00a1compre ya!<\/p>\n<p style=\"text-align: justify;\"><div class=\"fusion-fullwidth fullwidth-box fusion-builder-row-1 fusion-flex-container hundred-percent-fullwidth non-hundred-percent-height-scrolling\" style=\"--awb-border-radius-top-left:0px;--awb-border-radius-top-right:0px;--awb-border-radius-bottom-right:0px;--awb-border-radius-bottom-left:0px;--awb-overflow:visible;--awb-flex-wrap:wrap;\" ><div class=\"fusion-builder-row fusion-row fusion-flex-align-items-flex-start fusion-flex-content-wrap\" style=\"width:calc( 100% + 0px ) !important;max-width:calc( 100% + 0px ) !important;margin-left: calc(-0px \/ 2 );margin-right: calc(-0px \/ 2 );\"><div class=\"fusion-layout-column fusion_builder_column fusion-builder-column-0 fusion_builder_column_1_1 1_1 fusion-flex-column fusion-flex-align-self-flex-start fusion-column-no-min-height\" style=\"--awb-bg-size:cover;--awb-width-large:100%;--awb-margin-top-large:0px;--awb-spacing-right-large:0px;--awb-margin-bottom-large:0px;--awb-spacing-left-large:0px;--awb-width-medium:100%;--awb-spacing-right-medium:0px;--awb-spacing-left-medium:0px;--awb-width-small:100%;--awb-spacing-right-small:0px;--awb-spacing-left-small:0px;\"><div class=\"fusion-column-wrapper fusion-flex-justify-content-flex-start fusion-content-layout-column\">\n<table id=\"tablepress-31\" class=\"tablepress tablepress-id-31\">\n<thead>\n<tr class=\"row-1\">\n\t<th class=\"column-1\">Tipo de banner<\/th><th class=\"column-2\">Tama\u00f1o (PX)<\/th><th class=\"column-3\">INSTRUCCIONES<\/th>\n<\/tr>\n<\/thead>\n<tbody class=\"row-striping row-hover\">\n<tr class=\"row-2\">\n\t<td class=\"column-1\"><a href=\"\/es\/producto\/portada-de-facebook\/\" target=\"_blank\" rel=\"noopener\"> photo Facebook de Couverture <\/a><\/td><td class=\"column-2\">828 * 315<\/td><td class=\"column-3\">Para obtener los mejores resultados, descargue un archivo RGB JPG menos de 100 KB<\/td>\n<\/tr>\n<tr class=\"row-3\">\n\t<td class=\"column-1\"><a href=\"\/es\/producto\/portada-de-linkedin\/\" target=\"_blank\" rel=\"noopener\"> bandeau linkedin <\/a><\/td><td class=\"column-2\">Entre 1400 * 425 y 4000 * 4000.<\/td><td class=\"column-3\">Tama\u00f1o m\u00e1ximo: 4MB<\/td>\n<\/tr>\n<tr class=\"row-4\">\n\t<td class=\"column-1\"><a href=\"\/product\/twitter-cover\/\" target=\"_blank\" rel=\"noopener\"> bandeau twitter <\/a><\/td><td class=\"column-2\">1500 * 500<\/td><td class=\"column-3\">Tama\u00f1o m\u00e1ximo: 10 MB<\/td>\n<\/tr>\n<tr class=\"row-5\">\n\t<td class=\"column-1\"><a href=\"\/es\/producto\/google-portada\/\" target=\"_blank\" rel=\"noopener\"> bandeau google + <\/a><\/td><td class=\"column-2\">1080 * 608<\/td><td class=\"column-3\">M\u00ednimo (PX): 480 * 270<br \/>\nM\u00e1ximo (PX): 2120 * 1192<\/td>\n<\/tr>\n<tr class=\"row-6\">\n\t<td class=\"column-1\"><a href=\"\/es\/producto\/cubierta-de-youtube\/\" target=\"_blank\" rel=\"noopener\"> bandeau youtube <\/a><\/td><td class=\"column-2\">2560 * 1440<\/td><td class=\"column-3\">-<\/td>\n<\/tr>\n<tr class=\"row-7\">\n\t<td class=\"column-1\"><a href=\"\/product\/advertisement-banner\/\" target=\"_blank\" rel=\"noopener\"> banner de publicidad <\/a><\/td><td class=\"column-2\">Rect\u00e1ngulo promedio: 300 * 250<br \/>\nClasificaci\u00f3n: 728 * 90<br \/>\nRascacielos ancho: 160 * 600<br \/>\nBanner: 468 * 60<br \/>\nRascacielos: 120 * 600<br \/>\nRect\u00e1ngulo: 300 * 100<br \/>\nMicro Bar: 88 * 31<br \/>\nMedia P\u00c1GINA: 300 * 600<br \/>\nRect\u00e1ngulo grande: 336 * 280<br \/>\nClasificaci\u00f3n m\u00f3vil: 320 * 50<\/td><td class=\"column-3\">Choisissez une de ces dimensions<\/td>\n<\/tr>\n<tr class=\"row-8\">\n\t<td class=\"column-1\"><a href=\"\/es\/producto\/website-header\/\" target=\"_blank\" rel=\"noopener\"> en-t\u00eate du sitio <\/a><\/td><td class=\"column-2\">1024 * 300<\/td><td class=\"column-3\"><\/td>\n<\/tr>\n<tr class=\"row-9\">\n\t<td class=\"column-1\"><a href=\"\/es\/producto\/banner-personalizado\/\" target=\"_blank\" rel=\"noopener\"> banner personalizado <\/a><\/td><td class=\"column-2\">Si no encuentra la dimensi\u00f3n requerida, preg\u00fantenos una oferta de banner personalizada.<\/td><td class=\"column-3\">-<\/td>\n<\/tr>\n<\/tbody>\n<\/table>\n<!-- #tablepress-31 from cache -->\n<\/div><\/div><\/div><\/div><\/p>\n","protected":false},"excerpt":{"rendered":"<p style=\"text-align: justify;\">Low Cost Web Agency le brinda su <strong>experiencia<\/strong> y asesora con respecto al <strong>dise\u00f1o de encabezado de<\/strong> su sitio web.<\/p>\n","protected":false},"featured_media":42624,"template":"","meta":{"_links_to":"","_links_to_target":""},"product_brand":[],"product_cat":[1452,1379,1454],"product_tag":[1533,1532,1534],"class_list":{"0":"post-43234","1":"product","2":"type-product","3":"status-publish","4":"has-post-thumbnail","6":"product_cat-diseno","7":"product_cat-diseno-web","8":"product_cat-pancartas","9":"product_tag-banner-de-encabezado","10":"product_tag-encabezado-del-sitio-web","11":"product_tag-imagen-profesional","13":"first","14":"instock","15":"shipping-taxable","16":"purchasable","17":"product-type-simple"},"composite_virtual":false,"composite_layout":"","composite_add_to_cart_form_location":"","composite_editable_in_cart":false,"composite_sold_individually_context":"","composite_shop_price_calc":"","composite_components":[],"composite_scenarios":[],"_links":{"self":[{"href":"https:\/\/www.lowcostwebagency.com\/es\/wp-json\/wp\/v2\/product\/43234","targetHints":{"allow":["GET"]}}],"collection":[{"href":"https:\/\/www.lowcostwebagency.com\/es\/wp-json\/wp\/v2\/product"}],"about":[{"href":"https:\/\/www.lowcostwebagency.com\/es\/wp-json\/wp\/v2\/types\/product"}],"wp:featuredmedia":[{"embeddable":true,"href":"https:\/\/www.lowcostwebagency.com\/es\/wp-json\/wp\/v2\/media\/42624"}],"wp:attachment":[{"href":"https:\/\/www.lowcostwebagency.com\/es\/wp-json\/wp\/v2\/media?parent=43234"}],"wp:term":[{"taxonomy":"product_brand","embeddable":true,"href":"https:\/\/www.lowcostwebagency.com\/es\/wp-json\/wp\/v2\/product_brand?post=43234"},{"taxonomy":"product_cat","embeddable":true,"href":"https:\/\/www.lowcostwebagency.com\/es\/wp-json\/wp\/v2\/product_cat?post=43234"},{"taxonomy":"product_tag","embeddable":true,"href":"https:\/\/www.lowcostwebagency.com\/es\/wp-json\/wp\/v2\/product_tag?post=43234"}],"curies":[{"name":"wp","href":"https:\/\/api.w.org\/{rel}","templated":true}]}}