{"id":43237,"date":"2021-08-26T11:44:15","date_gmt":"2021-08-26T11:44:15","guid":{"rendered":"http:\/\/lowcostwebagency.com\/product\/edicion-de-fotos-eliminar-background\/"},"modified":"2022-05-12T12:13:50","modified_gmt":"2022-05-12T12:13:50","slug":"edicion-de-fotos-eliminar-background","status":"publish","type":"product","link":"https:\/\/www.lowcostwebagency.com\/es\/edicion-de-fotos-eliminar-background\/","title":{"rendered":"Edici\u00f3n de fotos &#8211; eliminar background"},"content":{"rendered":"<h2 style=\"text-align: justify;\">Low Cost Web Agency elimina el background de cualquier foto que necesite<\/h2>\n<h3 style=\"text-align: justify;\">Utilice su imagen como desee con el background de su elecci\u00f3n o sin ninguno. Totalmente transparente o coloreado.<\/h3>\n<p style=\"text-align: justify;\">Principalmente, los profesionales optan por eliminar el background de su foto original para obtener una calidad excelente. Hay disponibles diferentes opciones para su nuevo background: transparente, blanco, negro o verde o cualquier otro color que desee. Adem\u00e1s, puede proporcionarnos un background espec\u00edfico. Como ejemplo, en la parte posterior de su imagen podemos agregar un edificio comercial o \u00e1rboles de cocos de acuerdo con el objetivo que est\u00e1 persiguiendo. En caso de background espec\u00edfico, debe proporcionarnos la imagen que desea como background.<\/p>\n<p style=\"text-align: justify;\">Nuestro dise\u00f1ador senior le garantizar\u00e1 el mejor resultado cuidando cada detalle de su imagen. Esto solo le permitir\u00e1 obtener la mejor calidad cuando desee integrar un nuevo background espec\u00edfico.<\/p>\n<p style=\"text-align: justify;\">Observaciones: Por favor, agregue en su carrito la misma cantidad de art\u00edculo que la cantidad de im\u00e1genes que necesita para trabajar y especifique qu\u00e9 tipo de background desea obtener (transparente, negro, blanco, de color o background espec\u00edfico).<\/p>\n<p style=\"text-align: justify;\">A partir de la imagen, definimos un nivel de dificultad que nos permite fijar el precio y estimar el tiempo de trabajo necesario para producir su imagen. Procuramos ser lo m\u00e1s objetivo posible a la hora de seleccionar el nivel de dificultad.<\/p>\n<p style=\"text-align: justify;\">Qu\u00e9 m\u00e1s, \u00a1compre ya!<\/p>\n<div class=\"fusion-fullwidth fullwidth-box fusion-builder-row-1 fusion-flex-container hundred-percent-fullwidth non-hundred-percent-height-scrolling\" style=\"--awb-border-radius-top-left:0px;--awb-border-radius-top-right:0px;--awb-border-radius-bottom-right:0px;--awb-border-radius-bottom-left:0px;--awb-overflow:visible;--awb-flex-wrap:wrap;\" ><div class=\"fusion-builder-row fusion-row fusion-flex-align-items-flex-start fusion-flex-content-wrap\" style=\"width:calc( 100% + 0px ) !important;max-width:calc( 100% + 0px ) !important;margin-left: calc(-0px \/ 2 );margin-right: calc(-0px \/ 2 );\"><div class=\"fusion-layout-column fusion_builder_column fusion-builder-column-0 fusion_builder_column_1_1 1_1 fusion-flex-column fusion-flex-align-self-flex-start fusion-column-no-min-height\" style=\"--awb-bg-size:cover;--awb-width-large:100%;--awb-margin-top-large:0px;--awb-spacing-right-large:0px;--awb-margin-bottom-large:0px;--awb-spacing-left-large:0px;--awb-width-medium:100%;--awb-spacing-right-medium:0px;--awb-spacing-left-medium:0px;--awb-width-small:100%;--awb-spacing-right-small:0px;--awb-spacing-left-small:0px;\"><div class=\"fusion-column-wrapper fusion-flex-justify-content-flex-start fusion-content-layout-column\">\n<table id=\"tablepress-32\" class=\"tablepress tablepress-id-32\">\n<thead>\n<tr class=\"row-1\">\n\t<th class=\"column-1\">Imagen de complejidad<\/th><th class=\"column-2\">Ejemplo 1<\/th><th class=\"column-3\">Ejemplo 2<\/th><th class=\"column-4\">Ejemplo 3<\/th>\n<\/tr>\n<\/thead>\n<tbody class=\"row-striping row-hover\">\n<tr class=\"row-2\">\n\t<td class=\"column-1\"><p style=\"font-size: 150%; padding: 100px;\">F\u00c1CIL<\/p><\/td><td class=\"column-2\"><img decoding=\"async\" src=\"https:\/\/www.lowcostwebagency.com\/wp-content\/uploads\/2017\/02\/easy2.jpg\" alt=\"\" width=\"300\" height=\"300\" class=\"alignnone size-full wp-image-28342\" title=\"\" srcset=\"https:\/\/www.lowcostwebagency.com\/wp-content\/uploads\/2017\/02\/easy2-66x66.jpg 66w, https:\/\/www.lowcostwebagency.com\/wp-content\/uploads\/2017\/02\/easy2-100x100.jpg 100w, https:\/\/www.lowcostwebagency.com\/wp-content\/uploads\/2017\/02\/easy2-150x150.jpg 150w, https:\/\/www.lowcostwebagency.com\/wp-content\/uploads\/2017\/02\/easy2-200x200.jpg 200w, https:\/\/www.lowcostwebagency.com\/wp-content\/uploads\/2017\/02\/easy2.jpg 300w\" sizes=\"(max-width: 300px) 100vw, 300px\" \/><\/td><td class=\"column-3\"><img decoding=\"async\" src=\"https:\/\/www.lowcostwebagency.com\/wp-content\/uploads\/2017\/02\/easy3.jpg\" alt=\"\" width=\"300\" height=\"300\" class=\"alignnone size-full wp-image-28341\" title=\"\" srcset=\"https:\/\/www.lowcostwebagency.com\/wp-content\/uploads\/2017\/02\/easy3-66x66.jpg 66w, https:\/\/www.lowcostwebagency.com\/wp-content\/uploads\/2017\/02\/easy3-100x100.jpg 100w, https:\/\/www.lowcostwebagency.com\/wp-content\/uploads\/2017\/02\/easy3-150x150.jpg 150w, https:\/\/www.lowcostwebagency.com\/wp-content\/uploads\/2017\/02\/easy3-200x200.jpg 200w, https:\/\/www.lowcostwebagency.com\/wp-content\/uploads\/2017\/02\/easy3.jpg 300w\" sizes=\"(max-width: 300px) 100vw, 300px\" \/><\/td><td class=\"column-4\"><img decoding=\"async\" src=\"https:\/\/www.lowcostwebagency.com\/wp-content\/uploads\/2017\/02\/easy1.jpg\" alt=\"\" width=\"300\" height=\"300\" class=\"alignnone size-full wp-image-28340\" img title=\"\" srcset=\"https:\/\/www.lowcostwebagency.com\/wp-content\/uploads\/2017\/02\/easy1-66x66.jpg 66w, https:\/\/www.lowcostwebagency.com\/wp-content\/uploads\/2017\/02\/easy1-100x100.jpg 100w, https:\/\/www.lowcostwebagency.com\/wp-content\/uploads\/2017\/02\/easy1-150x150.jpg 150w, https:\/\/www.lowcostwebagency.com\/wp-content\/uploads\/2017\/02\/easy1-200x200.jpg 200w, https:\/\/www.lowcostwebagency.com\/wp-content\/uploads\/2017\/02\/easy1.jpg 300w\" sizes=\"(max-width: 300px) 100vw, 300px\" \/><\/td>\n<\/tr>\n<tr class=\"row-3\">\n\t<td class=\"column-1\"><p style=\"font-size: 150%; padding: 100px;\">CAMINO<\/p><\/td><td class=\"column-2\"><img decoding=\"async\" src=\"https:\/\/www.lowcostwebagency.com\/wp-content\/uploads\/2017\/02\/med1-1.jpg\" alt=\"\" width=\"300\" height=\"300\" class=\"alignnone size-full wp-image-28359\" title=\"\" srcset=\"https:\/\/www.lowcostwebagency.com\/wp-content\/uploads\/2017\/02\/med1-1-66x66.jpg 66w, https:\/\/www.lowcostwebagency.com\/wp-content\/uploads\/2017\/02\/med1-1-100x100.jpg 100w, https:\/\/www.lowcostwebagency.com\/wp-content\/uploads\/2017\/02\/med1-1-150x150.jpg 150w, https:\/\/www.lowcostwebagency.com\/wp-content\/uploads\/2017\/02\/med1-1-200x200.jpg 200w, https:\/\/www.lowcostwebagency.com\/wp-content\/uploads\/2017\/02\/med1-1.jpg 300w\" sizes=\"(max-width: 300px) 100vw, 300px\" \/><\/td><td class=\"column-3\"><img decoding=\"async\" src=\"https:\/\/www.lowcostwebagency.com\/wp-content\/uploads\/2017\/02\/med2.jpg\" alt=\"\" width=\"300\" height=\"300\" class=\"alignleft size-full wp-image-28353\" title=\"\" srcset=\"https:\/\/www.lowcostwebagency.com\/wp-content\/uploads\/2017\/02\/med2-66x66.jpg 66w, https:\/\/www.lowcostwebagency.com\/wp-content\/uploads\/2017\/02\/med2-100x100.jpg 100w, https:\/\/www.lowcostwebagency.com\/wp-content\/uploads\/2017\/02\/med2-150x150.jpg 150w, https:\/\/www.lowcostwebagency.com\/wp-content\/uploads\/2017\/02\/med2-200x200.jpg 200w, https:\/\/www.lowcostwebagency.com\/wp-content\/uploads\/2017\/02\/med2.jpg 300w\" sizes=\"(max-width: 300px) 100vw, 300px\" \/><\/td><td class=\"column-4\"><img decoding=\"async\" src=\"https:\/\/www.lowcostwebagency.com\/wp-content\/uploads\/2017\/02\/med3-1.jpg\" alt=\"\" width=\"300\" height=\"300\" class=\"alignnone size-full wp-image-28360\" title=\"\" srcset=\"https:\/\/www.lowcostwebagency.com\/wp-content\/uploads\/2017\/02\/med3-1-66x66.jpg 66w, https:\/\/www.lowcostwebagency.com\/wp-content\/uploads\/2017\/02\/med3-1-100x100.jpg 100w, https:\/\/www.lowcostwebagency.com\/wp-content\/uploads\/2017\/02\/med3-1-150x150.jpg 150w, https:\/\/www.lowcostwebagency.com\/wp-content\/uploads\/2017\/02\/med3-1-200x200.jpg 200w, https:\/\/www.lowcostwebagency.com\/wp-content\/uploads\/2017\/02\/med3-1.jpg 300w\" sizes=\"(max-width: 300px) 100vw, 300px\" \/><\/td>\n<\/tr>\n<tr class=\"row-4\">\n\t<td class=\"column-1\"><p style=\"font-size: 150%; padding: 100px;\">DURO<\/p><\/td><td class=\"column-2\"><img decoding=\"async\" src=\"https:\/\/www.lowcostwebagency.com\/wp-content\/uploads\/2017\/02\/diff3-1.jpg\" alt=\"\" width=\"300\" height=\"300\" class=\"alignnone size-full wp-image-28358\" title=\"\" srcset=\"https:\/\/www.lowcostwebagency.com\/wp-content\/uploads\/2017\/02\/diff3-1-66x66.jpg 66w, https:\/\/www.lowcostwebagency.com\/wp-content\/uploads\/2017\/02\/diff3-1-100x100.jpg 100w, https:\/\/www.lowcostwebagency.com\/wp-content\/uploads\/2017\/02\/diff3-1-150x150.jpg 150w, https:\/\/www.lowcostwebagency.com\/wp-content\/uploads\/2017\/02\/diff3-1-200x200.jpg 200w, https:\/\/www.lowcostwebagency.com\/wp-content\/uploads\/2017\/02\/diff3-1.jpg 300w\" sizes=\"(max-width: 300px) 100vw, 300px\" \/><\/td><td class=\"column-3\"><img decoding=\"async\" src=\"https:\/\/www.lowcostwebagency.com\/wp-content\/uploads\/2017\/02\/diff2.jpg\" alt=\"\" width=\"300\" height=\"300\" class=\"alignleft size-full wp-image-28350\" title=\"\" srcset=\"https:\/\/www.lowcostwebagency.com\/wp-content\/uploads\/2017\/02\/diff2-66x66.jpg 66w, https:\/\/www.lowcostwebagency.com\/wp-content\/uploads\/2017\/02\/diff2-100x100.jpg 100w, https:\/\/www.lowcostwebagency.com\/wp-content\/uploads\/2017\/02\/diff2-150x150.jpg 150w, https:\/\/www.lowcostwebagency.com\/wp-content\/uploads\/2017\/02\/diff2-200x200.jpg 200w, https:\/\/www.lowcostwebagency.com\/wp-content\/uploads\/2017\/02\/diff2.jpg 300w\" sizes=\"(max-width: 300px) 100vw, 300px\" \/><\/td><td class=\"column-4\"><img decoding=\"async\" src=\"https:\/\/www.lowcostwebagency.com\/wp-content\/uploads\/2017\/02\/diff1-1.jpg\" alt=\"\" width=\"300\" height=\"300\" class=\"alignnone size-full wp-image-28357\" title=\"\" srcset=\"https:\/\/www.lowcostwebagency.com\/wp-content\/uploads\/2017\/02\/diff1-1-66x66.jpg 66w, https:\/\/www.lowcostwebagency.com\/wp-content\/uploads\/2017\/02\/diff1-1-100x100.jpg 100w, https:\/\/www.lowcostwebagency.com\/wp-content\/uploads\/2017\/02\/diff1-1-150x150.jpg 150w, https:\/\/www.lowcostwebagency.com\/wp-content\/uploads\/2017\/02\/diff1-1-200x200.jpg 200w, https:\/\/www.lowcostwebagency.com\/wp-content\/uploads\/2017\/02\/diff1-1.jpg 300w\" sizes=\"(max-width: 300px) 100vw, 300px\" \/><\/td>\n<\/tr>\n<\/tbody>\n<\/table>\n<!-- #tablepress-32 from cache --><\/div><\/div><\/div><\/div>\n","protected":false},"excerpt":{"rendered":"<p style=\"text-align: justify;\">Low Cost Web Agency elimina el background de sus im\u00e1genes. Las im\u00e1genes de alta calidad le ayudar\u00e1n a incrementar sus tasas de conversi\u00f3n, incrementar sus ventas, incrementar el valor de su marca y aligerar sus archivos. La mayor\u00eda de nuestros clientes interesados en nuestros servicios de eliminar background son propietarios de comercio electr\u00f3nico que buscan insertar en su sitio web solo im\u00e1genes de productos con la mejor calidad. Nuestro servicio se realiza a mano, uno a uno. No utilizamos ning\u00fan software autom\u00e1tico para proporcionar solo un resultado excelente.<\/p>\n","protected":false},"featured_media":42637,"template":"","meta":{"_links_to":"","_links_to_target":""},"product_brand":[],"product_cat":[1452,1379,1455],"product_tag":[1556,1552,1553,1554,1555],"class_list":{"0":"post-43237","1":"product","2":"type-product","3":"status-publish","4":"has-post-thumbnail","6":"product_cat-diseno","7":"product_cat-diseno-web","8":"product_cat-edicion-de-imagenes-y-documentos","9":"product_tag-background-especifico","10":"product_tag-blanco","11":"product_tag-edicion-de-fotos","12":"product_tag-eliminar-background","13":"product_tag-transparente","15":"first","16":"instock","17":"shipping-taxable","18":"purchasable","19":"product-type-simple"},"composite_virtual":false,"composite_layout":"","composite_add_to_cart_form_location":"","composite_editable_in_cart":false,"composite_sold_individually_context":"","composite_shop_price_calc":"","composite_components":[],"composite_scenarios":[],"_links":{"self":[{"href":"https:\/\/www.lowcostwebagency.com\/es\/wp-json\/wp\/v2\/product\/43237","targetHints":{"allow":["GET"]}}],"collection":[{"href":"https:\/\/www.lowcostwebagency.com\/es\/wp-json\/wp\/v2\/product"}],"about":[{"href":"https:\/\/www.lowcostwebagency.com\/es\/wp-json\/wp\/v2\/types\/product"}],"wp:featuredmedia":[{"embeddable":true,"href":"https:\/\/www.lowcostwebagency.com\/es\/wp-json\/wp\/v2\/media\/42637"}],"wp:attachment":[{"href":"https:\/\/www.lowcostwebagency.com\/es\/wp-json\/wp\/v2\/media?parent=43237"}],"wp:term":[{"taxonomy":"product_brand","embeddable":true,"href":"https:\/\/www.lowcostwebagency.com\/es\/wp-json\/wp\/v2\/product_brand?post=43237"},{"taxonomy":"product_cat","embeddable":true,"href":"https:\/\/www.lowcostwebagency.com\/es\/wp-json\/wp\/v2\/product_cat?post=43237"},{"taxonomy":"product_tag","embeddable":true,"href":"https:\/\/www.lowcostwebagency.com\/es\/wp-json\/wp\/v2\/product_tag?post=43237"}],"curies":[{"name":"wp","href":"https:\/\/api.w.org\/{rel}","templated":true}]}}