{"id":43239,"date":"2021-08-26T11:45:17","date_gmt":"2021-08-26T11:45:17","guid":{"rendered":"http:\/\/lowcostwebagency.com\/product\/optimizacion-de-imagenes\/"},"modified":"2022-05-12T12:12:42","modified_gmt":"2022-05-12T12:12:42","slug":"optimizacion-de-imagenes","status":"publish","type":"product","link":"https:\/\/www.lowcostwebagency.com\/es\/optimizacion-de-imagenes\/","title":{"rendered":"Optimizaci\u00f3n de im\u00e1genes"},"content":{"rendered":"<h2 style=\"text-align: justify;\"><strong>Optimice el peso de sus im\u00e1genes y mejore el rendimiento de su blog o sitio web<\/strong><\/h2>\n<h3 style=\"text-align: justify;\">\u00bfPor qu\u00e9 deber\u00eda tener siempre im\u00e1genes optimizadas?<\/h3>\n<p style=\"text-align: justify;\">Hoy en d\u00eda, la optimizaci\u00f3n de im\u00e1genes es necesaria en muchos casos. Como ejemplo, necesitar\u00e1 cambiar el tama\u00f1o o aligerar sus fotos para disminuir el tiempo de carga de su sitio web o su blog &#8230; La reducci\u00f3n del archivo debe ser lo m\u00e1s peque\u00f1a posible si desea brindar la mejor experiencia de usuario a sus visitantes cuando visitan su sitio web a trav\u00e9s de cualquier dispositivo m\u00f3vil.<\/p>\n<p style=\"text-align: justify;\">Adem\u00e1s, si vende productos en eBay, Amazon, Shopify, Etsy y otras tiendas de comercio electr\u00f3nico, se le debe solicitar que proporcione sus im\u00e1genes con un formato espec\u00edfico y un peso m\u00e1ximo.<\/p>\n<h3>\u00bfPorque deberia elegirnos?<\/h3>\n<p style=\"text-align: justify;\">Low Cost Web Agency optimiza sus im\u00e1genes una a una y reduce su peso para alcanzar el mejor resultado sin perder calidad. Simplemente, elija la cantidad de im\u00e1genes que desea optimizar desde 1 hasta 1000 im\u00e1genes. Cuanto m\u00e1s fotograf\u00edas necesite optimizar, menor es el precio unitario.<\/p>\n<p style=\"text-align: justify;\">Tenga cuidado, este servicio no es adecuado para la edici\u00f3n de fotograf\u00edas donde la creatividad est\u00e1 involucrada. Si est\u00e1 buscando este tipo de servicio, eche un vistazo a nuestros otros Gigs en la categor\u00eda de dise\u00f1o. Nuestro equipo de soporte tambi\u00e9n est\u00e1 a su disposici\u00f3n por chat para asesorarlo en la elecci\u00f3n.<\/p>\n<p style=\"text-align: justify;\">Qu\u00e9 m\u00e1s, \u00a1compre ya!<\/p>\n","protected":false},"excerpt":{"rendered":"<p style=\"text-align: justify;\">El rendimiento de su sitio web en los rankings de b\u00fasqueda a menudo est\u00e1 vinculado al tiempo de carga de sus p\u00e1ginas. Para reducir al m\u00e1ximo el tiempo de carga de su sitio web, deber\u00e1 optimizar el peso de cada imagen. Es posible que tambi\u00e9n necesite tener im\u00e1genes optimizadas si desea vender o mostrar sus productos en plataformas, por ejemplo, Amazon.<\/p>\n","protected":false},"featured_media":42602,"template":"","meta":{"_links_to":"","_links_to_target":""},"product_brand":[],"product_cat":[1452,1379,1455],"product_tag":[1561,1560,1562],"class_list":{"0":"post-43239","1":"product","2":"type-product","3":"status-publish","4":"has-post-thumbnail","6":"product_cat-diseno","7":"product_cat-diseno-web","8":"product_cat-edicion-de-imagenes-y-documentos","9":"product_tag-categoria-de-diseno","10":"product_tag-optimizacion-de-imagenes","11":"product_tag-rendimiento-del-sitio-web","13":"first","14":"instock","15":"shipping-taxable","16":"purchasable","17":"product-type-simple"},"composite_virtual":false,"composite_layout":"","composite_add_to_cart_form_location":"","composite_editable_in_cart":false,"composite_sold_individually_context":"","composite_shop_price_calc":"","composite_components":[],"composite_scenarios":[],"_links":{"self":[{"href":"https:\/\/www.lowcostwebagency.com\/es\/wp-json\/wp\/v2\/product\/43239","targetHints":{"allow":["GET"]}}],"collection":[{"href":"https:\/\/www.lowcostwebagency.com\/es\/wp-json\/wp\/v2\/product"}],"about":[{"href":"https:\/\/www.lowcostwebagency.com\/es\/wp-json\/wp\/v2\/types\/product"}],"wp:featuredmedia":[{"embeddable":true,"href":"https:\/\/www.lowcostwebagency.com\/es\/wp-json\/wp\/v2\/media\/42602"}],"wp:attachment":[{"href":"https:\/\/www.lowcostwebagency.com\/es\/wp-json\/wp\/v2\/media?parent=43239"}],"wp:term":[{"taxonomy":"product_brand","embeddable":true,"href":"https:\/\/www.lowcostwebagency.com\/es\/wp-json\/wp\/v2\/product_brand?post=43239"},{"taxonomy":"product_cat","embeddable":true,"href":"https:\/\/www.lowcostwebagency.com\/es\/wp-json\/wp\/v2\/product_cat?post=43239"},{"taxonomy":"product_tag","embeddable":true,"href":"https:\/\/www.lowcostwebagency.com\/es\/wp-json\/wp\/v2\/product_tag?post=43239"}],"curies":[{"name":"wp","href":"https:\/\/api.w.org\/{rel}","templated":true}]}}