{"id":43241,"date":"2016-10-27T11:30:15","date_gmt":"2016-10-27T11:30:15","guid":{"rendered":"http:\/\/lowcostwebagency.com\/product\/pdf-a-documento\/"},"modified":"2022-05-12T12:11:16","modified_gmt":"2022-05-12T12:11:16","slug":"pdf-a-documento","status":"publish","type":"product","link":"https:\/\/www.lowcostwebagency.com\/es\/pdf-a-documento\/","title":{"rendered":"PDF a documento"},"content":{"rendered":"<h2 style=\"text-align: justify;\">La agencia web de bajo costo convierte sus documentos PDF a un formato editable<\/h2>\n<h3 style=\"text-align: justify;\">Si no conoce o no tiene el software adecuado para convertir su PDF en un documento de buena calidad, \u00a1est\u00e1 en el lugar correcto!<\/h3>\n<p style=\"text-align: justify;\">\u00a1Nuestro dise\u00f1ador senior redise\u00f1a su PDF en un documento de Word por una cantidad muy peque\u00f1a.<\/p>\n<p style=\"text-align: justify;\">Posteriormente, podr\u00e1 editar su documento PDF y realizar todas las modificaciones que desee.<\/p>\n<blockquote><p>\u00a1Es barato, es f\u00e1cil, es una agencia web de bajo coste!<\/p><\/blockquote>\n<p style=\"text-align: justify;\">Nuestro gig est\u00e1 limitado a un documento de m\u00e1ximo 20 p\u00e1ginas. Si tiene m\u00e1s p\u00e1ginas, adquiera m\u00e1s gigs.<\/p>\n","protected":false},"excerpt":{"rendered":"<p style=\"text-align: justify;\">\u00bfNecesita ayuda para convertir su PDF a DOC? Estamos aqu\u00ed para ayudarle.<\/p>\n","protected":false},"featured_media":42609,"template":"","meta":{"_links_to":"","_links_to_target":""},"product_brand":[],"product_cat":[1379,1452,1455],"product_tag":[1568,1567,1569],"class_list":{"0":"post-43241","1":"product","2":"type-product","3":"status-publish","4":"has-post-thumbnail","6":"product_cat-diseno-web","7":"product_cat-diseno","8":"product_cat-edicion-de-imagenes-y-documentos","9":"product_tag-documento-word","10":"product_tag-pdf-es","11":"product_tag-redisenos","13":"first","14":"instock","15":"shipping-taxable","16":"purchasable","17":"product-type-simple"},"composite_virtual":false,"composite_layout":"","composite_add_to_cart_form_location":"","composite_editable_in_cart":false,"composite_sold_individually_context":"","composite_shop_price_calc":"","composite_components":[],"composite_scenarios":[],"_links":{"self":[{"href":"https:\/\/www.lowcostwebagency.com\/es\/wp-json\/wp\/v2\/product\/43241","targetHints":{"allow":["GET"]}}],"collection":[{"href":"https:\/\/www.lowcostwebagency.com\/es\/wp-json\/wp\/v2\/product"}],"about":[{"href":"https:\/\/www.lowcostwebagency.com\/es\/wp-json\/wp\/v2\/types\/product"}],"wp:featuredmedia":[{"embeddable":true,"href":"https:\/\/www.lowcostwebagency.com\/es\/wp-json\/wp\/v2\/media\/42609"}],"wp:attachment":[{"href":"https:\/\/www.lowcostwebagency.com\/es\/wp-json\/wp\/v2\/media?parent=43241"}],"wp:term":[{"taxonomy":"product_brand","embeddable":true,"href":"https:\/\/www.lowcostwebagency.com\/es\/wp-json\/wp\/v2\/product_brand?post=43241"},{"taxonomy":"product_cat","embeddable":true,"href":"https:\/\/www.lowcostwebagency.com\/es\/wp-json\/wp\/v2\/product_cat?post=43241"},{"taxonomy":"product_tag","embeddable":true,"href":"https:\/\/www.lowcostwebagency.com\/es\/wp-json\/wp\/v2\/product_tag?post=43241"}],"curies":[{"name":"wp","href":"https:\/\/api.w.org\/{rel}","templated":true}]}}