{"id":43242,"date":"2021-08-26T11:47:04","date_gmt":"2021-08-26T11:47:04","guid":{"rendered":"http:\/\/lowcostwebagency.com\/product\/conversion-de-formato-de-video\/"},"modified":"2022-05-12T12:10:44","modified_gmt":"2022-05-12T12:10:44","slug":"conversion-de-formato-de-video","status":"publish","type":"product","link":"https:\/\/www.lowcostwebagency.com\/es\/conversion-de-formato-de-video\/","title":{"rendered":"Conversi\u00f3n de formato de video"},"content":{"rendered":"<h2>Low Cost Web Agency transforma su video al formato que necesite<\/h2>\n<h3 style=\"text-align: justify;\">Mejore el rendimiento de su sitio web cargando su video en mpeg<\/h3>\n<p style=\"text-align: justify;\">En caso de que su video original se publique la mayor parte del tiempo con un formato pesado que no sea compatible con su sitio web o no se pueda publicar en las redes sociales &#8230; Low Cost Web Agency es la soluci\u00f3n, ya que le ofrece la posibilidad de reelaborar su formato de video y luego difundirlo f\u00e1cilmente&#8230;<\/p>\n<h3 style=\"text-align: justify;\">Todo lo que necesita es Low Cost Web Agency &#8230; \u00a1no espere m\u00e1s!<\/h3>\n<p style=\"text-align: justify;\">Siempre estamos aqu\u00ed para ayudarle. Nuestro dise\u00f1ador experto reducir\u00e1 tanto como sea posible el peso de su video.<\/p>\n<p style=\"text-align: justify;\">\u00a1Don\u2019t lose your time, buy now!<\/p>\n","protected":false},"excerpt":{"rendered":"<p>Aligere su video para brindar la <strong>mejor experiencia de usuario<\/strong> a su audiencia.<\/p>\n<p>\u00a1Adquiera el servicio de conversi\u00f3n de formato de video y comparta su nuevo video en su sitio web!<\/p>\n","protected":false},"featured_media":42623,"template":"","meta":{"_links_to":"","_links_to_target":""},"product_brand":[],"product_cat":[1452,1379,1457],"product_tag":[1570,1571,1572],"class_list":{"0":"post-43242","1":"product","2":"type-product","3":"status-publish","4":"has-post-thumbnail","6":"product_cat-diseno","7":"product_cat-diseno-web","8":"product_cat-edicion-de-video","9":"product_tag-conversion-formato-de-video","10":"product_tag-disenador-bien-cualificado","11":"product_tag-transforma","13":"first","14":"instock","15":"shipping-taxable","16":"product-type-external"},"composite_virtual":false,"composite_layout":"","composite_add_to_cart_form_location":"","composite_editable_in_cart":false,"composite_sold_individually_context":"","composite_shop_price_calc":"","composite_components":[],"composite_scenarios":[],"_links":{"self":[{"href":"https:\/\/www.lowcostwebagency.com\/es\/wp-json\/wp\/v2\/product\/43242","targetHints":{"allow":["GET"]}}],"collection":[{"href":"https:\/\/www.lowcostwebagency.com\/es\/wp-json\/wp\/v2\/product"}],"about":[{"href":"https:\/\/www.lowcostwebagency.com\/es\/wp-json\/wp\/v2\/types\/product"}],"wp:featuredmedia":[{"embeddable":true,"href":"https:\/\/www.lowcostwebagency.com\/es\/wp-json\/wp\/v2\/media\/42623"}],"wp:attachment":[{"href":"https:\/\/www.lowcostwebagency.com\/es\/wp-json\/wp\/v2\/media?parent=43242"}],"wp:term":[{"taxonomy":"product_brand","embeddable":true,"href":"https:\/\/www.lowcostwebagency.com\/es\/wp-json\/wp\/v2\/product_brand?post=43242"},{"taxonomy":"product_cat","embeddable":true,"href":"https:\/\/www.lowcostwebagency.com\/es\/wp-json\/wp\/v2\/product_cat?post=43242"},{"taxonomy":"product_tag","embeddable":true,"href":"https:\/\/www.lowcostwebagency.com\/es\/wp-json\/wp\/v2\/product_tag?post=43242"}],"curies":[{"name":"wp","href":"https:\/\/api.w.org\/{rel}","templated":true}]}}