{"id":43243,"date":"2021-08-26T11:47:47","date_gmt":"2021-08-26T11:47:47","guid":{"rendered":"http:\/\/lowcostwebagency.com\/product\/diseno-de-presentacion-de-diapositivas\/"},"modified":"2022-05-12T12:10:19","modified_gmt":"2022-05-12T12:10:19","slug":"diseno-de-presentacion-de-diapositivas","status":"publish","type":"product","link":"https:\/\/www.lowcostwebagency.com\/es\/diseno-de-presentacion-de-diapositivas\/","title":{"rendered":"Dise\u00f1o de presentaci\u00f3n de diapositivas"},"content":{"rendered":"<h2 style=\"text-align: justify;\">Low Cost Web Agency designs slideshow for your website<\/h2>\n<h3 style=\"text-align: justify;\">Dele un aspecto moderno a su sitio web gracias a una presentaci\u00f3n de diapositivas dise\u00f1ada profesionalmente para colocar en el encabezado de su sitio web<\/h3>\n<p style=\"text-align: justify;\">Una presentaci\u00f3n de diapositivas contiene una presentaci\u00f3n de 2 a 7 diapositivas animadas y elegantes, especialmente para su sitio web. Se debe usar una presentaci\u00f3n de diapositivas al menos en la p\u00e1gina de inicio de su sitio web y tambi\u00e9n se puede mostrar en las p\u00e1ginas internas principales. Con una presentaci\u00f3n de diapositivas profesional dise\u00f1ada por un dise\u00f1ador experto, puede destacar los temas de su sitio web con diapositivas creativas y llamativas. De hecho, puede optar por presentar mejores productos clave destacados, noticias corporativas de \u00faltima hora mientras usa una presentaci\u00f3n de diapositivas en el encabezado de su sitio web. Con este gig integraremos y dise\u00f1aremos todas las diapositivas de su presentaci\u00f3n, as\u00ed como su estructura. Nos ocupamos de sus im\u00e1genes, texto y animaci\u00f3n. Hay diferentes opciones disponibles seg\u00fan las caracter\u00edsticas de su sitio web. Puede decidir si desea que instalemos la presentaci\u00f3n de diapositivas en su sitio web o no. Adem\u00e1s, puede elegir la opci\u00f3n \u00abarchivo fuente\u00bb que le permite realizar modificaciones en los archivos creativos cuando lo necesite. Por \u00faltimo, Low Cost Web Agency le permite fijar el n\u00famero exacto de diapositivas que quiere que le ofrezcamos (2 a 7).<\/p>\n<p style=\"text-align: justify;\">Por supuesto, el precio de su presentaci\u00f3n de diapositivas depende de esos criterios de selecci\u00f3n!<\/p>\n<blockquote><p><em>\u00ab\u00a1Pague por lo que necesite!\u00bb<\/em> Es el lema de Low Cost Web Agency.<\/p><\/blockquote>\n<p style=\"text-align: justify;\">Observaci\u00f3n: El n\u00famero de elementos solicitados debe ser igual al n\u00famero de p\u00e1ginas \/ diapositivas que desea para su presentaci\u00f3n de diapositivas.<\/p>\n<p style=\"text-align: justify;\">El dise\u00f1o de presentaci\u00f3n de diapositivas est\u00e1 incluido por defecto en todas <a href=\"https:\/\/www.lowcostwebagency.com\/es\/low-cost\/diseno-web\/sitio-y-pagina-web\/wordpress-joomla-drupal-cms-website\/\">nuestras ofertas de dise\u00f1o de sitios web<\/a>.<\/p>\n","protected":false},"excerpt":{"rendered":"<p style=\"text-align: justify;\">Low Cost Web Agency dise\u00f1a la presentaci\u00f3n de diapositivas que necesita para su sitio web. Nuestro dise\u00f1ador senior crear\u00e1 una presentaci\u00f3n de diapositivas perfecta y \u00fanica para impresionar a sus visitantes.<\/p>\n","protected":false},"featured_media":42617,"template":"","meta":{"_links_to":"","_links_to_target":""},"product_brand":[],"product_cat":[1452,1456,1379],"product_tag":[1581,1579,1580,1582],"class_list":{"0":"post-43243","1":"product","2":"type-product","3":"status-publish","4":"has-post-thumbnail","6":"product_cat-diseno","7":"product_cat-diseno-de-presentacion-de-diapositivas","8":"product_cat-diseno-web","9":"product_tag-diapositivas-con-estilo","10":"product_tag-diseno-de-paginas-web","11":"product_tag-diseno-de-presentacion-de-diapositivas","12":"product_tag-noticias-corporativas-de-ultima-hora","14":"first","15":"instock","16":"shipping-taxable","17":"purchasable","18":"product-type-variable"},"composite_virtual":false,"composite_layout":"","composite_add_to_cart_form_location":"","composite_editable_in_cart":false,"composite_sold_individually_context":"","composite_shop_price_calc":"","composite_components":[],"composite_scenarios":[],"_links":{"self":[{"href":"https:\/\/www.lowcostwebagency.com\/es\/wp-json\/wp\/v2\/product\/43243","targetHints":{"allow":["GET"]}}],"collection":[{"href":"https:\/\/www.lowcostwebagency.com\/es\/wp-json\/wp\/v2\/product"}],"about":[{"href":"https:\/\/www.lowcostwebagency.com\/es\/wp-json\/wp\/v2\/types\/product"}],"wp:featuredmedia":[{"embeddable":true,"href":"https:\/\/www.lowcostwebagency.com\/es\/wp-json\/wp\/v2\/media\/42617"}],"wp:attachment":[{"href":"https:\/\/www.lowcostwebagency.com\/es\/wp-json\/wp\/v2\/media?parent=43243"}],"wp:term":[{"taxonomy":"product_brand","embeddable":true,"href":"https:\/\/www.lowcostwebagency.com\/es\/wp-json\/wp\/v2\/product_brand?post=43243"},{"taxonomy":"product_cat","embeddable":true,"href":"https:\/\/www.lowcostwebagency.com\/es\/wp-json\/wp\/v2\/product_cat?post=43243"},{"taxonomy":"product_tag","embeddable":true,"href":"https:\/\/www.lowcostwebagency.com\/es\/wp-json\/wp\/v2\/product_tag?post=43243"}],"curies":[{"name":"wp","href":"https:\/\/api.w.org\/{rel}","templated":true}]}}