{"id":43244,"date":"2021-08-26T11:48:19","date_gmt":"2021-08-26T11:48:19","guid":{"rendered":"http:\/\/lowcostwebagency.com\/product\/edicion-de-video\/"},"modified":"2022-05-12T11:54:26","modified_gmt":"2022-05-12T11:54:26","slug":"edicion-de-video","status":"publish","type":"product","link":"https:\/\/www.lowcostwebagency.com\/es\/edicion-de-video\/","title":{"rendered":"Edici\u00f3n de video"},"content":{"rendered":"<h2 style=\"text-align: justify;\">Su edici\u00f3n de video hecha por un dise\u00f1ador de video profesional por poco dinero.<\/h2>\n<h3 style=\"text-align: justify;\">Comparta sus mensajes con un video creativo<\/h3>\n<p style=\"text-align: justify;\">Un video es un producto digital esencial para promover un negocio, una actividad o un producto espec\u00edfico. Indeed, you can decide to communicate about an event, or even share a customer experience using video. Su video o pel\u00edcula puede publicarse en su sitio web y compartirse en redes sociales como Facebook, LinkedIn o publicarse directamente en YouTube o Vimeo.<\/p>\n<p style=\"text-align: justify;\">El objetivo principal de un video es brindar informaci\u00f3n esencial y r\u00e1pida a su audiencia. Si los medios est\u00e1n bien creados, deber\u00edan atraer e incitar a sus clientes potenciales a descubrir m\u00e1s sobre usted. It is a great opportunity to impress your potential customers and partners. Don&#8217;t miss it!<\/p>\n<h3>Low Cost Web Agency satisface sus necesidades de video con tarifas econ\u00f3micas<\/h3>\n<p style=\"text-align: justify;\">Low Cost Web Agency, ofrece videos profesionales gracias a su experiencia en la producci\u00f3n de videos.<\/p>\n<p style=\"text-align: justify;\">Obtenga un precio cerrado gracias a nuestra estimaci\u00f3n precisa sobre el tiempo de trabajo necesario y la complejidad para editar su video.<\/p>\n<blockquote><p><em>\u00ab\u00a1Pague por lo que necesite!\u00bb<\/em><\/p><\/blockquote>\n<p style=\"text-align: justify;\">Es el lema de Low Cost Web Agency. \u00a1Nuestra agencia web fue creada para posibilitar que todos obtengan una imagen profesional en la web sin gastar mucho dinero!<\/p>\n<p style=\"text-align: justify;\">Qu\u00e9 m\u00e1s, \u00a1compre ya!<\/p>\n","protected":false},"excerpt":{"rendered":"<p style=\"text-align: justify;\">La edici\u00f3n de video puede ser un proceso lento, Low Cost Web Agency le garantiza la producci\u00f3n de <strong>videos profesionales<\/strong> gracias a su experiencia con videos digitales.<\/p>\n","protected":false},"featured_media":42622,"template":"","meta":{"_links_to":"","_links_to_target":""},"product_brand":[],"product_cat":[1452,1379,1457],"product_tag":[1584,1586,1585,1583],"class_list":{"0":"post-43244","1":"product","2":"type-product","3":"status-publish","4":"has-post-thumbnail","6":"product_cat-diseno","7":"product_cat-diseno-web","8":"product_cat-edicion-de-video","9":"product_tag-edicion-de-video","10":"product_tag-video-creativo","11":"product_tag-video-profesional","12":"product_tag-youtube-es","14":"first","15":"instock","16":"shipping-taxable","17":"product-type-external"},"composite_virtual":false,"composite_layout":"","composite_add_to_cart_form_location":"","composite_editable_in_cart":false,"composite_sold_individually_context":"","composite_shop_price_calc":"","composite_components":[],"composite_scenarios":[],"_links":{"self":[{"href":"https:\/\/www.lowcostwebagency.com\/es\/wp-json\/wp\/v2\/product\/43244","targetHints":{"allow":["GET"]}}],"collection":[{"href":"https:\/\/www.lowcostwebagency.com\/es\/wp-json\/wp\/v2\/product"}],"about":[{"href":"https:\/\/www.lowcostwebagency.com\/es\/wp-json\/wp\/v2\/types\/product"}],"wp:featuredmedia":[{"embeddable":true,"href":"https:\/\/www.lowcostwebagency.com\/es\/wp-json\/wp\/v2\/media\/42622"}],"wp:attachment":[{"href":"https:\/\/www.lowcostwebagency.com\/es\/wp-json\/wp\/v2\/media?parent=43244"}],"wp:term":[{"taxonomy":"product_brand","embeddable":true,"href":"https:\/\/www.lowcostwebagency.com\/es\/wp-json\/wp\/v2\/product_brand?post=43244"},{"taxonomy":"product_cat","embeddable":true,"href":"https:\/\/www.lowcostwebagency.com\/es\/wp-json\/wp\/v2\/product_cat?post=43244"},{"taxonomy":"product_tag","embeddable":true,"href":"https:\/\/www.lowcostwebagency.com\/es\/wp-json\/wp\/v2\/product_tag?post=43244"}],"curies":[{"name":"wp","href":"https:\/\/api.w.org\/{rel}","templated":true}]}}