{"id":43245,"date":"2021-08-26T11:48:57","date_gmt":"2021-08-26T11:48:57","guid":{"rendered":"http:\/\/lowcostwebagency.com\/product\/gestion-de-cuentas-de-redes-sociales\/"},"modified":"2022-05-12T11:53:16","modified_gmt":"2022-05-12T11:53:16","slug":"gestion-de-cuentas-de-redes-sociales","status":"publish","type":"product","link":"https:\/\/www.lowcostwebagency.com\/es\/gestion-de-cuentas-de-redes-sociales\/","title":{"rendered":"Gesti\u00f3n de cuentas de redes sociales"},"content":{"rendered":"<h2 style=\"text-align: justify;\">Si no tiene tiempo para administrar sus redes sociales &#8230; Low Cost Web Agency is the solution!<\/h2>\n<h3 style=\"text-align: justify;\">Mantenga vivas sus cuentas de redes sociales y maximice el valor agregado que las redes sociales pueden proporcionar a su negocio &#8230;<\/h3>\n<p style=\"text-align: justify;\"><strong>La administraci\u00f3n de su cuenta de redes sociales<\/strong> est\u00e1 tomando demasiado tiempo y no est\u00e1 obteniendo los resultados que esperaba &#8230;? Si su cuenta de redes sociales est\u00e1 correctamente administrada, difundir\u00e1 su innovaci\u00f3n, iniciativa, mensajes corporativos, eventos, felicidad, etc. Nowadays, several social media exist and you can decide which ones you want to target as, more relevant according to your business. \u00a1Es posible que necesite una estrategia de redes sociales espec\u00edfica!<\/p>\n<h3 style=\"text-align: justify;\">Low Cost Web Agency saves your time and generates traffic on your pages!<\/h3>\n<p style=\"text-align: justify;\">Gestionamos sus redes sociales como Twitter, Facebook, Google Plus, Instagram y YouTube en su nombre. Utilizamos estrategias de marketing de redes sociales relevantes para ayudar a las <strong>empresas a crecer<\/strong> y <strong>alcanzar sus metas<\/strong> .<\/p>\n<p style=\"text-align: justify;\">Actuamos como su <strong>moderador de redes sociales<\/strong> . La mejor manera de ser coherente es debatir juntos su estrategia de redes sociales. Sus publicaciones ser\u00e1n \u00fanicas y atractivas con el objetivo de involucrar a sus seguidores. Posteriormente, es necesario seguir y analizar todos los compromisos generados por la publicaci\u00f3n para que sean correctamente respondidos. Te ayudamos para que decida si quiere que creemos publicaciones diarias, semanales o mensuales, y cu\u00e1les son las cuentas sociales que quiere que gestionemos. \u00a1No dude en pedirnos un presupuesto para la gesti\u00f3n de su comunidad ahora mismo!<\/p>\n<p style=\"text-align: justify;\">Sea <strong>profesional<\/strong> y solicite a Low Cost Web Agency que actualice sus cuentas de redes sociales &#8230;<\/p>\n<p style=\"text-align: justify;\">Don&#8217;t wait, it&#8217;s time to improve your brand awareness thanks to social media!<\/p>\n<p style=\"text-align: justify;\">\u00a1Solicite un presupuesto personalizado!<\/p>\n","protected":false},"excerpt":{"rendered":"<p style=\"text-align: justify;\">Deje que Low Cost Web Agency ayude a su empresa a <strong>crear tr\u00e1fico<\/strong> en sus diferentes <strong>cuentas de redes sociales<\/strong> . Nuestra misi\u00f3n es simple, \u00a1ahorramos tiempo, dinero y energ\u00eda! \u00a1Gracias a Low Cost Web Agency, puede concentrarse en sus actividades principales y simplemente recopilar los resultados sobre la gesti\u00f3n de la comunidad que hacemos por usted!<\/p>\n<p style=\"text-align: justify;\">Solic\u00edtenos un presupuesto ahora. Somos Low Cost Web Agency &#8230; \u00a1no es caro!<\/p>\n","protected":false},"featured_media":42424,"template":"","meta":{"_links_to":"","_links_to_target":""},"product_brand":[],"product_cat":[1465,1460,1444],"product_tag":[1514,1587,1588,1589,1513,1583],"class_list":{"0":"post-43245","1":"product","2":"type-product","3":"status-publish","4":"has-post-thumbnail","6":"product_cat-gestion-de-cuentas-de-redes-sociales","7":"product_cat-marketing-de-medios-sociales","8":"product_cat-web-marketing-es","9":"product_tag-facebook-es","10":"product_tag-gestion-de-cuentas-de-redes-sociales","11":"product_tag-google-plus-es","12":"product_tag-instagram-es","13":"product_tag-twitter-es","14":"product_tag-youtube-es","16":"first","17":"instock","18":"shipping-taxable","19":"product-type-external"},"composite_virtual":false,"composite_layout":"","composite_add_to_cart_form_location":"","composite_editable_in_cart":false,"composite_sold_individually_context":"","composite_shop_price_calc":"","composite_components":[],"composite_scenarios":[],"_links":{"self":[{"href":"https:\/\/www.lowcostwebagency.com\/es\/wp-json\/wp\/v2\/product\/43245","targetHints":{"allow":["GET"]}}],"collection":[{"href":"https:\/\/www.lowcostwebagency.com\/es\/wp-json\/wp\/v2\/product"}],"about":[{"href":"https:\/\/www.lowcostwebagency.com\/es\/wp-json\/wp\/v2\/types\/product"}],"wp:featuredmedia":[{"embeddable":true,"href":"https:\/\/www.lowcostwebagency.com\/es\/wp-json\/wp\/v2\/media\/42424"}],"wp:attachment":[{"href":"https:\/\/www.lowcostwebagency.com\/es\/wp-json\/wp\/v2\/media?parent=43245"}],"wp:term":[{"taxonomy":"product_brand","embeddable":true,"href":"https:\/\/www.lowcostwebagency.com\/es\/wp-json\/wp\/v2\/product_brand?post=43245"},{"taxonomy":"product_cat","embeddable":true,"href":"https:\/\/www.lowcostwebagency.com\/es\/wp-json\/wp\/v2\/product_cat?post=43245"},{"taxonomy":"product_tag","embeddable":true,"href":"https:\/\/www.lowcostwebagency.com\/es\/wp-json\/wp\/v2\/product_tag?post=43245"}],"curies":[{"name":"wp","href":"https:\/\/api.w.org\/{rel}","templated":true}]}}