{"id":43246,"date":"2021-08-26T11:49:45","date_gmt":"2021-08-26T11:49:45","guid":{"rendered":"http:\/\/lowcostwebagency.com\/product\/curriculum-vitae-carta-de-presentacion-bio\/"},"modified":"2022-05-12T11:37:55","modified_gmt":"2022-05-12T11:37:55","slug":"curriculum-vitae-carta-de-presentacion-bio","status":"publish","type":"product","link":"https:\/\/www.lowcostwebagency.com\/es\/curriculum-vitae-carta-de-presentacion-bio\/","title":{"rendered":"Curr\u00edculum vitae &#8211; Carta de presentaci\u00f3n &#8211; Bio"},"content":{"rendered":"<h2 style=\"text-align: justify;\">Low Cost Web Agency redacta o edita su curriculum vitae, carta de presentaci\u00f3n y biograf\u00eda al mejor precio que puede encontrar en el mercado.<\/h2>\n<h3 style=\"text-align: justify;\">Obtenga documentos elegantes, destaque entre la multitud y maximice sus posibilidades de conseguir el trabajo de sus sue\u00f1os.<\/h3>\n<p style=\"text-align: justify;\">Es una persona con mucha experiencia en un dominio espec\u00edfico, un estudiante que desea obtener una gran experiencia de pasant\u00eda o incluso un simple trabajo de verano &#8230; Low Cost Web Agency sabe adaptar tu curr\u00edculum seg\u00fan cada perfil y sacarle el m\u00e1ximo partido. Le apoyamos para que sea contratado por las empresas deseadas y logre su objetivo profesional. Sin embargo, no podemos garantizar que ser\u00e1 contratado, pero al menos podemos proporcionar documentos de calidad para aumentar sus posibilidades de ser contratado. \u00a1Obtenga su <strong>curr\u00edculum<\/strong> profesional, <strong>carta de presentaci\u00f3n<\/strong> y <strong>biograf\u00eda<\/strong> sin m\u00e1s demora!<\/p>\n<h3 style=\"text-align: justify;\">Low Cost Web Agency est\u00e1 hecha para usted<\/h3>\n<p style=\"text-align: justify;\">Low Cost Web Agency tiene una <strong>larga experiencia<\/strong> en el proceso de selecci\u00f3n de candidatos y t\u00e9cnicas de b\u00fasqueda de candidatos. Esta experiencia nos ayuda a <strong>diferenciarte del resto de candidatos<\/strong> . El primer paso es comprender sus habilidades blandas y duras, la industria para la que desea trabajar y las responsabilidades que desea. Para convertirnos en su entrenador, necesitamos obtener la m\u00e1xima informaci\u00f3n sobre su perfil, educaci\u00f3n, experiencias, formaci\u00f3n, certificaciones, habilidades, competencias y aficiones. Adem\u00e1s, si tiene ya algunos documentos, nos gustar\u00eda echarles un vistazo, y le pediremos que complete un breve cuestionario sobre usted y que realice una breve entrevista por Skype, para obtener elementos suficientes para construir su carta de presentaci\u00f3n. curr\u00edculum o biograf\u00eda.<\/p>\n<p style=\"text-align: justify;\">Con esta oferta tienes la posibilidad de conseguir hasta 3 documentos. Puedes elegir si quieres un curr\u00edculum, una carta de presentaci\u00f3n, una biograf\u00eda o todas estas!<\/p>\n<p style=\"text-align: justify;\">\u00a1Empiece, haga su pedido ahora!<\/p>\n","protected":false},"excerpt":{"rendered":"<p style=\"text-align: justify;\">Low Cost Web Agency crea y personaliza su nuevo curr\u00edculum, carta de presentaci\u00f3n y biograf\u00eda. Le asesoramos y le sugerimos una idea innovadora para diferenciar su solicitud de otras postulantes.<\/p>\n<p style=\"text-align: justify;\">Agencia web de bajo costo, la clave para el \u00e9xito de su carrera.<\/p>\n","protected":false},"featured_media":42401,"template":"","meta":{"_links_to":"","_links_to_target":""},"product_brand":[],"product_cat":[1471,1461,1444],"product_tag":[1596,1595,1594],"class_list":{"0":"post-43246","1":"product","2":"type-product","3":"status-publish","4":"has-post-thumbnail","6":"product_cat-curriculum-vitae-carta-de-presentacion-linkedin-bio","7":"product_cat-marketing-de-contenidos","8":"product_cat-web-marketing-es","9":"product_tag-biografia","10":"product_tag-carta-de-presentacion","11":"product_tag-curriculum","13":"first","14":"instock","15":"shipping-taxable","16":"purchasable","17":"product-type-variable"},"composite_virtual":false,"composite_layout":"","composite_add_to_cart_form_location":"","composite_editable_in_cart":false,"composite_sold_individually_context":"","composite_shop_price_calc":"","composite_components":[],"composite_scenarios":[],"_links":{"self":[{"href":"https:\/\/www.lowcostwebagency.com\/es\/wp-json\/wp\/v2\/product\/43246","targetHints":{"allow":["GET"]}}],"collection":[{"href":"https:\/\/www.lowcostwebagency.com\/es\/wp-json\/wp\/v2\/product"}],"about":[{"href":"https:\/\/www.lowcostwebagency.com\/es\/wp-json\/wp\/v2\/types\/product"}],"wp:featuredmedia":[{"embeddable":true,"href":"https:\/\/www.lowcostwebagency.com\/es\/wp-json\/wp\/v2\/media\/42401"}],"wp:attachment":[{"href":"https:\/\/www.lowcostwebagency.com\/es\/wp-json\/wp\/v2\/media?parent=43246"}],"wp:term":[{"taxonomy":"product_brand","embeddable":true,"href":"https:\/\/www.lowcostwebagency.com\/es\/wp-json\/wp\/v2\/product_brand?post=43246"},{"taxonomy":"product_cat","embeddable":true,"href":"https:\/\/www.lowcostwebagency.com\/es\/wp-json\/wp\/v2\/product_cat?post=43246"},{"taxonomy":"product_tag","embeddable":true,"href":"https:\/\/www.lowcostwebagency.com\/es\/wp-json\/wp\/v2\/product_tag?post=43246"}],"curies":[{"name":"wp","href":"https:\/\/api.w.org\/{rel}","templated":true}]}}