{"id":43247,"date":"2021-08-26T11:50:25","date_gmt":"2021-08-26T11:50:25","guid":{"rendered":"http:\/\/lowcostwebagency.com\/product\/comunicado-de-prensa\/"},"modified":"2022-05-12T11:36:53","modified_gmt":"2022-05-12T11:36:53","slug":"comunicado-de-prensa","status":"publish","type":"product","link":"https:\/\/www.lowcostwebagency.com\/es\/comunicado-de-prensa\/","title":{"rendered":"Comunicado de Prensa"},"content":{"rendered":"<h2 style=\"text-align: justify;\">Low Cost Web Agency redacta su nota de prensa a precio reducido<\/h2>\n<p style=\"text-align: justify;\">Si usted es un innovador, un periodista o un empresario y se pregunta c\u00f3mo comunicar <strong>importantes noticias corporativas o de productos<\/strong> , est\u00e1 en el lugar correcto. El comunicado de prensa es un documento breve dedicado a <strong>informar a los medios<\/strong> sobre un asunto espec\u00edfico.<\/p>\n<p style=\"text-align: justify;\">Un comunicado de prensa es fundamental para anunciar oficialmente cualquier noticia relevante sobre su empresa y productos. Su comunicado de prensa podr\u00eda publicarse en un sitio web de noticias especializado para la publicaci\u00f3n de comunicados de prensa como PrBuzz , ReleaseWire y PressReleasePing. Otros sitios web de comunicados de prensa, como Digital Journal CBS, FOX, Daily Herald, Associated Press, WND, Google News, Bing, etc., aceptar\u00e1n su comunicado de prensa solo si est\u00e1 bien redactado.<\/p>\n<p style=\"text-align: justify;\">Puede decidir enviar directamente por su cuenta su comunicado de prensa al sitio web de los medios de comunicaci\u00f3n o puede pedirnos que lo hagamos por usted por un peque\u00f1o costo adicional. Nuestros clientes suelen solicitar este servicio debido a la falta de tiempo. Como documento importante requiere ser <strong>estructurado y redactado correctamente<\/strong>con un buen nivel de expresi\u00f3n y todos sus detalles, por lo tanto, ser\u00eda la mejor opci\u00f3n si nos pide que hagamos el trabajo para asegurarse que su comunicado de prensa ser\u00e1 aceptado y publicado.<\/p>\n<h3 style=\"text-align: justify;\">\u00a1Solo tiene que explicarnos lo que necesita y nosotros hacemos el resto!<\/h3>\n<p style=\"text-align: justify;\">El objetivo de Low Cost Web Agency es ayudar a todas las empresas a desarrollar su imagen web. El <strong>comunicado de prensa<\/strong> es un proceso dif\u00edcil, y si desea obtener un resultado de alta calidad, le recomendamos que trabaje solo con una empresa experimentada como nosotros.<\/p>\n<p style=\"text-align: justify;\">Agencia Web Low Cost &#8230; \u00a1todo lo que necesita en un solo lugar!<\/p>\n","protected":false},"excerpt":{"rendered":"<p style=\"text-align: justify;\">Un escritor profesional trabajar\u00e1 para proporcionarle un <strong>comunicado de prensa de alta calidad<\/strong> . Tell us what you wish to put inside your press release, and we will write it for you, following the best practices for Press release writings!<\/p>\n","protected":false},"featured_media":42397,"template":"","meta":{"_links_to":"","_links_to_target":""},"product_brand":[],"product_cat":[1468,1461,1444],"product_tag":[1600,1599,1601,1602],"class_list":{"0":"post-43247","1":"product","2":"type-product","3":"status-publish","4":"has-post-thumbnail","6":"product_cat-comunicado-de-prensa","7":"product_cat-marketing-de-contenidos","8":"product_cat-web-marketing-es","9":"product_tag-canal-de-difusion","10":"product_tag-comunicado-de-prensa","11":"product_tag-noticias-de-productos","12":"product_tag-noticias-relevantes","14":"first","15":"instock","16":"shipping-taxable","17":"purchasable","18":"product-type-variable"},"composite_virtual":false,"composite_layout":"","composite_add_to_cart_form_location":"","composite_editable_in_cart":false,"composite_sold_individually_context":"","composite_shop_price_calc":"","composite_components":[],"composite_scenarios":[],"_links":{"self":[{"href":"https:\/\/www.lowcostwebagency.com\/es\/wp-json\/wp\/v2\/product\/43247","targetHints":{"allow":["GET"]}}],"collection":[{"href":"https:\/\/www.lowcostwebagency.com\/es\/wp-json\/wp\/v2\/product"}],"about":[{"href":"https:\/\/www.lowcostwebagency.com\/es\/wp-json\/wp\/v2\/types\/product"}],"wp:featuredmedia":[{"embeddable":true,"href":"https:\/\/www.lowcostwebagency.com\/es\/wp-json\/wp\/v2\/media\/42397"}],"wp:attachment":[{"href":"https:\/\/www.lowcostwebagency.com\/es\/wp-json\/wp\/v2\/media?parent=43247"}],"wp:term":[{"taxonomy":"product_brand","embeddable":true,"href":"https:\/\/www.lowcostwebagency.com\/es\/wp-json\/wp\/v2\/product_brand?post=43247"},{"taxonomy":"product_cat","embeddable":true,"href":"https:\/\/www.lowcostwebagency.com\/es\/wp-json\/wp\/v2\/product_cat?post=43247"},{"taxonomy":"product_tag","embeddable":true,"href":"https:\/\/www.lowcostwebagency.com\/es\/wp-json\/wp\/v2\/product_tag?post=43247"}],"curies":[{"name":"wp","href":"https:\/\/api.w.org\/{rel}","templated":true}]}}