{"id":43248,"date":"2021-08-26T11:51:00","date_gmt":"2021-08-26T11:51:00","guid":{"rendered":"http:\/\/lowcostwebagency.com\/product\/correccion-de-pruebas\/"},"modified":"2022-05-12T11:36:20","modified_gmt":"2022-05-12T11:36:20","slug":"correccion-de-pruebas","status":"publish","type":"product","link":"https:\/\/www.lowcostwebagency.com\/es\/correccion-de-pruebas\/","title":{"rendered":"Correcci\u00f3n de pruebas"},"content":{"rendered":"<h2 style=\"text-align: justify;\">\u00a1La revisi\u00f3n de sus documentos realizada por un redactor profesional nativo a precio econ\u00f3mico!<\/h2>\n<h3 style=\"text-align: justify;\">\u00a1Solicite una opini\u00f3n externa con la correcci\u00f3n de su texto y obtenga una excelente calidad de su documento sin ning\u00fan error!<\/h3>\n<p style=\"text-align: justify;\">La correcci\u00f3n es una actividad recurrente y obligatoria que resulta m\u00e1s eficaz cuando la realizan miradas externas. Low Cost Web Agency le ayuda en sus necesidades de correcci\u00f3n de pruebas, proporcion\u00e1ndole el servicio de un <strong>corrector de pruebas de redacci\u00f3n nativa<\/strong> . \u00c9l \/ ella detecta cualquier error que pueda haber en tu texto y hace todas las correcciones que se deben realizar.<\/p>\n<p style=\"text-align: justify;\">Para brindarle un buen resultado, esperamos un m\u00ednimo de <strong>calidad de redacci\u00f3n con<\/strong> respecto al documento que proporcione.<\/p>\n<p style=\"text-align: justify;\">Este trabajo no es para redacci\u00f3n de contenido, sino solo para correcci\u00f3n de pruebas.<\/p>\n<p style=\"text-align: justify;\">\n","protected":false},"excerpt":{"rendered":"<p style=\"text-align: justify;\">Un <strong>redactor profesional<\/strong> proporcionar\u00e1 una revisi\u00f3n de <strong>alta calidad.<\/strong> Cu\u00e9ntenos qu\u00e9 necesita, \u00a1nos encargaremos de crear un documento libre de errores!<\/p>\n","protected":false},"featured_media":42398,"template":"","meta":{"_links_to":"","_links_to_target":""},"product_brand":[],"product_cat":[1469,1461,1444],"product_tag":[1603,1604,1605],"class_list":{"0":"post-43248","1":"product","2":"type-product","3":"status-publish","4":"has-post-thumbnail","6":"product_cat-correccion-de-pruebas","7":"product_cat-marketing-de-contenidos","8":"product_cat-web-marketing-es","9":"product_tag-correccion-de-pruebas","10":"product_tag-escritor-nativo","11":"product_tag-escritura-de-calidad","13":"first","14":"instock","15":"shipping-taxable","16":"purchasable","17":"product-type-simple"},"composite_virtual":false,"composite_layout":"","composite_add_to_cart_form_location":"","composite_editable_in_cart":false,"composite_sold_individually_context":"","composite_shop_price_calc":"","composite_components":[],"composite_scenarios":[],"_links":{"self":[{"href":"https:\/\/www.lowcostwebagency.com\/es\/wp-json\/wp\/v2\/product\/43248","targetHints":{"allow":["GET"]}}],"collection":[{"href":"https:\/\/www.lowcostwebagency.com\/es\/wp-json\/wp\/v2\/product"}],"about":[{"href":"https:\/\/www.lowcostwebagency.com\/es\/wp-json\/wp\/v2\/types\/product"}],"wp:featuredmedia":[{"embeddable":true,"href":"https:\/\/www.lowcostwebagency.com\/es\/wp-json\/wp\/v2\/media\/42398"}],"wp:attachment":[{"href":"https:\/\/www.lowcostwebagency.com\/es\/wp-json\/wp\/v2\/media?parent=43248"}],"wp:term":[{"taxonomy":"product_brand","embeddable":true,"href":"https:\/\/www.lowcostwebagency.com\/es\/wp-json\/wp\/v2\/product_brand?post=43248"},{"taxonomy":"product_cat","embeddable":true,"href":"https:\/\/www.lowcostwebagency.com\/es\/wp-json\/wp\/v2\/product_cat?post=43248"},{"taxonomy":"product_tag","embeddable":true,"href":"https:\/\/www.lowcostwebagency.com\/es\/wp-json\/wp\/v2\/product_tag?post=43248"}],"curies":[{"name":"wp","href":"https:\/\/api.w.org\/{rel}","templated":true}]}}