{"id":43249,"date":"2021-08-26T11:51:40","date_gmt":"2021-08-26T11:51:40","guid":{"rendered":"http:\/\/lowcostwebagency.com\/product\/traduccion\/"},"modified":"2022-05-12T11:34:06","modified_gmt":"2022-05-12T11:34:06","slug":"traduccion","status":"publish","type":"product","link":"https:\/\/www.lowcostwebagency.com\/es\/traduccion\/","title":{"rendered":"Traducci\u00f3n"},"content":{"rendered":"<h2 style=\"text-align: justify;\">Low Cost Web Agency es el socio imprescindible para todos sus trabajos de traducci\u00f3n.<\/h2>\n<h3 style=\"text-align: justify;\">Obtenga una traducci\u00f3n de gran calidad para todas sus necesidades de comunicaci\u00f3n.<\/h3>\n<p style=\"text-align: justify;\">\u00a1Los clientes de Low Cost Web Agency solicitan trabajos de traducci\u00f3n por muchas razones diferentes! It can be for website translation, email answers, legal documentation and contracts, technical specifications, business, procedures. Es muy importante comprender el <strong>valor agregado<\/strong> cuando se dirige a sus clientes y sus partes interesadas en sus propios idiomas y sin errores de idioma. Si elige mostrar su sitio web en varios idiomas, Google considerar\u00e1 este criterio como un indicador muy importante para clasificar su sitio web en sus motores de b\u00fasqueda locales de Google.<\/p>\n<p style=\"text-align: justify;\">El equipo de traductores de Low Cost Web Agency se selecciona cuidadosamente con la experiencia en sus idiomas nativos para brindarle una traducci\u00f3n precisa, sin errores. De esta manera, Low Cost Web Agency es capaz de ofrecerle servicios de traducci\u00f3n de gran nivel y brindarle la <strong>mejor calidad<\/strong> .<\/p>\n<p style=\"text-align: justify;\">Este producto es adecuado solo para la traducci\u00f3n de los siguientes idiomas: ingl\u00e9s, espa\u00f1ol, italiano, alem\u00e1n, franc\u00e9s. Si necesita otros idiomas, cont\u00e1ctenos para obtener un presupuesto personalizado.<\/p>\n","protected":false},"excerpt":{"rendered":"<p style=\"text-align: justify;\">Low Cost Web Agency le ofrece la posibilidad de traducir su texto hasta 1000 palabras. La traducci\u00f3n es realizada exclusivamente por traductores nativos experimentados. Low Cost Web Agency le permite obtener una traducci\u00f3n de <strong>alta calidad<\/strong> <strong>sin la necesidad de gastar un gran presupuesto.<\/strong><\/p>\n<p style=\"text-align: justify;\">Low Cost Web Agency, \u00a1s\u00edmbolo de calidad!<\/p>\n","protected":false},"featured_media":42406,"template":"","meta":{"_links_to":"","_links_to_target":""},"product_brand":[],"product_cat":[1461,1470,1444],"product_tag":[1609,1606,1608,1607],"class_list":{"0":"post-43249","1":"product","2":"type-product","3":"status-publish","4":"has-post-thumbnail","6":"product_cat-marketing-de-contenidos","7":"product_cat-traduccion","8":"product_cat-web-marketing-es","9":"product_tag-documentacion-legal","10":"product_tag-necesidades-de-comunicacion","11":"product_tag-respuestas-por-email","12":"product_tag-traduccion-de-sitios-web","14":"first","15":"instock","16":"shipping-taxable","17":"purchasable","18":"product-type-simple"},"composite_virtual":false,"composite_layout":"","composite_add_to_cart_form_location":"","composite_editable_in_cart":false,"composite_sold_individually_context":"","composite_shop_price_calc":"","composite_components":[],"composite_scenarios":[],"_links":{"self":[{"href":"https:\/\/www.lowcostwebagency.com\/es\/wp-json\/wp\/v2\/product\/43249","targetHints":{"allow":["GET"]}}],"collection":[{"href":"https:\/\/www.lowcostwebagency.com\/es\/wp-json\/wp\/v2\/product"}],"about":[{"href":"https:\/\/www.lowcostwebagency.com\/es\/wp-json\/wp\/v2\/types\/product"}],"wp:featuredmedia":[{"embeddable":true,"href":"https:\/\/www.lowcostwebagency.com\/es\/wp-json\/wp\/v2\/media\/42406"}],"wp:attachment":[{"href":"https:\/\/www.lowcostwebagency.com\/es\/wp-json\/wp\/v2\/media?parent=43249"}],"wp:term":[{"taxonomy":"product_brand","embeddable":true,"href":"https:\/\/www.lowcostwebagency.com\/es\/wp-json\/wp\/v2\/product_brand?post=43249"},{"taxonomy":"product_cat","embeddable":true,"href":"https:\/\/www.lowcostwebagency.com\/es\/wp-json\/wp\/v2\/product_cat?post=43249"},{"taxonomy":"product_tag","embeddable":true,"href":"https:\/\/www.lowcostwebagency.com\/es\/wp-json\/wp\/v2\/product_tag?post=43249"}],"curies":[{"name":"wp","href":"https:\/\/api.w.org\/{rel}","templated":true}]}}