{"id":43259,"date":"2021-08-26T11:58:22","date_gmt":"2021-08-26T11:58:22","guid":{"rendered":"http:\/\/lowcostwebagency.com\/product\/personalizado-html-y-diseno-estatico\/"},"modified":"2022-05-12T11:24:10","modified_gmt":"2022-05-12T11:24:10","slug":"personalizado-html-y-diseno-estatico","status":"publish","type":"product","link":"https:\/\/www.lowcostwebagency.com\/es\/personalizado-html-y-diseno-estatico\/","title":{"rendered":"Personalizado: HTML y dise\u00f1o est\u00e1tico"},"content":{"rendered":"<h2 style=\"text-align: justify;\">Low Cost Web Agency responde a cualquier requisito espec\u00edfico<\/h2>\n<h3 style=\"text-align: justify;\">\u00a1Obtenga un dise\u00f1o HTML personalizado a bajo precio!<\/h3>\n<p style=\"text-align: justify;\">Si est\u00e1 buscando un <strong>dise\u00f1o personalizado<\/strong> hecho solo con HTML, \u00a1est\u00e1 en el lugar correcto! De hecho, tratamos de satisfacer la mayor\u00eda de las necesidades de nuestros clientes, pero en algunos casos, sus necesidades pueden ser demasiado espec\u00edficas para ser realizadas de manera est\u00e1ndar. \u00a1Este producto personalizado est\u00e1 hecho para ti! Comparta con nosotros lo que est\u00e1 buscando, haremos todo lo posible para responder a sus especificaciones y brindarle un 100% de satisfacci\u00f3n&#8230;<\/p>\n<p style=\"text-align: justify;\">Antes de solicitar un presupuesto para un dise\u00f1o est\u00e1tico y HTML personalizado, aseg\u00farese de que ninguna de nuestras otras ofertas est\u00e1ndar cumpla con sus requisitos.<\/p>\n<p style=\"text-align: justify;\">\u00bfYa lo comprobaste? \u00a1Solicite un presupuesto ahora!<\/p>\n","protected":false},"excerpt":{"rendered":"<p style=\"text-align: justify;\">\u00bfTiene una <strong>necesidad espec\u00edfica en relaci\u00f3n con un sitio web HTML y est\u00e1tico?<\/strong> Low Cost Web Agency elabora para usted un presupuesto que responde a sus necesidades.<\/p>\n<p style=\"text-align: justify;\">No es necesario esperar. \u00a1Solicite presupuesto ahora!<\/p>\n","protected":false},"featured_media":42590,"template":"","meta":{"_links_to":"","_links_to_target":""},"product_brand":[],"product_cat":[1379,1386,1380],"product_tag":[1629,1395],"class_list":{"0":"post-43259","1":"product","2":"type-product","3":"status-publish","4":"has-post-thumbnail","6":"product_cat-diseno-web","7":"product_cat-html-y-diseno-estatico","8":"product_cat-sitio-y-pagina-web","9":"product_tag-diseno-html-y-estatico","10":"product_tag-personalizado","12":"first","13":"instock","14":"shipping-taxable","15":"product-type-external"},"composite_virtual":false,"composite_layout":"","composite_add_to_cart_form_location":"","composite_editable_in_cart":false,"composite_sold_individually_context":"","composite_shop_price_calc":"","composite_components":[],"composite_scenarios":[],"_links":{"self":[{"href":"https:\/\/www.lowcostwebagency.com\/es\/wp-json\/wp\/v2\/product\/43259","targetHints":{"allow":["GET"]}}],"collection":[{"href":"https:\/\/www.lowcostwebagency.com\/es\/wp-json\/wp\/v2\/product"}],"about":[{"href":"https:\/\/www.lowcostwebagency.com\/es\/wp-json\/wp\/v2\/types\/product"}],"wp:featuredmedia":[{"embeddable":true,"href":"https:\/\/www.lowcostwebagency.com\/es\/wp-json\/wp\/v2\/media\/42590"}],"wp:attachment":[{"href":"https:\/\/www.lowcostwebagency.com\/es\/wp-json\/wp\/v2\/media?parent=43259"}],"wp:term":[{"taxonomy":"product_brand","embeddable":true,"href":"https:\/\/www.lowcostwebagency.com\/es\/wp-json\/wp\/v2\/product_brand?post=43259"},{"taxonomy":"product_cat","embeddable":true,"href":"https:\/\/www.lowcostwebagency.com\/es\/wp-json\/wp\/v2\/product_cat?post=43259"},{"taxonomy":"product_tag","embeddable":true,"href":"https:\/\/www.lowcostwebagency.com\/es\/wp-json\/wp\/v2\/product_tag?post=43259"}],"curies":[{"name":"wp","href":"https:\/\/api.w.org\/{rel}","templated":true}]}}