{"id":43260,"date":"2021-08-26T12:01:13","date_gmt":"2021-08-26T12:01:13","guid":{"rendered":"http:\/\/lowcostwebagency.com\/product\/google-analitico\/"},"modified":"2022-05-12T11:15:38","modified_gmt":"2022-05-12T11:15:38","slug":"google-analitico","status":"publish","type":"product","link":"https:\/\/www.lowcostwebagency.com\/es\/google-analitico\/","title":{"rendered":"Google analitico"},"content":{"rendered":"<h2 style=\"text-align: justify;\">Low Cost Web Agency vincula su sitio web a Google Analytics y optimiza todos los informes que necesita para mejorar su sitio web y su estrategia web.<\/h2>\n<h3 style=\"text-align: justify;\">Obtenga un informe completo sobre el rendimiento de su sitio web y sus visitantes.<\/h3>\n<p style=\"text-align: justify;\">Adaptamos cada informe de acuerdo a sus necesidades espec\u00edficas y al objetivo principal de su sitio web. Para tener \u00e9xito, es \u00fatil y crucial comprender en qu\u00e9 hacen clic cada vez menos los visitantes en los art\u00edculos de su sitio web. Esto significa que puede obtener estad\u00edsticas de cada clic en su sitio web. Por lo tanto, el an\u00e1lisis de datos es necesario para definir la mejora necesaria que puede hacer para mejorar la visibilidad de su sitio web.<\/p>\n<p style=\"text-align: justify;\">Adem\u00e1s, tambi\u00e9n puede optar por vincular su p\u00e1gina de destino o su sitio web con su campa\u00f1a de Google AdWords. \u00a1Cuando las personas hacen clic en sus anuncios, Google Analytics har\u00e1 un seguimiento de estos clics y calcular\u00e1 su<strong> tasa de conversi\u00f3n y ROI de su campa\u00f1a!<\/strong><\/p>\n<h3 style=\"text-align: justify;\">Low Cost Web Agency le proporciona la herramienta y los informes relevantes para analizar de manera eficiente las visitas y el rendimiento de su sitio web.<\/h3>\n<p style=\"text-align: justify;\">Para poder brindarle el apoyo adecuado, \u00a1necesitamos saber en qu\u00e9 etapa de implementaci\u00f3n se encuentra actualmente! Puede elegir entre dos opciones diferentes: configurar Google Analytics y \/ o optimizaci\u00f3n de Google Analytic. En primer lugar, estudiamos el objetivo de su sitio y Google Analytics para agregar informes relevantes a su herramienta de Analytics. En segundo lugar, nuestros expertos de Google revisan su configuraci\u00f3n actual y configuran los cambios para optimizar el informe de an\u00e1lisis de Google m\u00e1s adecuado.<\/p>\n<p style=\"text-align: justify;\">\u00a1Empiece, compre ahora!<\/p>\n","protected":false},"excerpt":{"rendered":"<p style=\"text-align: justify;\">Low Cost Web Agency implementa y estructura el informe que necesita para ver las acciones y clics de sus visitantes en su sitio web.<\/p>\n<p style=\"text-align: justify;\">\u00a1Solo al medir lo que est\u00e1 haciendo su audiencia en su sitio web, puede mejorar la calidad y aumentar la cantidad de personas que visitan su sitio web! Low Cost Web Agency personaliza sus informes, lo que le ayuda a comprender y actuar de acuerdo con las preferencias de sus visitantes.<\/p>\n","protected":false},"featured_media":42425,"template":"","meta":{"_links_to":"","_links_to_target":""},"product_brand":[],"product_cat":[1463,1472,1444],"product_tag":[1636,1633,1632,1635,1634],"class_list":{"0":"post-43260","1":"product","2":"type-product","3":"status-publish","4":"has-post-thumbnail","6":"product_cat-auditoria-y-analisis","7":"product_cat-google-analitico","8":"product_cat-web-marketing-es","9":"product_tag-analitica-de-datos","10":"product_tag-estrategia-web","11":"product_tag-google-analitico","12":"product_tag-roi-es","13":"product_tag-tasa-de-conversion","15":"first","16":"instock","17":"shipping-taxable","18":"purchasable","19":"product-type-variable"},"composite_virtual":false,"composite_layout":"","composite_add_to_cart_form_location":"","composite_editable_in_cart":false,"composite_sold_individually_context":"","composite_shop_price_calc":"","composite_components":[],"composite_scenarios":[],"_links":{"self":[{"href":"https:\/\/www.lowcostwebagency.com\/es\/wp-json\/wp\/v2\/product\/43260","targetHints":{"allow":["GET"]}}],"collection":[{"href":"https:\/\/www.lowcostwebagency.com\/es\/wp-json\/wp\/v2\/product"}],"about":[{"href":"https:\/\/www.lowcostwebagency.com\/es\/wp-json\/wp\/v2\/types\/product"}],"wp:featuredmedia":[{"embeddable":true,"href":"https:\/\/www.lowcostwebagency.com\/es\/wp-json\/wp\/v2\/media\/42425"}],"wp:attachment":[{"href":"https:\/\/www.lowcostwebagency.com\/es\/wp-json\/wp\/v2\/media?parent=43260"}],"wp:term":[{"taxonomy":"product_brand","embeddable":true,"href":"https:\/\/www.lowcostwebagency.com\/es\/wp-json\/wp\/v2\/product_brand?post=43260"},{"taxonomy":"product_cat","embeddable":true,"href":"https:\/\/www.lowcostwebagency.com\/es\/wp-json\/wp\/v2\/product_cat?post=43260"},{"taxonomy":"product_tag","embeddable":true,"href":"https:\/\/www.lowcostwebagency.com\/es\/wp-json\/wp\/v2\/product_tag?post=43260"}],"curies":[{"name":"wp","href":"https:\/\/api.w.org\/{rel}","templated":true}]}}