{"id":43261,"date":"2021-08-26T12:01:52","date_gmt":"2021-08-26T12:01:52","guid":{"rendered":"http:\/\/lowcostwebagency.com\/product\/auditoria-seo\/"},"modified":"2022-05-12T11:14:54","modified_gmt":"2022-05-12T11:14:54","slug":"auditoria-seo","status":"publish","type":"product","link":"https:\/\/www.lowcostwebagency.com\/es\/auditoria-seo\/","title":{"rendered":"Auditor\u00eda SEO"},"content":{"rendered":"<h2 style=\"text-align: justify;\">Low Cost Web Agency realiza una auditor\u00eda SEO de su sitio web<\/h2>\n<h3 style=\"text-align: justify;\">\u00a1Comprenda por qu\u00e9 su sitio web no se encuentra en la primera posici\u00f3n en Google!<\/h3>\n<p style=\"text-align: justify;\">El motor de b\u00fasqueda de Google es famoso por sus algoritmos secretos que se utilizan para<strong> clasificar su sitio web<\/strong> . Los profesionales y las agencias web trabajan para comprender c\u00f3mo<strong> Google<\/strong> opera para calificar su sitio web. Para los usuarios comunes no es f\u00e1cil<strong> competitivo<\/strong> cuando tienes frente a ti algunas de las empresas m\u00e1s grandes con un presupuesto publicitario enorme.<\/p>\n<p style=\"text-align: justify;\">Nuestro talentoso<strong> Experto en SEO<\/strong> analiza su sitio web y la situaci\u00f3n de sus competidores para evaluar y comprender su clasificaci\u00f3n en Google. Low Cost Web Agency identifica las causas fundamentales de sus problemas de SEO y le proporciona una lista de<strong> mejores pr\u00e1cticas<\/strong> y acciones a implementar como acci\u00f3n correctiva.<\/p>\n<p style=\"text-align: justify;\">Este producto es para una auditor\u00eda en un m\u00e1ximo de 20 p\u00e1ginas de su sitio web. Si necesita que auditemos m\u00e1s p\u00e1ginas, elija la cantidad seg\u00fan la cantidad de p\u00e1ginas que tenga en su sitio web. Por ejemplo, si selecciona 2 como cantidad, auditaremos hasta 40 p\u00e1ginas&#8230;<\/p>\n<p style=\"text-align: justify;\">\u00a1Prep\u00e1rate, compra ahora una Auditor\u00eda SEO de tu sitio web realizada por Low Cost Web Agency!<\/p>\n","protected":false},"excerpt":{"rendered":"<p style=\"text-align: justify;\">Nuestro<strong> Experto en SEO<\/strong> le ayuda a mejorar su clasificaci\u00f3n en Google. A<strong> Auditor\u00eda SEO<\/strong> se realiza en su sitio web, lo que le da madurez a su sitio web en t\u00e9rminos de SEO. Al final, obtienes todos los consejos para revisar tu configuraci\u00f3n inicial.<\/p>\n<p style=\"text-align: justify;\">Qu\u00e9 m\u00e1s, \u00a1compra ya!<\/p>\n","protected":false},"featured_media":42402,"template":"","meta":{"_links_to":"","_links_to_target":""},"product_brand":[],"product_cat":[1473,1463,1444],"product_tag":[1643,1644,1645],"class_list":{"0":"post-43261","1":"product","2":"type-product","3":"status-publish","4":"has-post-thumbnail","6":"product_cat-auditoria-seo","7":"product_cat-auditoria-y-analisis","8":"product_cat-web-marketing-es","9":"product_tag-auditoria-seo","10":"product_tag-competitivo","11":"product_tag-motor-de-busqueda-de-google","13":"first","14":"instock","15":"shipping-taxable","16":"purchasable","17":"product-type-variable"},"composite_virtual":false,"composite_layout":"","composite_add_to_cart_form_location":"","composite_editable_in_cart":false,"composite_sold_individually_context":"","composite_shop_price_calc":"","composite_components":[],"composite_scenarios":[],"_links":{"self":[{"href":"https:\/\/www.lowcostwebagency.com\/es\/wp-json\/wp\/v2\/product\/43261","targetHints":{"allow":["GET"]}}],"collection":[{"href":"https:\/\/www.lowcostwebagency.com\/es\/wp-json\/wp\/v2\/product"}],"about":[{"href":"https:\/\/www.lowcostwebagency.com\/es\/wp-json\/wp\/v2\/types\/product"}],"wp:featuredmedia":[{"embeddable":true,"href":"https:\/\/www.lowcostwebagency.com\/es\/wp-json\/wp\/v2\/media\/42402"}],"wp:attachment":[{"href":"https:\/\/www.lowcostwebagency.com\/es\/wp-json\/wp\/v2\/media?parent=43261"}],"wp:term":[{"taxonomy":"product_brand","embeddable":true,"href":"https:\/\/www.lowcostwebagency.com\/es\/wp-json\/wp\/v2\/product_brand?post=43261"},{"taxonomy":"product_cat","embeddable":true,"href":"https:\/\/www.lowcostwebagency.com\/es\/wp-json\/wp\/v2\/product_cat?post=43261"},{"taxonomy":"product_tag","embeddable":true,"href":"https:\/\/www.lowcostwebagency.com\/es\/wp-json\/wp\/v2\/product_tag?post=43261"}],"curies":[{"name":"wp","href":"https:\/\/api.w.org\/{rel}","templated":true}]}}