{"id":43262,"date":"2021-08-26T12:02:29","date_gmt":"2021-08-26T12:02:29","guid":{"rendered":"http:\/\/lowcostwebagency.com\/product\/investigacion-de-palabras-clave\/"},"modified":"2022-05-12T11:14:27","modified_gmt":"2022-05-12T11:14:27","slug":"investigacion-de-palabras-clave","status":"publish","type":"product","link":"https:\/\/www.lowcostwebagency.com\/es\/investigacion-de-palabras-clave\/","title":{"rendered":"Investigaci\u00f3n de palabras clave"},"content":{"rendered":"<h2 class=\"callout wider small-bottom\">Low Cost Web Agency te asesora sobre las palabras clave que debes utilizar para tu sitio web<\/h2>\n<h3 class=\"callout wider small-bottom\">Bueno, las palabras clave son fundamentales para un buen ranking.<\/h3>\n<p style=\"text-align: justify;\">Para especialistas en marketing web,<strong> Investigaci\u00f3n de palabras clave<\/strong> es una de las actividades con mejor resultado. De hecho, hoy puede estar invirtiendo en su tiempo y dinero de investigaci\u00f3n, pero ma\u00f1ana puede traerle nuevos visitantes a su sitio web. Al centrarse en algunas palabras que son clave, ayudar\u00e1 a<strong> clasificar su sitio web<\/strong> en primera posici\u00f3n con esas palabras espec\u00edficas. Por eso le recomendamos que se centre \u00daNICAMENTE en las palabras clave relevantes. El objetivo es conseguir<strong> Visitantes DERECHOS<\/strong> en tu sitio web. Las palabras clave inapropiadas pueden da\u00f1ar su sitio web.<\/p>\n<h3 class=\"callout wider small-bottom\">Low Cost Web Agency ayuda a comprender cu\u00e1les son las mejores estrategias de palabras clave para luchar contra su competencia en los rankings de Google.<\/h3>\n<p style=\"text-align: justify;\">Con Low Cost Web Agency, obtendr\u00e1 una lista de las mejores palabras clave para su sitio web. Los expertos en SEO de Low Cost Web Agency definen las palabras clave m\u00e1s relevantes de acuerdo con las reglas de SEO, las mejores pr\u00e1cticas y una cuidadosa auditor\u00eda sobre su mercado y competencia. T\u00fa solo eliges cuantos<strong> Palabras clave<\/strong> \u00a1quiere que definamos por usted y si quiere una investigaci\u00f3n sobre los que utilizan sus competidores!<\/p>\n<p style=\"text-align: justify;\">Queremos que nuestros clientes comprendan que la investigaci\u00f3n de palabras clave es un proceso importante del cual puede hacer que su sitio web sea m\u00e1s visible y visitado. Sin embargo, un sitio web con un dise\u00f1o antiguo o contenido plagiado no puede ser potenciado por un buen objetivo de palabras clave. De hecho, entendemos que desea atraer a sus visitantes a la actividad de su sitio web y hacer que compren o se comuniquen con usted a trav\u00e9s de su<strong> sitio web<\/strong>. Sin un sitio web bueno y agradable, su audiencia no estar\u00e1 satisfecha, por lo que evitar\u00e1 que sean sus clientes.<\/p>\n<p style=\"text-align: justify;\">Todo considerado, el primer paso es poseer un sitio web profesional y serio para su negocio y luego definir una estrategia de palabras clave (si es necesario, consulte nuestras categor\u00edas<a href=\"https:\/\/www.lowcostwebagency.com\/es\/low-cost\/diseno-web\/sitio-y-pagina-web\/wordpress-joomla-drupal-cms-website\/\" target=\"_blank\" rel=\"noopener noreferrer\"> Sitio web din\u00e1mico<\/a> o<a href=\"https:\/\/www.lowcostwebagency.com\/es\/low-cost\/diseno-web\/sitio-y-pagina-web\/ecommerce-website-es\/\" target=\"_blank\" rel=\"noopener noreferrer\"> Sitio web de comercio electr\u00f3nico<\/a>). \u00a1Prep\u00e1rese para mostrar su sitio web a su cliente objetivo!<\/p>\n<p style=\"text-align: justify;\">Este producto es para la investigaci\u00f3n de 25 palabras clave.<\/p>\n<p style=\"text-align: justify;\">\u00a1Comprar ahora!<\/p>\n","protected":false},"excerpt":{"rendered":"<p style=\"text-align: justify;\">\u00bfNecesita orientar sus anuncios a las palabras clave de las que desea que se muestre su sitio web en Google? Esta es una tarea estrat\u00e9gica que debe realizar un experto en SEO. \u00a1Te ofrecemos un servicio de b\u00fasqueda de palabras clave al mejor precio!<\/p>\n<p style=\"text-align: justify;\">\u00a1No espere m\u00e1s, p\u00f3ngase en contacto con la agencia web de bajo coste ahora mismo!<\/p>\n","protected":false},"featured_media":42395,"template":"","meta":{"_links_to":"","_links_to_target":""},"product_brand":[],"product_cat":[1463,1474,1444],"product_tag":[1412,1646,1647,1394],"class_list":{"0":"post-43262","1":"product","2":"type-product","3":"status-publish","4":"has-post-thumbnail","6":"product_cat-auditoria-y-analisis","7":"product_cat-investigacion-de-palabras-clave","8":"product_cat-web-marketing-es","9":"product_tag-ecommerce-website-es","10":"product_tag-investigacion-de-palabras-clave","11":"product_tag-mejor-estrategia-de-palabras-clave","12":"product_tag-website-dinamico","14":"first","15":"instock","16":"shipping-taxable","17":"purchasable","18":"product-type-simple"},"composite_virtual":false,"composite_layout":"","composite_add_to_cart_form_location":"","composite_editable_in_cart":false,"composite_sold_individually_context":"","composite_shop_price_calc":"","composite_components":[],"composite_scenarios":[],"_links":{"self":[{"href":"https:\/\/www.lowcostwebagency.com\/es\/wp-json\/wp\/v2\/product\/43262","targetHints":{"allow":["GET"]}}],"collection":[{"href":"https:\/\/www.lowcostwebagency.com\/es\/wp-json\/wp\/v2\/product"}],"about":[{"href":"https:\/\/www.lowcostwebagency.com\/es\/wp-json\/wp\/v2\/types\/product"}],"wp:featuredmedia":[{"embeddable":true,"href":"https:\/\/www.lowcostwebagency.com\/es\/wp-json\/wp\/v2\/media\/42395"}],"wp:attachment":[{"href":"https:\/\/www.lowcostwebagency.com\/es\/wp-json\/wp\/v2\/media?parent=43262"}],"wp:term":[{"taxonomy":"product_brand","embeddable":true,"href":"https:\/\/www.lowcostwebagency.com\/es\/wp-json\/wp\/v2\/product_brand?post=43262"},{"taxonomy":"product_cat","embeddable":true,"href":"https:\/\/www.lowcostwebagency.com\/es\/wp-json\/wp\/v2\/product_cat?post=43262"},{"taxonomy":"product_tag","embeddable":true,"href":"https:\/\/www.lowcostwebagency.com\/es\/wp-json\/wp\/v2\/product_tag?post=43262"}],"curies":[{"name":"wp","href":"https:\/\/api.w.org\/{rel}","templated":true}]}}