{"id":43263,"date":"2021-08-26T12:03:23","date_gmt":"2021-08-26T12:03:23","guid":{"rendered":"http:\/\/lowcostwebagency.com\/product\/estrategia-de-marketing-web\/"},"modified":"2022-05-12T11:22:45","modified_gmt":"2022-05-12T11:22:45","slug":"estrategia-de-marketing-web","status":"publish","type":"product","link":"https:\/\/www.lowcostwebagency.com\/es\/estrategia-de-marketing-web\/","title":{"rendered":"Estrategia de marketing web"},"content":{"rendered":"<h2 style=\"text-align: justify;\">\u00a1Agencia Web Low Cost elabora su Estrategia de Marketing Web a bajo costo!<\/h2>\n<h3 style=\"text-align: justify;\">\u00a1Prep\u00e1rese para mejorar su estrategia en l\u00ednea gracias a una auditor\u00eda profunda de su negocio, mercado, su posici\u00f3n actual y lo que desea lograr!<\/h3>\n<p style=\"text-align: justify;\">Gracias a nuestro equipo de expertos, desarrollamos paso a paso tu estrategia de marketing web para mejorar tu situaci\u00f3n actual. Primero definimos cu\u00e1l es su \u00abtal cual\u00bb y luego cu\u00e1l deber\u00eda ser su situaci\u00f3n de \u00abfuturo\u00bb para tener \u00e9xito y mejorar su status quo. Con un objetivo claramente definido, le sugerimos un \u00abplan de acci\u00f3n\u00bb que debe implementar para lograr la situaci\u00f3n del \u00abSer\u00bb, \u00a1todo definido en conjunto!<\/p>\n<p style=\"text-align: justify;\">Low Cost Web Agency te da soporte para delimitar una situaci\u00f3n To Be realista. Este producto no se abre directamente para comprarlo online. Debe solicitar un presupuesto que explique en detalle su situaci\u00f3n comercial.<\/p>\n<p style=\"text-align: justify;\">\u00a1Cont\u00e1ctenos ahora y obtenga su cotizaci\u00f3n en poco tiempo!<\/p>\n","protected":false},"excerpt":{"rendered":"<p style=\"text-align: justify;\">Una opini\u00f3n externa sobre su<strong> Mercadotecnia web,<\/strong> la estrategia siempre es necesaria. \u00a1La oferta de agencia web de bajo costo es la oportunidad de obtener su nueva estrategia en l\u00ednea en un<strong> precio bajo!<\/strong><\/p>\n<p style=\"text-align: justify;\">Solicite un presupuesto ahora mismo, el mercado no esperar\u00e1, \u00a1su competencia ya est\u00e1 en marcha!<\/p>\n","protected":false},"featured_media":42409,"template":"","meta":{"_links_to":"","_links_to_target":""},"product_brand":[],"product_cat":[1463,1475,1444],"product_tag":[1649,1648,1650],"class_list":{"0":"post-43263","1":"product","2":"type-product","3":"status-publish","4":"has-post-thumbnail","6":"product_cat-auditoria-y-analisis","7":"product_cat-estrategia-de-marketing-web","8":"product_cat-web-marketing-es","9":"product_tag-estrategia-online","10":"product_tag-mercadotecnia-web","11":"product_tag-plan-de-acciones","13":"first","14":"instock","15":"shipping-taxable","16":"product-type-external"},"composite_virtual":false,"composite_layout":"","composite_add_to_cart_form_location":"","composite_editable_in_cart":false,"composite_sold_individually_context":"","composite_shop_price_calc":"","composite_components":[],"composite_scenarios":[],"_links":{"self":[{"href":"https:\/\/www.lowcostwebagency.com\/es\/wp-json\/wp\/v2\/product\/43263","targetHints":{"allow":["GET"]}}],"collection":[{"href":"https:\/\/www.lowcostwebagency.com\/es\/wp-json\/wp\/v2\/product"}],"about":[{"href":"https:\/\/www.lowcostwebagency.com\/es\/wp-json\/wp\/v2\/types\/product"}],"wp:featuredmedia":[{"embeddable":true,"href":"https:\/\/www.lowcostwebagency.com\/es\/wp-json\/wp\/v2\/media\/42409"}],"wp:attachment":[{"href":"https:\/\/www.lowcostwebagency.com\/es\/wp-json\/wp\/v2\/media?parent=43263"}],"wp:term":[{"taxonomy":"product_brand","embeddable":true,"href":"https:\/\/www.lowcostwebagency.com\/es\/wp-json\/wp\/v2\/product_brand?post=43263"},{"taxonomy":"product_cat","embeddable":true,"href":"https:\/\/www.lowcostwebagency.com\/es\/wp-json\/wp\/v2\/product_cat?post=43263"},{"taxonomy":"product_tag","embeddable":true,"href":"https:\/\/www.lowcostwebagency.com\/es\/wp-json\/wp\/v2\/product_tag?post=43263"}],"curies":[{"name":"wp","href":"https:\/\/api.w.org\/{rel}","templated":true}]}}