{"id":43265,"date":"2021-08-26T12:05:26","date_gmt":"2021-08-26T12:05:26","guid":{"rendered":"http:\/\/lowcostwebagency.com\/product\/hosting\/"},"modified":"2022-05-12T11:13:53","modified_gmt":"2022-05-12T11:13:53","slug":"hosting","status":"publish","type":"product","link":"https:\/\/www.lowcostwebagency.com\/es\/hosting\/","title":{"rendered":"Hosting"},"content":{"rendered":"<p>El alojamiento coloca el nombre de dominio en un servidor particular conectado a la web, lo que le permite publicar un sitio web para verlo a trav\u00e9s de un navegador. NO est\u00e1 obligado a hospedar a trav\u00e9s de nosotros, \u00a1pero le recomendamos encarecidamente que lo haga! El alojamiento viene con correos electr\u00f3nicos basados en dominios, ancho de banda, espacio de almacenamiento, bases de datos y herramientas de seguridad, y otras caracter\u00edsticas. Los proyectos que implican programaci\u00f3n a medida deben ser alojados con Low Cost Web Agency Pvt. Ltd. Para garantizar que los programas que escribimos funcionen. Si desea alojar su sitio en otro servidor<\/p>\n","protected":false},"excerpt":{"rendered":"<p>El alojamiento es necesario para alojar su dominio y sus correos electr\u00f3nicos. NO est\u00e1 obligado a hospedar a trav\u00e9s de nosotros, \u00a1pero le recomendamos encarecidamente que lo haga! Nuestros servicios de Hosting, en colaboraci\u00f3n con Siteground (<a href=\"https:\/\/www.codeinwp.com\/blog\/best-wordpress-hosting\/#fball\" target=\"_blank\" rel=\"nofollow noopener noreferrer\"> mejor hosting del mundo<\/a> ) vienen con correos electr\u00f3nicos basados en dominios, ancho de banda, espacio de almacenamiento, bases de datos y herramientas de seguridad, y otras caracter\u00edsticas. Los proyectos que implican programaci\u00f3n a medida deben ser alojados con Low Cost Web Agency Pvt. Ltd. Para garantizar que los programas que escribimos funcionen. Nuestra garant\u00eda, mantenimiento, asistencia es v\u00e1lida solo si opta por uno de nuestros paquetes de 2 Hosting. La diferencia entre el alojamiento est\u00e1ndar y el alojamiento Vip est\u00e1 relacionada con el espacio de almacenamiento y la cantidad de direcciones de correo electr\u00f3nico disponibles. Si desea alojar su sitio en otro servidor, simplemente seleccione la opci\u00f3n.<\/p>\n","protected":false},"featured_media":42472,"template":"","meta":{"_links_to":"","_links_to_target":""},"product_brand":[],"product_cat":[1447,1445],"product_tag":[1657,1659,1658],"class_list":{"0":"post-43265","1":"product","2":"type-product","3":"status-publish","4":"has-post-thumbnail","6":"product_cat-hosting-es","7":"product_cat-hosting-y-dominios","8":"product_tag-espacio-de-almacenamiento","9":"product_tag-herramientas-de-seguridad","10":"product_tag-programacion","11":"product_shipping_class-website-corporativo","13":"first","14":"instock","15":"shipping-taxable","16":"purchasable","17":"product-type-variable"},"composite_virtual":false,"composite_layout":"","composite_add_to_cart_form_location":"","composite_editable_in_cart":false,"composite_sold_individually_context":"","composite_shop_price_calc":"","composite_components":[],"composite_scenarios":[],"_links":{"self":[{"href":"https:\/\/www.lowcostwebagency.com\/es\/wp-json\/wp\/v2\/product\/43265","targetHints":{"allow":["GET"]}}],"collection":[{"href":"https:\/\/www.lowcostwebagency.com\/es\/wp-json\/wp\/v2\/product"}],"about":[{"href":"https:\/\/www.lowcostwebagency.com\/es\/wp-json\/wp\/v2\/types\/product"}],"wp:featuredmedia":[{"embeddable":true,"href":"https:\/\/www.lowcostwebagency.com\/es\/wp-json\/wp\/v2\/media\/42472"}],"wp:attachment":[{"href":"https:\/\/www.lowcostwebagency.com\/es\/wp-json\/wp\/v2\/media?parent=43265"}],"wp:term":[{"taxonomy":"product_brand","embeddable":true,"href":"https:\/\/www.lowcostwebagency.com\/es\/wp-json\/wp\/v2\/product_brand?post=43265"},{"taxonomy":"product_cat","embeddable":true,"href":"https:\/\/www.lowcostwebagency.com\/es\/wp-json\/wp\/v2\/product_cat?post=43265"},{"taxonomy":"product_tag","embeddable":true,"href":"https:\/\/www.lowcostwebagency.com\/es\/wp-json\/wp\/v2\/product_tag?post=43265"}],"curies":[{"name":"wp","href":"https:\/\/api.w.org\/{rel}","templated":true}]}}