{"id":43267,"date":"2021-08-26T12:08:14","date_gmt":"2021-08-26T12:08:14","guid":{"rendered":"http:\/\/lowcostwebagency.com\/product\/acceso-al-cpanel\/"},"modified":"2022-05-12T11:10:09","modified_gmt":"2022-05-12T11:10:09","slug":"acceso-al-cpanel","status":"publish","type":"product","link":"https:\/\/www.lowcostwebagency.com\/es\/acceso-al-cpanel\/","title":{"rendered":"Acceso al CPanel"},"content":{"rendered":"<p>CPanel es una herramienta de panel de control basada en web que le ayudar\u00e1 a administrar su cuenta de alojamiento web a trav\u00e9s de una interfaz web en lugar de una consola. Con cPanel puede realizar muchas tareas.<br \/>\nPuede utilizar Cpanel para tareas b\u00e1sicas y cotidianas como<strong> administrar su correo electr\u00f3nico<\/strong>. Tareas como la <strong>creaci\u00f3n de cuentas de correo electr\u00f3nico<\/strong>, <strong>el restablecimiento de contrase\u00f1as<\/strong>, l<strong>a configuraci\u00f3n de reenv\u00edos<\/strong> de correo son s\u00f3lo algunas de las diversas tareas que puede realizar a trav\u00e9s de Cpanel. Tendr\u00e1 acceso a <strong>estad\u00edsticas<\/strong> sobre su sitio web y su uso. Es la herramienta para administrar completamente su espacio de almacenamiento como desee. No est\u00e1 obligado a tener un Cpanel Access para ejecutar su sitio web, por lo que si est\u00e1 ajustado a su presupuesto, puede solicitar esta opci\u00f3n m\u00e1s adelante.<\/p>\n","protected":false},"excerpt":{"rendered":"<p style=\"text-align: justify;\">cPanel es una herramienta de panel de control basado en la web que le ayudar\u00e1 a gestionar su cuenta de alojamiento web a trav\u00e9s de una interfaz web en lugar de una consola. Con cPanel puede realizar muchas tareas.<br \/>\nPuede utilizar Cpanel para tareas b\u00e1sicas y cotidianas como<strong> administrar su correo electr\u00f3nico<\/strong>. Tareas como la <strong>creaci\u00f3n de cuentas de correo electr\u00f3nico<\/strong>, <strong>el restablecimiento de contrase\u00f1as<\/strong>, <strong>la configuraci\u00f3n de reenv\u00edos<\/strong> de correo son s\u00f3lo algunas de las diversas tareas que puede realizar a trav\u00e9s de Cpanel. Tendr\u00e1 acceso a <strong>estad\u00edsticas<\/strong> sobre su sitio web y su uso. Es la herramienta para administrar completamente su espacio de almacenamiento como desee. No est\u00e1 obligado a seleccionar un acceso Cpanel para gestionar su sitio web, por lo que si est\u00e1 ajustado a su presupuesto puede solicitar esta opci\u00f3n m\u00e1s adelante.<\/p>\n","protected":false},"featured_media":42642,"template":"","meta":{"_links_to":"","_links_to_target":""},"product_brand":[],"product_cat":[1489],"product_tag":[1666,1665,1667],"class_list":{"0":"post-43267","1":"product","2":"type-product","3":"status-publish","4":"has-post-thumbnail","6":"product_cat-productos-compuestos","7":"product_tag-acceso-a-cpanel","8":"product_tag-administrar-su-correo-electronico","9":"product_tag-alojamiento-web","11":"first","12":"instock","13":"shipping-taxable","14":"purchasable","15":"product-type-variable"},"composite_virtual":false,"composite_layout":"","composite_add_to_cart_form_location":"","composite_editable_in_cart":false,"composite_sold_individually_context":"","composite_shop_price_calc":"","composite_components":[],"composite_scenarios":[],"_links":{"self":[{"href":"https:\/\/www.lowcostwebagency.com\/es\/wp-json\/wp\/v2\/product\/43267","targetHints":{"allow":["GET"]}}],"collection":[{"href":"https:\/\/www.lowcostwebagency.com\/es\/wp-json\/wp\/v2\/product"}],"about":[{"href":"https:\/\/www.lowcostwebagency.com\/es\/wp-json\/wp\/v2\/types\/product"}],"wp:featuredmedia":[{"embeddable":true,"href":"https:\/\/www.lowcostwebagency.com\/es\/wp-json\/wp\/v2\/media\/42642"}],"wp:attachment":[{"href":"https:\/\/www.lowcostwebagency.com\/es\/wp-json\/wp\/v2\/media?parent=43267"}],"wp:term":[{"taxonomy":"product_brand","embeddable":true,"href":"https:\/\/www.lowcostwebagency.com\/es\/wp-json\/wp\/v2\/product_brand?post=43267"},{"taxonomy":"product_cat","embeddable":true,"href":"https:\/\/www.lowcostwebagency.com\/es\/wp-json\/wp\/v2\/product_cat?post=43267"},{"taxonomy":"product_tag","embeddable":true,"href":"https:\/\/www.lowcostwebagency.com\/es\/wp-json\/wp\/v2\/product_tag?post=43267"}],"curies":[{"name":"wp","href":"https:\/\/api.w.org\/{rel}","templated":true}]}}