{"id":43269,"date":"2021-08-26T12:09:23","date_gmt":"2021-08-26T12:09:23","guid":{"rendered":"http:\/\/lowcostwebagency.com\/product\/campana-de-facebook\/"},"modified":"2022-05-12T11:04:05","modified_gmt":"2022-05-12T11:04:05","slug":"campana-de-facebook","status":"publish","type":"product","link":"https:\/\/www.lowcostwebagency.com\/es\/campana-de-facebook\/","title":{"rendered":"Campa\u00f1a de Facebook"},"content":{"rendered":"<h2 style=\"text-align: justify;\">\u00a1La agencia web de bajo costo le brinda la mejor experiencia de campa\u00f1a de Facebook que pueda tener!<\/h2>\n<h3 style=\"text-align: justify;\">Aumente el n\u00famero de sus seguidores espec\u00edficos a su sitio web<\/h3>\n<p style=\"text-align: justify;\">Si desea compartir en Facebook su negocio, producto, evento o cualquier otro asunto comercial, \u00a1est\u00e1 en el lugar correcto! Facebook es el m\u00e1s utilizado<strong> red social<\/strong> en el mundo, lo que ayuda a muchas empresas a difundir sus mensajes. La mayor\u00eda de ellos solo lo usa para agregar nuevas publicaciones en su p\u00e1gina de Facebook. \u00a1Eso puede no ser suficiente!<strong> Mercadotecnia web<\/strong> Los profesionales crean anuncios de Facebook y los comparten m\u00e1s all\u00e1 de su propia p\u00e1gina de Facebook. Esta es la clave de<strong> haciendo crecer tu audiencia<\/strong> , de lo contrario, sus actualizaciones se compartir\u00e1n solo con las mismas personas que ya est\u00e1n en su p\u00e1gina de Facebook.<\/p>\n<h3 style=\"text-align: justify;\">Los clientes potenciales adecuados en el momento adecuado con su campa\u00f1a de Facebook<\/h3>\n<p style=\"text-align: justify;\">\u00a1Una campa\u00f1a de Facebook es muy \u00fatil para conseguir nuevos seguidores y transformarlos en nuevos clientes! Nos dirigimos altamente a su audiencia gracias a criterios espec\u00edficos definidos entre casi 700 criterios diferentes combinados. Esta es la forma correcta de optimizar la probabilidad de convertir a su audiencia en clientes de pago. La gesti\u00f3n de su campa\u00f1a se realiza directamente a trav\u00e9s de Facebook Business Platform.<\/p>\n<p style=\"text-align: justify;\">Tenemos una larga experiencia en impulsar negocios online con campa\u00f1as en redes sociales. Nuestro equipo se compone de personas altamente calificadas<strong> Expertos en redes sociales!<\/strong><\/p>\n<p style=\"text-align: justify;\">Si a\u00fan no tiene un conjunto de im\u00e1genes para respaldar sus anuncios de Facebook, eche un vistazo a nuestro producto<a href=\"https:\/\/www.lowcostwebagency.com\/advertisement-banner\/\" target=\"_blank\" rel=\"noopener noreferrer\"> Banner de anuncios<\/a> .<\/p>\n<p style=\"text-align: justify;\">\u00a1Qu\u00e9 m\u00e1s, solicite un presupuesto!<\/p>\n","protected":false},"excerpt":{"rendered":"<p style=\"text-align: justify;\">La agencia web de bajo costo maximiza sus posibilidades de convertir su<strong> Campa\u00f1a de facebook<\/strong> inversi\u00f3n en clientes de pago.<\/p>\n<p style=\"text-align: justify;\">\u00a1P\u00eddenos un presupuesto! \u00a1Estamos aqu\u00ed para apoyarte!<\/p>\n","protected":false},"featured_media":42391,"template":"","meta":{"_links_to":"","_links_to_target":""},"product_brand":[],"product_cat":[1477,1464,1444],"product_tag":[1674,1673,1648],"class_list":{"0":"post-43269","1":"product","2":"type-product","3":"status-publish","4":"has-post-thumbnail","6":"product_cat-campana-de-facebook","7":"product_cat-sem-es","8":"product_cat-web-marketing-es","9":"product_tag-banner-de-anuncios","10":"product_tag-campana-de-facebook","11":"product_tag-mercadotecnia-web","13":"first","14":"instock","15":"shipping-taxable","16":"product-type-external"},"composite_virtual":false,"composite_layout":"","composite_add_to_cart_form_location":"","composite_editable_in_cart":false,"composite_sold_individually_context":"","composite_shop_price_calc":"","composite_components":[],"composite_scenarios":[],"_links":{"self":[{"href":"https:\/\/www.lowcostwebagency.com\/es\/wp-json\/wp\/v2\/product\/43269","targetHints":{"allow":["GET"]}}],"collection":[{"href":"https:\/\/www.lowcostwebagency.com\/es\/wp-json\/wp\/v2\/product"}],"about":[{"href":"https:\/\/www.lowcostwebagency.com\/es\/wp-json\/wp\/v2\/types\/product"}],"wp:featuredmedia":[{"embeddable":true,"href":"https:\/\/www.lowcostwebagency.com\/es\/wp-json\/wp\/v2\/media\/42391"}],"wp:attachment":[{"href":"https:\/\/www.lowcostwebagency.com\/es\/wp-json\/wp\/v2\/media?parent=43269"}],"wp:term":[{"taxonomy":"product_brand","embeddable":true,"href":"https:\/\/www.lowcostwebagency.com\/es\/wp-json\/wp\/v2\/product_brand?post=43269"},{"taxonomy":"product_cat","embeddable":true,"href":"https:\/\/www.lowcostwebagency.com\/es\/wp-json\/wp\/v2\/product_cat?post=43269"},{"taxonomy":"product_tag","embeddable":true,"href":"https:\/\/www.lowcostwebagency.com\/es\/wp-json\/wp\/v2\/product_tag?post=43269"}],"curies":[{"name":"wp","href":"https:\/\/api.w.org\/{rel}","templated":true}]}}