{"id":43270,"date":"2021-08-26T12:10:12","date_gmt":"2021-08-26T12:10:12","guid":{"rendered":"http:\/\/lowcostwebagency.com\/product\/campana-de-linkedin\/"},"modified":"2022-05-12T11:03:45","modified_gmt":"2022-05-12T11:03:45","slug":"campana-de-linkedin","status":"publish","type":"product","link":"https:\/\/www.lowcostwebagency.com\/es\/campana-de-linkedin\/","title":{"rendered":"Campa\u00f1a de LinkedIn"},"content":{"rendered":"<h2 style=\"text-align: justify;\">Tu campa\u00f1a de LinkedIn impulsada por una agencia web de bajo costo<\/h2>\n<h3 style=\"text-align: justify;\">\u00a1Haga crecer su red profesional y convierta sus clientes potenciales en clientes!<\/h3>\n<p style=\"text-align: justify;\">Si est\u00e1 buscando apuntar estrictamente<strong> audiencia profesional<\/strong>, LinkedIn Ads es definitivamente una plataforma para adoptar r\u00e1pidamente si a\u00fan no lo ha hecho. La plataforma de publicidad de LinkedIn le permite llegar a grupos de profesionales altamente espec\u00edficos con su mensaje de adquisici\u00f3n de clientes. Hoy en d\u00eda, una empresa que no est\u00e1 presente en la red de LinkedIn, \u00a1puede parecer una empresa que ni siquiera existe! Debe tener al menos la p\u00e1gina de su empresa para que su empresa sea reconocida en el mercado.<\/p>\n<h3 style=\"text-align: justify;\">Sea profesional y demuestre la seriedad de su negocio mientras trabaja con un experto de Low Cost Web Agency para administrar sus campa\u00f1as de LinkedIn<\/h3>\n<p style=\"text-align: justify;\">LinkedIn es muy eficiente para obtener nuevos, gente<strong>\u00a0calificada<\/strong> en su red e inf\u00f3rmeles sobre su negocio y sus marcas. El objetivo es maximizar el conocimiento de su empresa. Una campa\u00f1a de LinkedIn simplemente dirige un mensaje coherente a una audiencia potencialmente interesada en su sitio web.<\/p>\n<p style=\"text-align: justify;\">Si a\u00fan no tiene a mano un anuncio atractivo<strong> imagen de banner<\/strong> para su anuncio, consulte nuestro producto<a href=\"https:\/\/www.lowcostwebagency.com\/advertisement-banner\/\" target=\"_blank\" rel=\"noopener noreferrer\"> Banner publicitario<\/a>.<\/p>\n<p style=\"text-align: justify;\">Creemos en construir una relaci\u00f3n con nuestros clientes basada en la confianza y convertirnos en la referencia del mercado digital de bajo costo para todos los empresarios.<\/p>\n<p style=\"text-align: justify;\">Que m\u00e1s, somos el especialista que estabas esperando, \u00a1pide cotizaci\u00f3n!<\/p>\n<p style=\"text-align: justify;\">\n","protected":false},"excerpt":{"rendered":"<p style=\"text-align: justify;\">La agencia web de bajo costo maximiza sus posibilidades de convertir su<strong> Campa\u00f1a de LinkedIn<\/strong> inversi\u00f3n en clientes de pago.<\/p>\n<p style=\"text-align: justify;\">\u00a1P\u00eddenos un presupuesto! \u00a1Estamos aqu\u00ed para apoyarte!<\/p>\n","protected":false},"featured_media":42396,"template":"","meta":{"_links_to":"","_links_to_target":""},"product_brand":[],"product_cat":[1478,1464,1444],"product_tag":[1677,1676,1675],"class_list":{"0":"post-43270","1":"product","2":"type-product","3":"status-publish","4":"has-post-thumbnail","6":"product_cat-campana-de-linkedin","7":"product_cat-sem-es","8":"product_cat-web-marketing-es","9":"product_tag-anuncios-de-linkedin","10":"product_tag-banner-publicitario-es","11":"product_tag-campanas-de-linkedin","13":"first","14":"instock","15":"shipping-taxable","16":"product-type-external"},"composite_virtual":false,"composite_layout":"","composite_add_to_cart_form_location":"","composite_editable_in_cart":false,"composite_sold_individually_context":"","composite_shop_price_calc":"","composite_components":[],"composite_scenarios":[],"_links":{"self":[{"href":"https:\/\/www.lowcostwebagency.com\/es\/wp-json\/wp\/v2\/product\/43270","targetHints":{"allow":["GET"]}}],"collection":[{"href":"https:\/\/www.lowcostwebagency.com\/es\/wp-json\/wp\/v2\/product"}],"about":[{"href":"https:\/\/www.lowcostwebagency.com\/es\/wp-json\/wp\/v2\/types\/product"}],"wp:featuredmedia":[{"embeddable":true,"href":"https:\/\/www.lowcostwebagency.com\/es\/wp-json\/wp\/v2\/media\/42396"}],"wp:attachment":[{"href":"https:\/\/www.lowcostwebagency.com\/es\/wp-json\/wp\/v2\/media?parent=43270"}],"wp:term":[{"taxonomy":"product_brand","embeddable":true,"href":"https:\/\/www.lowcostwebagency.com\/es\/wp-json\/wp\/v2\/product_brand?post=43270"},{"taxonomy":"product_cat","embeddable":true,"href":"https:\/\/www.lowcostwebagency.com\/es\/wp-json\/wp\/v2\/product_cat?post=43270"},{"taxonomy":"product_tag","embeddable":true,"href":"https:\/\/www.lowcostwebagency.com\/es\/wp-json\/wp\/v2\/product_tag?post=43270"}],"curies":[{"name":"wp","href":"https:\/\/api.w.org\/{rel}","templated":true}]}}