{"id":43271,"date":"2021-08-26T12:10:47","date_gmt":"2021-08-26T12:10:47","guid":{"rendered":"http:\/\/lowcostwebagency.com\/product\/plan-personalizado-sem\/"},"modified":"2022-05-12T11:00:32","modified_gmt":"2022-05-12T11:00:32","slug":"plan-personalizado-sem","status":"publish","type":"product","link":"https:\/\/www.lowcostwebagency.com\/es\/plan-personalizado-sem\/","title":{"rendered":"Plan personalizado &#8211; SEM"},"content":{"rendered":"<h2 style=\"text-align: justify;\">La agencia web de bajo costo responde a todas sus solicitudes espec\u00edficas relacionadas con el marketing de motores de b\u00fasqueda.<\/h2>\n<p style=\"text-align: justify;\">Hacemos todo lo posible para brindarle su cotizaci\u00f3n en el mejor momento, de acuerdo con su descripci\u00f3n. De esta forma, te recomendamos que seas lo m\u00e1s claro posible en tu solicitud SEM. Incluso uno personalizado, nuestras ofertas siguen ofreciendo el mismo precio. No dude en ponerse en contacto con nosotros &#8230; \u00a1Es un placer para nosotros trabajar en sus solicitudes!<\/p>\n<p style=\"text-align: justify;\">Antes de presentarnos su idea, compruebe si alguno de nuestros<a href=\"https:\/\/www.lowcostwebagency.com\/es\/low-cost\/web-marketing-es\/sem-es\/\" target=\"_blank\" rel=\"noopener noreferrer\"> SEM<\/a> \u00a1las soluciones no se ajustan a sus necesidades!<\/p>\n<p style=\"text-align: justify;\">Que m\u00e1s, solo<a href=\"https:\/\/www.lowcostwebagency.com\/es\/presupuesto-personalizado\/\"> \u00a1Cont\u00e1ctenos!<\/a><\/p>\n","protected":false},"excerpt":{"rendered":"<p style=\"text-align: justify;\">P\u00eddenos un presupuesto si tienes una necesidad especial para gestionar tu SEM. \u00a1Nuestro gerente puede informarle sobre la viabilidad de su proyecto y el precio!<\/p>\n","protected":false},"featured_media":42388,"template":"","meta":{"_links_to":"","_links_to_target":""},"product_brand":[],"product_cat":[1479,1464,1444],"product_tag":[1678,1679,1535],"class_list":{"0":"post-43271","1":"product","2":"type-product","3":"status-publish","4":"has-post-thumbnail","6":"product_cat-plan-personalizado","7":"product_cat-sem-es","8":"product_cat-web-marketing-es","9":"product_tag-cotizacion","10":"product_tag-plan-personalizado-sem","11":"product_tag-sem-es","13":"first","14":"instock","15":"shipping-taxable","16":"product-type-external"},"composite_virtual":false,"composite_layout":"","composite_add_to_cart_form_location":"","composite_editable_in_cart":false,"composite_sold_individually_context":"","composite_shop_price_calc":"","composite_components":[],"composite_scenarios":[],"_links":{"self":[{"href":"https:\/\/www.lowcostwebagency.com\/es\/wp-json\/wp\/v2\/product\/43271","targetHints":{"allow":["GET"]}}],"collection":[{"href":"https:\/\/www.lowcostwebagency.com\/es\/wp-json\/wp\/v2\/product"}],"about":[{"href":"https:\/\/www.lowcostwebagency.com\/es\/wp-json\/wp\/v2\/types\/product"}],"wp:featuredmedia":[{"embeddable":true,"href":"https:\/\/www.lowcostwebagency.com\/es\/wp-json\/wp\/v2\/media\/42388"}],"wp:attachment":[{"href":"https:\/\/www.lowcostwebagency.com\/es\/wp-json\/wp\/v2\/media?parent=43271"}],"wp:term":[{"taxonomy":"product_brand","embeddable":true,"href":"https:\/\/www.lowcostwebagency.com\/es\/wp-json\/wp\/v2\/product_brand?post=43271"},{"taxonomy":"product_cat","embeddable":true,"href":"https:\/\/www.lowcostwebagency.com\/es\/wp-json\/wp\/v2\/product_cat?post=43271"},{"taxonomy":"product_tag","embeddable":true,"href":"https:\/\/www.lowcostwebagency.com\/es\/wp-json\/wp\/v2\/product_tag?post=43271"}],"curies":[{"name":"wp","href":"https:\/\/api.w.org\/{rel}","templated":true}]}}