{"id":43274,"date":"2021-08-26T12:30:13","date_gmt":"2021-08-26T12:30:13","guid":{"rendered":"http:\/\/lowcostwebagency.com\/product\/blog-escritura-de-publicaciones\/"},"modified":"2022-05-12T10:53:42","modified_gmt":"2022-05-12T10:53:42","slug":"blog-escritura-de-publicaciones","status":"publish","type":"product","link":"https:\/\/www.lowcostwebagency.com\/es\/blog-escritura-de-publicaciones\/","title":{"rendered":"Blog \/ Escritura de publicaciones"},"content":{"rendered":"<h2 style=\"text-align: justify;\">Deje que Low Cost Web Agency mejore su estrategia de contenido &#8230; \u00a1Nuestros editores de contenido escriben publicaciones y art\u00edculos para su sitio web o sus cuentas sociales!<\/h2>\n<h3 style=\"text-align: justify;\">\u00a1Genere nuevas visitas en su blog, sitio web, perfil de LinkedIn o p\u00e1gina de Facebook dando a sus visitantes publicaciones y art\u00edculos que est\u00e1n buscando!<\/h3>\n<p style=\"text-align: justify;\">No siempre es un proceso f\u00e1cil encontrar el tiempo para<strong> actualice con frecuencia su blog, su sitio web o su tienda de comercio electr\u00f3nico<\/strong>. Sin embargo,<strong> estando activo<\/strong> en su sitio web es muy importante, por lo que puede requerir mucho tiempo y habilidades para producir contenido actualizado. En caso de que no cree contenido nuevo, su sitio web resultar\u00e1 mon\u00f3tono para sus visitantes, por lo que muy r\u00e1pidamente su sitio web recibir\u00e1 menos visitantes. Google percibe un sitio web est\u00e1tico sin art\u00edculos nuevos y \u00fanicos como no interesante para los usuarios de Internet. Por lo tanto, Google le da una gran importancia a la calidad y cantidad de art\u00edculos nuevos que publica en su sitio web y al mismo tiempo decide c\u00f3mo clasificar su sitio web. \u00a1Esto definitivamente afecta su clasificaci\u00f3n de Google!<\/p>\n<p style=\"text-align: justify;\">El contenido que escribimos para usted est\u00e1 escrito despu\u00e9s de una profunda investigaci\u00f3n de palabras clave para satisfacer su estrategia de SEO. \u00a1Tambi\u00e9n estructuramos su texto con todas las reglas y consejos de Google en mente!<\/p>\n<p style=\"text-align: justify;\">Tenemos una<strong> larga experiencia<\/strong> en Edici\u00f3n de Contenido y Correcci\u00f3n. Somos creativos e innovadores. Low Cost Web Agency se adapta a todas sus necesidades de contenido, desde cuestiones generales, tem\u00e1ticas hasta t\u00e9cnicas. Muchos de nuestros clientes vuelven a nosotros despu\u00e9s de su primer pedido de redacci\u00f3n de contenido para pedir m\u00e1s &#8230; \u00bfPor qu\u00e9? \u00a1Es simple, la agencia web de bajo costo ofrece lo mejor<strong> valor por su dinero<\/strong> !<\/p>\n<p style=\"text-align: justify;\">Comenzamos por comprender el tema y su p\u00fablico objetivo para ser coherentes con sus solicitudes. Sabemos c\u00f3mo estructurar una publicaci\u00f3n y c\u00f3mo elegir sus t\u00edtulos (H1 \/ H2 \/ H3) y la longitud de su p\u00e1rrafo. Debe comenzar con una introducci\u00f3n que llame la atenci\u00f3n de sus lectores. Las palabras clave se seleccionan y utilizan de acuerdo con las mejores pr\u00e1cticas de SEO y su propia estrategia de SEO. Al final, revisamos el estilo y la presentaci\u00f3n de la publicaci\u00f3n para garantizar una entrega de alta calidad a nuestros clientes.<\/p>\n<p style=\"text-align: justify;\">Si necesita reescribir su texto, elija el servicio de edici\u00f3n de contenido.<\/p>\n<p style=\"text-align: justify;\">Este producto es solo para contenido en ingl\u00e9s.<\/p>\n<p style=\"text-align: justify;\">\u00a1Comprar ahora!<\/p>\n","protected":false},"excerpt":{"rendered":"<p style=\"text-align: justify;\">Low Cost Web Agency es su socio para todas sus necesidades con respecto a su imagen web. Este concierto te ayuda a<strong> Mant\u00e9n y completa tu blog con excelentes art\u00edculos \u00fanicos.<\/strong><\/p>\n","protected":false},"featured_media":42477,"template":"","meta":{"_links_to":"","_links_to_target":""},"product_brand":[],"product_cat":[1467,1461],"product_tag":[1688,1603,1689,1435],"class_list":{"0":"post-43274","1":"product","2":"type-product","3":"status-publish","4":"has-post-thumbnail","6":"product_cat-blog-escritura-de-publicaciones","7":"product_cat-marketing-de-contenidos","8":"product_tag-articulos","9":"product_tag-correccion-de-pruebas","10":"product_tag-redaccion-de-contenido","11":"product_tag-tienda-e-commerce","13":"first","14":"instock","15":"shipping-taxable","16":"purchasable","17":"product-type-simple"},"composite_virtual":false,"composite_layout":"","composite_add_to_cart_form_location":"","composite_editable_in_cart":false,"composite_sold_individually_context":"","composite_shop_price_calc":"","composite_components":[],"composite_scenarios":[],"_links":{"self":[{"href":"https:\/\/www.lowcostwebagency.com\/es\/wp-json\/wp\/v2\/product\/43274","targetHints":{"allow":["GET"]}}],"collection":[{"href":"https:\/\/www.lowcostwebagency.com\/es\/wp-json\/wp\/v2\/product"}],"about":[{"href":"https:\/\/www.lowcostwebagency.com\/es\/wp-json\/wp\/v2\/types\/product"}],"wp:featuredmedia":[{"embeddable":true,"href":"https:\/\/www.lowcostwebagency.com\/es\/wp-json\/wp\/v2\/media\/42477"}],"wp:attachment":[{"href":"https:\/\/www.lowcostwebagency.com\/es\/wp-json\/wp\/v2\/media?parent=43274"}],"wp:term":[{"taxonomy":"product_brand","embeddable":true,"href":"https:\/\/www.lowcostwebagency.com\/es\/wp-json\/wp\/v2\/product_brand?post=43274"},{"taxonomy":"product_cat","embeddable":true,"href":"https:\/\/www.lowcostwebagency.com\/es\/wp-json\/wp\/v2\/product_cat?post=43274"},{"taxonomy":"product_tag","embeddable":true,"href":"https:\/\/www.lowcostwebagency.com\/es\/wp-json\/wp\/v2\/product_tag?post=43274"}],"curies":[{"name":"wp","href":"https:\/\/api.w.org\/{rel}","templated":true}]}}