{"id":43275,"date":"2021-08-26T12:31:19","date_gmt":"2021-08-26T12:31:19","guid":{"rendered":"http:\/\/lowcostwebagency.com\/product\/ssl\/"},"modified":"2022-05-12T10:55:03","modified_gmt":"2022-05-12T10:55:03","slug":"ssl","status":"publish","type":"product","link":"https:\/\/www.lowcostwebagency.com\/es\/ssl\/","title":{"rendered":"SSL"},"content":{"rendered":"<p><strong>\u00bfPor qu\u00e9 es muy recomendable y, en ocasiones, obligatorio adjuntar un certificado SSL a su dominio y sitio web?<\/strong> Si desea ejecutar un sitio web de comercio electr\u00f3nico o similar, SSL es obligatorio. Cuando no es absolutamente obligatorio, el \u00abRey\u00bb Google hace la regla. Han pasado tres a\u00f1os desde que Google anunci\u00f3 oficialmente que cambiar su sitio web de HTTP a HTTPS se considerar\u00e1 un factor de clasificaci\u00f3n. Firefox Mozilla tambi\u00e9n, en su \u00faltima actualizaci\u00f3n, muestra un error de advertencia cuando un sitio web no usa HTTPS. Sus visitantes y clientes dar\u00e1n la confianza necesaria cuando vean un candado en la URL.<br \/>\n<strong>Todo el mundo conf\u00eda en la URL con HTTPS (HTTP + SSL)<\/strong><br \/>\n<strong>Nos encargamos de la configuraci\u00f3n completa, montaje y renovaciones de su certificado SSL emitido por Let&#8217;s encrypt<\/strong> . Elija la opci\u00f3n. De lo contrario, puede intentar hacerlo usted mismo. Necesita la opci\u00f3n de acceso a cPanel.<\/p>\n","protected":false},"excerpt":{"rendered":"<p><strong>\u00bfPor qu\u00e9 es muy recomendable y, en ocasiones, obligatorio adjuntar un certificado SSL a su dominio y sitio web?<\/strong> Si desea ejecutar un sitio web de comercio electr\u00f3nico o similar, SSL es obligatorio. Cuando no es absolutamente obligatorio, el \u00abRey\u00bb Google hace la regla. Han pasado tres a\u00f1os desde que Google anunci\u00f3 oficialmente que cambiar su sitio web de HTTP a HTTPS se considerar\u00e1 como un factor de clasificaci\u00f3n y le dar\u00e1 a su sitio un peque\u00f1o aumento de clasificaci\u00f3n. Firefox Mozilla tambi\u00e9n, en su \u00faltima actualizaci\u00f3n (Versi\u00f3n 52.0.2), muestra un error de advertencia si las credenciales de inicio de sesi\u00f3n u otros detalles confidenciales se ingresan desde un sitio basado en HTTP que a\u00fan no ha migrado a HTTPS. Sus visitantes y clientes dar\u00e1n la confianza necesaria cuando vean este candado en la URL.<img decoding=\"async\" class=\"size-full wp-image-29431\" style=\"vertical-align: middle;\" src=\"https:\/\/www.lowcostwebagency.com\/wp-content\/uploads\/2016\/12\/ssl.png\" alt=\"\" width=\"58\" height=\"18\" \/><br \/>\n<strong>Todo el mundo conf\u00eda en la URL con HTTPS (HTTP + SSL)<\/strong><br \/>\n<strong>Nos encargamos de la configuraci\u00f3n completa, montaje y renovaciones de su certificado SSL emitido por Let&#8217;s encrypt<\/strong>. Elija la opci\u00f3n. De lo contrario, puede intentar hacerlo usted mismo. Necesita la opci\u00f3n de acceso a Cpanel. Siga esta gu\u00eda (solo para usuarios avanzados).<\/p>\n","protected":false},"featured_media":42476,"template":"","meta":{"_links_to":"","_links_to_target":""},"product_brand":[],"product_cat":[1489],"product_tag":[1694,1692,1693,1691],"class_list":{"0":"post-43275","1":"product","2":"type-product","3":"status-publish","4":"has-post-thumbnail","6":"product_cat-productos-compuestos","7":"product_tag-https-http-ssl-es","8":"product_tag-obligatorio","9":"product_tag-renovaciones","10":"product_tag-ssl-es","12":"first","13":"instock","14":"shipping-taxable","15":"purchasable","16":"product-type-variable"},"composite_virtual":false,"composite_layout":"","composite_add_to_cart_form_location":"","composite_editable_in_cart":false,"composite_sold_individually_context":"","composite_shop_price_calc":"","composite_components":[],"composite_scenarios":[],"_links":{"self":[{"href":"https:\/\/www.lowcostwebagency.com\/es\/wp-json\/wp\/v2\/product\/43275","targetHints":{"allow":["GET"]}}],"collection":[{"href":"https:\/\/www.lowcostwebagency.com\/es\/wp-json\/wp\/v2\/product"}],"about":[{"href":"https:\/\/www.lowcostwebagency.com\/es\/wp-json\/wp\/v2\/types\/product"}],"wp:featuredmedia":[{"embeddable":true,"href":"https:\/\/www.lowcostwebagency.com\/es\/wp-json\/wp\/v2\/media\/42476"}],"wp:attachment":[{"href":"https:\/\/www.lowcostwebagency.com\/es\/wp-json\/wp\/v2\/media?parent=43275"}],"wp:term":[{"taxonomy":"product_brand","embeddable":true,"href":"https:\/\/www.lowcostwebagency.com\/es\/wp-json\/wp\/v2\/product_brand?post=43275"},{"taxonomy":"product_cat","embeddable":true,"href":"https:\/\/www.lowcostwebagency.com\/es\/wp-json\/wp\/v2\/product_cat?post=43275"},{"taxonomy":"product_tag","embeddable":true,"href":"https:\/\/www.lowcostwebagency.com\/es\/wp-json\/wp\/v2\/product_tag?post=43275"}],"curies":[{"name":"wp","href":"https:\/\/api.w.org\/{rel}","templated":true}]}}