{"id":43278,"date":"2021-08-27T10:51:36","date_gmt":"2021-08-27T10:51:36","guid":{"rendered":"http:\/\/lowcostwebagency.com\/product\/retirar-creditos\/"},"modified":"2022-05-12T10:52:03","modified_gmt":"2022-05-12T10:52:03","slug":"retirar-creditos","status":"publish","type":"product","link":"https:\/\/www.lowcostwebagency.com\/es\/retirar-creditos\/","title":{"rendered":"Retirar cr\u00e9ditos"},"content":{"rendered":"<p>Un enlace a la Low Cost Web Agency Pvt. LTD aparecer\u00e1 en un tipo peque\u00f1o o por un gr\u00e1fico peque\u00f1o en la parte inferior de su sitio web. Usted acepta que el sitio web desarrollado para usted puede presentarse en la Low Cost Web Agency Pvt. Portafolio de LTD. Si se utiliza un gr\u00e1fico, se dise\u00f1ar\u00e1 para que encaje en el dise\u00f1o general del sitio. Si solicita que se elimine el cr\u00e9dito de dise\u00f1o, seleccione la opci\u00f3n a continuaci\u00f3n. Se aplicar\u00e1 una tarifa nominal&#8230;<\/p>\n","protected":false},"excerpt":{"rendered":"<p>Un enlace a la Low Cost Web Agency Pvt. LTD aparecer\u00e1 en un tipo peque\u00f1o o por un gr\u00e1fico peque\u00f1o en la parte inferior de su sitio web. Usted acepta que el sitio web desarrollado para usted puede presentarse en la Low Cost Web Agency Pvt. Portafolio de LTD. Si se utiliza un gr\u00e1fico, se dise\u00f1ar\u00e1 para que encaje en el dise\u00f1o general del sitio. Si solicita que se elimine el cr\u00e9dito de dise\u00f1o, seleccione la opci\u00f3n a continuaci\u00f3n. Se aplicar\u00e1 una tarifa nominal.<\/p>\n","protected":false},"featured_media":42646,"template":"","meta":{"_links_to":"","_links_to_target":""},"product_brand":[],"product_cat":[1489],"product_tag":[],"class_list":{"0":"post-43278","1":"product","2":"type-product","3":"status-publish","4":"has-post-thumbnail","6":"product_cat-productos-compuestos","8":"first","9":"instock","10":"shipping-taxable","11":"purchasable","12":"product-type-variable"},"composite_virtual":false,"composite_layout":"","composite_add_to_cart_form_location":"","composite_editable_in_cart":false,"composite_sold_individually_context":"","composite_shop_price_calc":"","composite_components":[],"composite_scenarios":[],"_links":{"self":[{"href":"https:\/\/www.lowcostwebagency.com\/es\/wp-json\/wp\/v2\/product\/43278","targetHints":{"allow":["GET"]}}],"collection":[{"href":"https:\/\/www.lowcostwebagency.com\/es\/wp-json\/wp\/v2\/product"}],"about":[{"href":"https:\/\/www.lowcostwebagency.com\/es\/wp-json\/wp\/v2\/types\/product"}],"wp:featuredmedia":[{"embeddable":true,"href":"https:\/\/www.lowcostwebagency.com\/es\/wp-json\/wp\/v2\/media\/42646"}],"wp:attachment":[{"href":"https:\/\/www.lowcostwebagency.com\/es\/wp-json\/wp\/v2\/media?parent=43278"}],"wp:term":[{"taxonomy":"product_brand","embeddable":true,"href":"https:\/\/www.lowcostwebagency.com\/es\/wp-json\/wp\/v2\/product_brand?post=43278"},{"taxonomy":"product_cat","embeddable":true,"href":"https:\/\/www.lowcostwebagency.com\/es\/wp-json\/wp\/v2\/product_cat?post=43278"},{"taxonomy":"product_tag","embeddable":true,"href":"https:\/\/www.lowcostwebagency.com\/es\/wp-json\/wp\/v2\/product_tag?post=43278"}],"curies":[{"name":"wp","href":"https:\/\/api.w.org\/{rel}","templated":true}]}}