{"id":43279,"date":"2021-08-27T10:56:26","date_gmt":"2021-08-27T10:56:26","guid":{"rendered":"http:\/\/lowcostwebagency.com\/product\/analisis-de-la-competencia\/"},"modified":"2022-05-12T10:51:15","modified_gmt":"2022-05-12T10:51:15","slug":"analisis-de-la-competencia","status":"publish","type":"product","link":"https:\/\/www.lowcostwebagency.com\/es\/analisis-de-la-competencia\/","title":{"rendered":"An\u00e1lisis de la competencia"},"content":{"rendered":"<p>Un an\u00e1lisis de la competencia es obligatorio antes de lanzar cualquier negocio o nuevo producto. Esto le ayuda a tener una fuerte comprensi\u00f3n del mercado que ya est\u00e1s. Una buena comprensi\u00f3n sobre sus competidores y sus estrategias aseguran su proyecto al identificar sus fortalezas y debilidades, antes de realizar cualquier inversi\u00f3n empresarial. Vamos a actuar y auditaremos su mercado, modelo de negocio y crear\u00e1 un mapa de posicionamiento.<\/p>\n<p>&nbsp;<\/p>\n","protected":false},"excerpt":{"rendered":"<p style=\"text-align: justify;\">Una buena comprensi\u00f3n de sus estrategias de competidores asegura su proyecto, identificando sus fortalezas y debilidades, antes de realizar cualquier inversi\u00f3n empresarial.<\/p>\n","protected":false},"featured_media":42478,"template":"","meta":{"_links_to":"","_links_to_target":""},"product_brand":[],"product_cat":[1463],"product_tag":[1697,1698,1699],"class_list":{"0":"post-43279","1":"product","2":"type-product","3":"status-publish","4":"has-post-thumbnail","6":"product_cat-auditoria-y-analisis","7":"product_tag-analisis-de-la-competencia","8":"product_tag-estrategias","9":"product_tag-mapa-de-posicionamiento","11":"first","12":"instock","13":"shipping-taxable","14":"purchasable","15":"product-type-simple"},"composite_virtual":false,"composite_layout":"","composite_add_to_cart_form_location":"","composite_editable_in_cart":false,"composite_sold_individually_context":"","composite_shop_price_calc":"","composite_components":[],"composite_scenarios":[],"_links":{"self":[{"href":"https:\/\/www.lowcostwebagency.com\/es\/wp-json\/wp\/v2\/product\/43279","targetHints":{"allow":["GET"]}}],"collection":[{"href":"https:\/\/www.lowcostwebagency.com\/es\/wp-json\/wp\/v2\/product"}],"about":[{"href":"https:\/\/www.lowcostwebagency.com\/es\/wp-json\/wp\/v2\/types\/product"}],"wp:featuredmedia":[{"embeddable":true,"href":"https:\/\/www.lowcostwebagency.com\/es\/wp-json\/wp\/v2\/media\/42478"}],"wp:attachment":[{"href":"https:\/\/www.lowcostwebagency.com\/es\/wp-json\/wp\/v2\/media?parent=43279"}],"wp:term":[{"taxonomy":"product_brand","embeddable":true,"href":"https:\/\/www.lowcostwebagency.com\/es\/wp-json\/wp\/v2\/product_brand?post=43279"},{"taxonomy":"product_cat","embeddable":true,"href":"https:\/\/www.lowcostwebagency.com\/es\/wp-json\/wp\/v2\/product_cat?post=43279"},{"taxonomy":"product_tag","embeddable":true,"href":"https:\/\/www.lowcostwebagency.com\/es\/wp-json\/wp\/v2\/product_tag?post=43279"}],"curies":[{"name":"wp","href":"https:\/\/api.w.org\/{rel}","templated":true}]}}