{"id":43280,"date":"2021-08-27T11:09:11","date_gmt":"2021-08-27T11:09:11","guid":{"rendered":"http:\/\/lowcostwebagency.com\/product\/newsletter-pago-mensual\/"},"modified":"2022-05-12T10:50:23","modified_gmt":"2022-05-12T10:50:23","slug":"newsletter-pago-mensual","status":"publish","type":"product","link":"https:\/\/www.lowcostwebagency.com\/es\/newsletter-pago-mensual\/","title":{"rendered":"Newsletter Pago Mensual"},"content":{"rendered":"<h2 style=\"text-align: justify;\">Low Cost Web Agency le proporciona una oferta de alta calidad para administrar su campa\u00f1a de boletines<\/h2>\n<h3 style=\"text-align: justify;\">\u00a1Obtenga la eficiencia necesaria para la administraci\u00f3n de su bolet\u00edn usando la Low Cost Web Agency. \u00a1Herramienta dedicada y avanzada!<\/h3>\n<p style=\"text-align: justify;\">Los boletines son esenciales en un mundo de negocios competitivo. Los boletines son \u00fatiles para compartir sus ofertas promocionales, para difundir las noticias corporativas o incluso para invitar a los clientes a un evento. El objetivo es atraer nuevos clientes o para dar un mensaje global a todos sus clientes reales.<\/p>\n<p style=\"text-align: justify;\">\u00a1Si ya desea crear su bolet\u00edn informativo, es probable que ya se haya dado cuenta de que la administraci\u00f3n del bolet\u00edn no es un proceso f\u00e1cil! Debe administrar su dise\u00f1o, la lista de contactos y, por supuesto, su optimizaci\u00f3n completa. De hecho, \u00a1el objetivo principal de un bolet\u00edn debe ser abierto y leer por personas!<\/p>\n<p style=\"text-align: justify;\">Low Cost Web Agency le proporciona una <strong>herramienta<\/strong> aspecificativa para administrar su campa\u00f1a. Puede optar por la oferta de pago mensual o por el <a href=\"https:\/\/www.lowcostwebagency.com\/es\/boletin-de-pago-por-campana\/\" target=\"_blank\" rel=\"noopener noreferrer\">pago por campa\u00f1a.<\/a> La herramienta le permite compartir su mensaje de manera <strong>profesional,<\/strong> respetando todas las reglas y regulaciones empresariales aplicables. Eres m\u00e1s eficiente y profesional en un lugar competitivo donde se debe controlar la comunicaci\u00f3n de cada cliente.<\/p>\n<p style=\"text-align: justify;\">Low Cost Web Agency lo ayuda durante estas tareas y le aconseja en cualquier momento necesario. No estar\u00e1s solo en este proceso &#8230; \u00a1Un gerente de boletines profesionales te guiar\u00e1!<\/p>\n<p style=\"text-align: justify;\">REMARQUE: Esta herramienta le brinda acceso a la herramienta de administraci\u00f3n, que es un servicio diferente al <a href=\"https:\/\/www.lowcostwebagency.com\/es\/newsletter-diseno\/\" target=\"_blank\" rel=\"noopener noreferrer\">dise\u00f1o del bolet\u00edn<\/a>.<\/p>\n<p style=\"text-align: justify;\">Low Cost Web Agency &#8230; \u00a1todo lo que necesita!<\/p>\n<div class=\"fusion-fullwidth fullwidth-box fusion-builder-row-1 fusion-flex-container hundred-percent-fullwidth non-hundred-percent-height-scrolling\" style=\"--awb-border-radius-top-left:0px;--awb-border-radius-top-right:0px;--awb-border-radius-bottom-right:0px;--awb-border-radius-bottom-left:0px;--awb-overflow:visible;--awb-flex-wrap:wrap;\" ><div class=\"fusion-builder-row fusion-row fusion-flex-align-items-flex-start fusion-flex-content-wrap\" style=\"width:calc( 100% + 0px ) !important;max-width:calc( 100% + 0px ) !important;margin-left: calc(-0px \/ 2 );margin-right: calc(-0px \/ 2 );\"><div class=\"fusion-layout-column fusion_builder_column fusion-builder-column-0 fusion_builder_column_1_1 1_1 fusion-flex-column fusion-flex-align-self-flex-start fusion-column-no-min-height\" style=\"--awb-bg-size:cover;--awb-width-large:100%;--awb-margin-top-large:0px;--awb-spacing-right-large:0px;--awb-margin-bottom-large:0px;--awb-spacing-left-large:0px;--awb-width-medium:100%;--awb-spacing-right-medium:0px;--awb-spacing-left-medium:0px;--awb-width-small:100%;--awb-spacing-right-small:0px;--awb-spacing-left-small:0px;\"><div class=\"fusion-column-wrapper fusion-flex-justify-content-flex-start fusion-content-layout-column\">\n<table id=\"tablepress-30\" class=\"tablepress tablepress-id-30\">\n<thead>\n<tr class=\"row-1\">\n\t<th class=\"column-1\">CARACTER\u00cdSTICAS<\/th><th class=\"column-2\">B\u00c1SICA<\/th><th class=\"column-3\">ILIMITADA<\/th><th class=\"column-4\">PRIMA<\/th>\n<\/tr>\n<\/thead>\n<tbody class=\"row-striping row-hover\">\n<tr class=\"row-2\">\n\t<td class=\"column-1\">Precio<\/td><td class=\"column-2\">Basado en el rango de n\u00fameros de los contactos.<\/td><td class=\"column-3\">Basado en el rango de n\u00fameros de los contactos.<\/td><td class=\"column-4\">Basado en el rango de n\u00fameros de los contactos.<\/td>\n<\/tr>\n<tr class=\"row-3\">\n\t<td class=\"column-1\">Capacidad<\/td><td class=\"column-2\">Enviar correos electr\u00f3nicos limitados a x personas<\/td><td class=\"column-3\">Enviar correos electr\u00f3nicos ilimitados a x personas<\/td><td class=\"column-4\">Enviar correos electr\u00f3nicos ilimitados a x personas<\/td>\n<\/tr>\n<tr class=\"row-4\">\n\t<td class=\"column-1\">Gerente de \u00e9xito personalizado<\/td><td class=\"column-2\">-<\/td><td class=\"column-3\">-<\/td><td class=\"column-4\">s\u00ed<\/td>\n<\/tr>\n<tr class=\"row-5\">\n\t<td class=\"column-1\">Consultor de dise\u00f1o de correo electr\u00f3nico<\/td><td class=\"column-2\">-<\/td><td class=\"column-3\">-<\/td><td class=\"column-4\">s\u00ed<\/td>\n<\/tr>\n<tr class=\"row-6\">\n\t<td class=\"column-1\">Soporte de correo electr\u00f3nico<\/td><td class=\"column-2\">Soporte b\u00e1sico de correo electr\u00f3nico<\/td><td class=\"column-3\">Soporte de correo electr\u00f3nico prioritario<\/td><td class=\"column-4\">Skype prioritario y soporte de correo electr\u00f3nico.<\/td>\n<\/tr>\n<tr class=\"row-7\">\n\t<td class=\"column-1\">Caracter\u00edsticas<\/td><td class=\"column-2\">Todas las caracter\u00edsticas principales de marketing por correo electr\u00f3nico<\/td><td class=\"column-3\">Todas las caracter\u00edsticas principales de marketing por correo electr\u00f3nico<\/td><td class=\"column-4\">Todas las caracter\u00edsticas principales de marketing por correo electr\u00f3nico<\/td>\n<\/tr>\n<tr class=\"row-8\">\n\t<td class=\"column-1\">Vista previa de la bandeja de entrada<\/td><td class=\"column-2\">-<\/td><td class=\"column-3\">Ilimitada<\/td><td class=\"column-4\">Ilimitada<\/td>\n<\/tr>\n<tr class=\"row-9\">\n\t<td class=\"column-1\">Seguimiento de enlaces<\/td><td class=\"column-2\">-<\/td><td class=\"column-3\">-<\/td><td class=\"column-4\">Avanzada<\/td>\n<\/tr>\n<tr class=\"row-10\">\n\t<td class=\"column-1\">Automatizaci\u00f3n de marketing<\/td><td class=\"column-2\">-<\/td><td class=\"column-3\">Avanzada<\/td><td class=\"column-4\">Avanzada<\/td>\n<\/tr>\n<tr class=\"row-11\">\n\t<td class=\"column-1\">Acceso al m\u00f3dulo<\/td><td class=\"column-2\">Automatizaci\u00f3n b\u00e1sica de marketing.<\/td><td class=\"column-3\">Acceso a expertos de entregabilidad.<\/td><td class=\"column-4\">Acceso a expertos de entregabilidad.<\/td>\n<\/tr>\n<tr class=\"row-12\">\n\t<td class=\"column-1\">Pruebas de spam<\/td><td class=\"column-2\">-<\/td><td class=\"column-3\">Ilimitada<\/td><td class=\"column-4\">Ilimitada<\/td>\n<\/tr>\n<tr class=\"row-13\">\n\t<td class=\"column-1\">Gesti\u00f3n de plantillas para equipos.<\/td><td class=\"column-2\">-<\/td><td class=\"column-3\">-<\/td><td class=\"column-4\">s\u00ed<\/td>\n<\/tr>\n<tr class=\"row-14\">\n\t<td class=\"column-1\">Consultor de dise\u00f1o de correo electr\u00f3nico<\/td><td class=\"column-2\">-<\/td><td class=\"column-3\">-<\/td><td class=\"column-4\">s\u00ed<\/td>\n<\/tr>\n<tr class=\"row-15\">\n\t<td class=\"column-1\">Capacitaci\u00f3n en l\u00ednea y ondas<\/td><td class=\"column-2\">-<\/td><td class=\"column-3\">-<\/td><td class=\"column-4\">s\u00ed<\/td>\n<\/tr>\n<\/tbody>\n<\/table>\n<!-- #tablepress-30 from cache --><\/div><\/div><\/div><\/div>\n","protected":false},"excerpt":{"rendered":"<p style=\"text-align: justify;\">Una herramienta para administrar su campa\u00f1a de boletines, \u00a1que est\u00e1 disponible en nuestra tienda \u00fanica!<\/p>\n<p style=\"text-align: justify;\">Low Cost Web Agency permite encontrar una oferta mientras tenga en cuenta su presupuesto. No espere m\u00e1s tiempo y obtenga una herramienta <strong>profesional<\/strong> y asistencia para administrar sus <strong>campa\u00f1as de boletines<\/strong>.<\/p>\n","protected":false},"featured_media":42526,"template":"","meta":{"_links_to":"","_links_to_target":""},"product_brand":[],"product_cat":[1462,1444],"product_tag":[1390,1711,1391,1710],"class_list":{"0":"post-43280","1":"product","2":"type-product","3":"status-publish","4":"has-post-thumbnail","6":"product_cat-email-marketing-es","7":"product_cat-web-marketing-es","8":"product_tag-diseno-newsletter","9":"product_tag-herramienta-avanzada","10":"product_tag-newsletter-pago-mensual","11":"product_tag-por-pago-por-campana","13":"first","14":"instock","15":"shipping-taxable","16":"purchasable","17":"product-type-variable"},"composite_virtual":false,"composite_layout":"","composite_add_to_cart_form_location":"","composite_editable_in_cart":false,"composite_sold_individually_context":"","composite_shop_price_calc":"","composite_components":[],"composite_scenarios":[],"_links":{"self":[{"href":"https:\/\/www.lowcostwebagency.com\/es\/wp-json\/wp\/v2\/product\/43280","targetHints":{"allow":["GET"]}}],"collection":[{"href":"https:\/\/www.lowcostwebagency.com\/es\/wp-json\/wp\/v2\/product"}],"about":[{"href":"https:\/\/www.lowcostwebagency.com\/es\/wp-json\/wp\/v2\/types\/product"}],"wp:featuredmedia":[{"embeddable":true,"href":"https:\/\/www.lowcostwebagency.com\/es\/wp-json\/wp\/v2\/media\/42526"}],"wp:attachment":[{"href":"https:\/\/www.lowcostwebagency.com\/es\/wp-json\/wp\/v2\/media?parent=43280"}],"wp:term":[{"taxonomy":"product_brand","embeddable":true,"href":"https:\/\/www.lowcostwebagency.com\/es\/wp-json\/wp\/v2\/product_brand?post=43280"},{"taxonomy":"product_cat","embeddable":true,"href":"https:\/\/www.lowcostwebagency.com\/es\/wp-json\/wp\/v2\/product_cat?post=43280"},{"taxonomy":"product_tag","embeddable":true,"href":"https:\/\/www.lowcostwebagency.com\/es\/wp-json\/wp\/v2\/product_tag?post=43280"}],"curies":[{"name":"wp","href":"https:\/\/api.w.org\/{rel}","templated":true}]}}