{"id":43282,"date":"2021-08-27T11:28:29","date_gmt":"2021-08-27T11:28:29","guid":{"rendered":"http:\/\/lowcostwebagency.com\/product\/cubierta-de-youtube\/"},"modified":"2022-05-12T10:49:37","modified_gmt":"2022-05-12T10:49:37","slug":"cubierta-de-youtube","status":"publish","type":"product","link":"https:\/\/www.lowcostwebagency.com\/es\/cubierta-de-youtube\/","title":{"rendered":"Cubierta de Youtube"},"content":{"rendered":"<h2>Tu cubierta de YouTube hecha por un dise\u00f1ador talentoso para algunos d\u00f3lares.<\/h2>\n<h3>Cree valor para su canal de YouTube personalizando su foto de portada<\/h3>\n<p style=\"text-align: justify;\">YouTube es una herramienta maravillosa para compartir videos y aumentar la conciencia de su negocio. Una estrategia de marketing web exitosa debe incluir un canal de Marca YouTube. Como se sabe, YouTube fue comprado por Google, por lo que Google le da una gran importancia a la calidad de su presencia de YouTube en sus resultados de motor de b\u00fasqueda natural, clasifique su marca y sitio web. \u00a1La clasificaci\u00f3n social es fundamental! Como propietario de la cuenta de YouTube, puede desarrollar su propio canal que puede ser seguido por millones de personas. Podr\u00e1 alojarlo en su canal de YouTube todos sus videos. Puede compartir sus diferentes videos a todos o a una red calificada. Mejore la visibilidad con su cubierta de YouTube profesional para su canal de YouTube. Comparta su video en otras redes sociales como Facebook, LinkedIn con un solo clic.<\/p>\n<p style=\"text-align: justify;\">Su cobertura de YouTube es la primera imagen que aparece para las personas al buscar su marca, sus productos o su empresa. Su dise\u00f1o es una oportunidad para probar su profesionalismo y atraer contactos futuros para hacer crecer su audiencia.<\/p>\n<h3>Low Cost Web Agency proporciona valor a su imagen gracias a una cubierta exclusiva y \u00fanica de YouTube<\/h3>\n<p style=\"text-align: justify;\">Le proporcionaremos toda nuestra experiencia para crear su portada personalizada. Puede decidir si desea los archivos de origen de su cubierta de YouTube o si solo necesita la versi\u00f3n web. Puede solicitarnos que cargemos su nueva cubierta directamente en el canal de YouTube. Hay muchas opciones disponibles para satisfacer sus necesidades y permitirle obtener el precio que le brinda satisfacci\u00f3n.<\/p>\n<blockquote><p><em>\u00ab\u00a1Solo pagas por lo que necesitas!\u00bb<\/em><\/p><\/blockquote>\n<p style=\"text-align: justify;\">Es el lema de Low Cost Web Agency. Queremos que todos obtengan una imagen profesional en la web sin gastar mucho dinero.<\/p>\n<h3 style=\"text-align: justify;\">\u00bfC\u00f3mo funciona?<\/h3>\n<p style=\"text-align: justify;\">Usted opta por una plantilla de cubierta Pr\u00e9mium YouTube y nuestro dise\u00f1ador lo adaptar\u00e1 a sus especificaciones. El uso de una plantilla da un marco para nuestra producci\u00f3n y nos permite reducir su precio final. Sin embargo, si prefiere obtener una foto de portada sin usar una plantilla, puede solicitarnos una cotizaci\u00f3n en nuestro producto <a href=\"https:\/\/www.lowcostwebagency.com\/es\/banner-personalizado\/\">Banner personalizado.<\/a><\/p>\n<p style=\"text-align: justify;\">\u00a1Qu\u00e9 m\u00e1s, compre ahora una cubierta de YouTube hecha por la Low Cost Web Agency!<\/p>\n<p style=\"text-align: justify;\"><div class=\"fusion-fullwidth fullwidth-box fusion-builder-row-1 fusion-flex-container hundred-percent-fullwidth non-hundred-percent-height-scrolling\" style=\"--awb-border-radius-top-left:0px;--awb-border-radius-top-right:0px;--awb-border-radius-bottom-right:0px;--awb-border-radius-bottom-left:0px;--awb-overflow:visible;--awb-flex-wrap:wrap;\" ><div class=\"fusion-builder-row fusion-row fusion-flex-align-items-flex-start fusion-flex-content-wrap\" style=\"width:calc( 100% + 0px ) !important;max-width:calc( 100% + 0px ) !important;margin-left: calc(-0px \/ 2 );margin-right: calc(-0px \/ 2 );\"><div class=\"fusion-layout-column fusion_builder_column fusion-builder-column-0 fusion_builder_column_1_1 1_1 fusion-flex-column fusion-flex-align-self-flex-start fusion-column-no-min-height\" style=\"--awb-bg-size:cover;--awb-width-large:100%;--awb-margin-top-large:0px;--awb-spacing-right-large:0px;--awb-margin-bottom-large:0px;--awb-spacing-left-large:0px;--awb-width-medium:100%;--awb-spacing-right-medium:0px;--awb-spacing-left-medium:0px;--awb-width-small:100%;--awb-spacing-right-small:0px;--awb-spacing-left-small:0px;\"><div class=\"fusion-column-wrapper fusion-flex-justify-content-flex-start fusion-content-layout-column\">\n<table id=\"tablepress-31\" class=\"tablepress tablepress-id-31\">\n<thead>\n<tr class=\"row-1\">\n\t<th class=\"column-1\">Tipo de banner<\/th><th class=\"column-2\">Tama\u00f1o (PX)<\/th><th class=\"column-3\">INSTRUCCIONES<\/th>\n<\/tr>\n<\/thead>\n<tbody class=\"row-striping row-hover\">\n<tr class=\"row-2\">\n\t<td class=\"column-1\"><a href=\"\/es\/producto\/portada-de-facebook\/\" target=\"_blank\" rel=\"noopener\"> photo Facebook de Couverture <\/a><\/td><td class=\"column-2\">828 * 315<\/td><td class=\"column-3\">Para obtener los mejores resultados, descargue un archivo RGB JPG menos de 100 KB<\/td>\n<\/tr>\n<tr class=\"row-3\">\n\t<td class=\"column-1\"><a href=\"\/es\/producto\/portada-de-linkedin\/\" target=\"_blank\" rel=\"noopener\"> bandeau linkedin <\/a><\/td><td class=\"column-2\">Entre 1400 * 425 y 4000 * 4000.<\/td><td class=\"column-3\">Tama\u00f1o m\u00e1ximo: 4MB<\/td>\n<\/tr>\n<tr class=\"row-4\">\n\t<td class=\"column-1\"><a href=\"\/product\/twitter-cover\/\" target=\"_blank\" rel=\"noopener\"> bandeau twitter <\/a><\/td><td class=\"column-2\">1500 * 500<\/td><td class=\"column-3\">Tama\u00f1o m\u00e1ximo: 10 MB<\/td>\n<\/tr>\n<tr class=\"row-5\">\n\t<td class=\"column-1\"><a href=\"\/es\/producto\/google-portada\/\" target=\"_blank\" rel=\"noopener\"> bandeau google + <\/a><\/td><td class=\"column-2\">1080 * 608<\/td><td class=\"column-3\">M\u00ednimo (PX): 480 * 270<br \/>\nM\u00e1ximo (PX): 2120 * 1192<\/td>\n<\/tr>\n<tr class=\"row-6\">\n\t<td class=\"column-1\"><a href=\"\/es\/producto\/cubierta-de-youtube\/\" target=\"_blank\" rel=\"noopener\"> bandeau youtube <\/a><\/td><td class=\"column-2\">2560 * 1440<\/td><td class=\"column-3\">-<\/td>\n<\/tr>\n<tr class=\"row-7\">\n\t<td class=\"column-1\"><a href=\"\/product\/advertisement-banner\/\" target=\"_blank\" rel=\"noopener\"> banner de publicidad <\/a><\/td><td class=\"column-2\">Rect\u00e1ngulo promedio: 300 * 250<br \/>\nClasificaci\u00f3n: 728 * 90<br \/>\nRascacielos ancho: 160 * 600<br \/>\nBanner: 468 * 60<br \/>\nRascacielos: 120 * 600<br \/>\nRect\u00e1ngulo: 300 * 100<br \/>\nMicro Bar: 88 * 31<br \/>\nMedia P\u00c1GINA: 300 * 600<br \/>\nRect\u00e1ngulo grande: 336 * 280<br \/>\nClasificaci\u00f3n m\u00f3vil: 320 * 50<\/td><td class=\"column-3\">Choisissez une de ces dimensions<\/td>\n<\/tr>\n<tr class=\"row-8\">\n\t<td class=\"column-1\"><a href=\"\/es\/producto\/website-header\/\" target=\"_blank\" rel=\"noopener\"> en-t\u00eate du sitio <\/a><\/td><td class=\"column-2\">1024 * 300<\/td><td class=\"column-3\"><\/td>\n<\/tr>\n<tr class=\"row-9\">\n\t<td class=\"column-1\"><a href=\"\/es\/producto\/banner-personalizado\/\" target=\"_blank\" rel=\"noopener\"> banner personalizado <\/a><\/td><td class=\"column-2\">Si no encuentra la dimensi\u00f3n requerida, preg\u00fantenos una oferta de banner personalizada.<\/td><td class=\"column-3\">-<\/td>\n<\/tr>\n<\/tbody>\n<\/table>\n<!-- #tablepress-31 from cache -->\n<\/div><\/div><\/div><\/div><\/p>\n","protected":false},"excerpt":{"rendered":"<p style=\"text-align: justify;\">P\u00eddale a un dise\u00f1ador profesional de Low Cost Web Agency que cree su cubierta de YouTube para su canal. Eso le permitir\u00e1 marcar su diferencia con los dem\u00e1s y clasificar por encima de sus competidores con su nueva cubierta de YouTube profesional.<\/p>\n","protected":false},"featured_media":42627,"template":"","meta":{"_links_to":"","_links_to_target":""},"product_brand":[],"product_cat":[1452,1379,1454],"product_tag":[1539,1717,1715,1716,1718],"class_list":{"0":"post-43282","1":"product","2":"type-product","3":"status-publish","4":"has-post-thumbnail","6":"product_cat-diseno","7":"product_cat-diseno-web","8":"product_cat-pancartas","9":"product_tag-banner-personalizado","10":"product_tag-canal-de-youtube","11":"product_tag-exclusiva","12":"product_tag-ranking-sociales","13":"product_tag-version-web","15":"first","16":"instock","17":"shipping-taxable","18":"purchasable","19":"product-type-simple"},"composite_virtual":false,"composite_layout":"","composite_add_to_cart_form_location":"","composite_editable_in_cart":false,"composite_sold_individually_context":"","composite_shop_price_calc":"","composite_components":[],"composite_scenarios":[],"_links":{"self":[{"href":"https:\/\/www.lowcostwebagency.com\/es\/wp-json\/wp\/v2\/product\/43282","targetHints":{"allow":["GET"]}}],"collection":[{"href":"https:\/\/www.lowcostwebagency.com\/es\/wp-json\/wp\/v2\/product"}],"about":[{"href":"https:\/\/www.lowcostwebagency.com\/es\/wp-json\/wp\/v2\/types\/product"}],"wp:featuredmedia":[{"embeddable":true,"href":"https:\/\/www.lowcostwebagency.com\/es\/wp-json\/wp\/v2\/media\/42627"}],"wp:attachment":[{"href":"https:\/\/www.lowcostwebagency.com\/es\/wp-json\/wp\/v2\/media?parent=43282"}],"wp:term":[{"taxonomy":"product_brand","embeddable":true,"href":"https:\/\/www.lowcostwebagency.com\/es\/wp-json\/wp\/v2\/product_brand?post=43282"},{"taxonomy":"product_cat","embeddable":true,"href":"https:\/\/www.lowcostwebagency.com\/es\/wp-json\/wp\/v2\/product_cat?post=43282"},{"taxonomy":"product_tag","embeddable":true,"href":"https:\/\/www.lowcostwebagency.com\/es\/wp-json\/wp\/v2\/product_tag?post=43282"}],"curies":[{"name":"wp","href":"https:\/\/api.w.org\/{rel}","templated":true}]}}