{"id":43290,"date":"2021-08-27T12:10:42","date_gmt":"2021-08-27T12:10:42","guid":{"rendered":"http:\/\/lowcostwebagency.com\/product\/tarjetas-de-visita\/"},"modified":"2022-05-12T10:46:21","modified_gmt":"2022-05-12T10:46:21","slug":"tarjetas-de-visita","status":"publish","type":"product","link":"https:\/\/www.lowcostwebagency.com\/es\/tarjetas-de-visita\/","title":{"rendered":"Tarjetas de Visita"},"content":{"rendered":"<h2 style=\"text-align: justify;\">\u00a1Sus tarjetas de visita realizadas por Low Cost Web Agency es la mejor opci\u00f3n que debe hacer hoy!<\/h2>\n<h3 style=\"text-align: justify;\">Low Cost Web Agency crea un archivo listo para impresi\u00f3n para sus nuevas tarjetas de visita a un precio muy bajo &#8230;<\/h3>\n<p style=\"text-align: justify;\">Nuestro dise\u00f1ador bien calificado crea un <strong>dise\u00f1o llamativo para generar<\/strong> el valor agregado esperado de esta herramienta de negocios indispensable. Las tarjetas de visita introducen su empresa y proporcionan una imagen corporativa a sus nuevos contactos, al tiempo que proporciona toda la informaci\u00f3n necesaria para ser contactada f\u00e1cilmente. Cuando cumpla con un contacto de negocios, lo primero que har\u00e1 es cambiar sus tarjetas de visita &#8230; \u00a1La calidad de su tarjeta es altamente importante en ese momento para mostrarle a su socio de negocios su nivel de fiabilidad!<\/p>\n<p style=\"text-align: justify;\">Los clientes potenciales obtienen la primera impresi\u00f3n por su tarjeta de visita &#8230; \u00a1Una tarjeta de visita cualitativa har\u00e1 una impresi\u00f3n distinta, positiva y duradera de usted y su empresa!<\/p>\n<h3 style=\"text-align: justify;\">Mant\u00e9ngase en contacto con las personas y, desarrolle su red con una tarjeta de presentaci\u00f3n de bajo costo.<\/h3>\n<p style=\"text-align: justify;\">Con este concierto, Low Cost Web Agency dise\u00f1a sus tarjetas de visita y lo entrega como un archivo PDF listo para imprimir. Nos aseguramos de que obtenga la mejor calidad de impresi\u00f3n gracias a este archivo. Solo necesita transferir el archivo de impresi\u00f3n listo a su impresora preferida. Si no tiene una impresora adecuada, le recomendamos que Vistaprint sea proveedor. \u00a1Vistaprint est\u00e1 disponible en la mayor\u00eda de los pa\u00edses y entregan r\u00e1pidamente su tarjeta de visita impresa directamente a su direcci\u00f3n!<\/p>\n<p style=\"text-align: justify;\">Una tarjeta de visita tradicional es un rect\u00e1ngulo de 3.5 \u00abx 2\u00bb, pero si desea solicitarnos una cotizaci\u00f3n para obtener otro formato espec\u00edfico, consulte nuestra <a href=\"https:\/\/www.lowcostwebagency.com\/es\/impresion-personalizada\/\">impresi\u00f3n personalizada<\/a> de GIG. De lo contrario, solo necesita informarnos c\u00f3mo prefiere su tarjeta de presentaci\u00f3n y hagamos todo el trabajo <strong>creativo para<\/strong> usted. La salida de este GIG es su archivo de impresi\u00f3n listo <strong>para imprimir.<\/strong> Puede decidir obtener su tarjeta en retrato o paisaje.<\/p>\n<p style=\"text-align: justify;\">Puede optar tambi\u00e9n a recibir los archivos de origen de sus nuevas tarjetas de presentaci\u00f3n. De esta manera, si desea cambiar en el futuro alguno de los datos presentes en sus tarjetas de visita, por ejemplo, Tel\u00e9fono o direcci\u00f3n, podr\u00e1 hacerlo sin costo utilizando Photoshop.<\/p>\n<h3 style=\"text-align: justify;\">TUS TARJETAS PROFESIONALES DE NEGOCIO DE DOBLE SIDO CON Low Cost Web Agency<\/h3>\n<p style=\"text-align: justify;\">Su tarjeta de presentaci\u00f3n se puede hacer como desee, doble cara (que se usa en su mayor\u00eda y se prefiere) o simplemente unilateral. Tenga en cuenta que el precio para una doble cara o una tarjeta de visita de una sola cara es la misma. No se proporciona descuento para tarjetas de visita individuales.<\/p>\n<p style=\"text-align: justify;\">Si necesita su tarjeta de presentaci\u00f3n para su empresa, debe mostrar logo de su empresa &#8230;<\/p>\n<p style=\"text-align: justify;\">Si a\u00fan no tiene su logotipo corporativo, consulte nuestros servicios de <a href=\"https:\/\/www.lowcostwebagency.com\/es\/diseno-de-logo-2\/\" target=\"_blank\" rel=\"noopener noreferrer\">dise\u00f1o de logotipos!<\/a><\/p>\n<p style=\"text-align: justify;\">No espere y ordena el dise\u00f1o de su tarjeta de visita ahora. Low Cost Web Agency es la opci\u00f3n inteligente para el dise\u00f1o de tarjetas de visita!<\/p>\n<p>&nbsp;<\/p>\n","protected":false},"excerpt":{"rendered":"<p style=\"text-align: justify;\">Low Cost Web Agency crea su imagen corporativa al mejor precio &#8230; \u00a1Le complacer\u00e1 compartir su nueva tarjeta de presentaci\u00f3n con sus contactos! Cuando obtiene su nuevo dise\u00f1o de tarjeta de presentaci\u00f3n, solo necesita ponerse en contacto con su impresora favorita y le proporcione su archivo de tarjeta de visita profesional para obtener una tarjeta de visita asombrosa impresa!<\/p>\n<p style=\"text-align: justify;\">\u00a1Comprar ahora!<\/p>\n","protected":false},"featured_media":42560,"template":"","meta":{"_links_to":"","_links_to_target":""},"product_brand":[],"product_cat":[1446,1482],"product_tag":[1509,1527,1721,1719,1720],"class_list":{"0":"post-43290","1":"product","2":"type-product","3":"status-publish","4":"has-post-thumbnail","6":"product_cat-impresion","7":"product_cat-tarjetas-de-visita","8":"product_tag-diseno-de-logo","9":"product_tag-diseno-llamativo","10":"product_tag-impresion-personalizada","11":"product_tag-tarjetas-de-visita","12":"product_tag-trabajo-creativo","14":"first","15":"instock","16":"shipping-taxable","17":"purchasable","18":"product-type-simple"},"composite_virtual":false,"composite_layout":"","composite_add_to_cart_form_location":"","composite_editable_in_cart":false,"composite_sold_individually_context":"","composite_shop_price_calc":"","composite_components":[],"composite_scenarios":[],"_links":{"self":[{"href":"https:\/\/www.lowcostwebagency.com\/es\/wp-json\/wp\/v2\/product\/43290","targetHints":{"allow":["GET"]}}],"collection":[{"href":"https:\/\/www.lowcostwebagency.com\/es\/wp-json\/wp\/v2\/product"}],"about":[{"href":"https:\/\/www.lowcostwebagency.com\/es\/wp-json\/wp\/v2\/types\/product"}],"wp:featuredmedia":[{"embeddable":true,"href":"https:\/\/www.lowcostwebagency.com\/es\/wp-json\/wp\/v2\/media\/42560"}],"wp:attachment":[{"href":"https:\/\/www.lowcostwebagency.com\/es\/wp-json\/wp\/v2\/media?parent=43290"}],"wp:term":[{"taxonomy":"product_brand","embeddable":true,"href":"https:\/\/www.lowcostwebagency.com\/es\/wp-json\/wp\/v2\/product_brand?post=43290"},{"taxonomy":"product_cat","embeddable":true,"href":"https:\/\/www.lowcostwebagency.com\/es\/wp-json\/wp\/v2\/product_cat?post=43290"},{"taxonomy":"product_tag","embeddable":true,"href":"https:\/\/www.lowcostwebagency.com\/es\/wp-json\/wp\/v2\/product_tag?post=43290"}],"curies":[{"name":"wp","href":"https:\/\/api.w.org\/{rel}","templated":true}]}}