{"id":43296,"date":"2021-08-30T04:16:24","date_gmt":"2021-08-30T04:16:24","guid":{"rendered":"http:\/\/lowcostwebagency.com\/product\/sobres\/"},"modified":"2022-05-12T10:42:46","modified_gmt":"2022-05-12T10:42:46","slug":"sobres","status":"publish","type":"product","link":"https:\/\/www.lowcostwebagency.com\/es\/sobres\/","title":{"rendered":"Sobres"},"content":{"rendered":"<h2 style=\"text-align: justify;\">Low Cost Web Agency dise\u00f1a sus sobres corporativos al precio m\u00e1s bajo que puede encontrar en el mercado online<\/h2>\n<h3 style=\"text-align: justify;\">Obtiene un archivo listo para imprimir, que se puede usar sin cesar siempre que desee imprimir un sobre&#8230;<\/h3>\n<p style=\"text-align: justify;\">Este Gig es la <strong>mejor soluci\u00f3n<\/strong> para brindarte la calidad y el ahorro para mejorar tu dotaci\u00f3n corporativa. De hecho, con este m\u00e9todo, usted nos dice qu\u00e9 dise\u00f1o est\u00e1 esperando para sus sobres corporativos, como su logo, un eslogan y Low Cost Web Agency crea su dise\u00f1o de acuerdo con los insumos que nos brindan.<\/p>\n<h3 style=\"text-align: justify;\">\u00a1Piense diferente, piense en Low Cost Web Agency!<\/h3>\n<p style=\"text-align: justify;\">Preferimos ofrecer un <strong>precio asequible<\/strong> a todos nuestros clientes para brindarles la oportunidad de obtener una <strong>imagen profesional<\/strong> que inspire confianza sin gastar demasiado. Con nuestro archivo listo para imprimir, su impresora puede brindarle la mejor calidad final del sobre mientras observa la cantidad de ahorros. Si a\u00fan no tiene un socio de impresi\u00f3n seleccionado, le recomendamos nuestro socio Vistaprint.<\/p>\n<p style=\"text-align: justify;\">A medida que obtiene el archivo, sus sobres se vuelven <strong>infinitamente reproducibles.<\/strong> Despu\u00e9s de su pedido, le preguntaremos el tama\u00f1o de los sobres que necesita.<\/p>\n<p style=\"text-align: justify;\">Qu\u00e9 m\u00e1s, \u00a1compra ya!<\/p>\n","protected":false},"excerpt":{"rendered":"<p style=\"text-align: justify;\">Obtenga su archivo de sobres listo para imprimir con Low Cost Web Agency.<\/p>\n<p style=\"text-align: justify;\">\u00a1Compre ya!<\/p>\n","protected":false},"featured_media":42564,"template":"","meta":{"_links_to":"","_links_to_target":""},"product_brand":[],"product_cat":[1446,1484,1485],"product_tag":[1728,1727,1726,1725],"class_list":{"0":"post-43296","1":"product","2":"type-product","3":"status-publish","4":"has-post-thumbnail","6":"product_cat-impresion","7":"product_cat-papeleria-comercial","8":"product_cat-sobres","9":"product_tag-eslogan","10":"product_tag-logo-es","11":"product_tag-sobres","12":"product_tag-sobres-corporativos","14":"first","15":"instock","16":"shipping-taxable","17":"purchasable","18":"product-type-simple"},"composite_virtual":false,"composite_layout":"","composite_add_to_cart_form_location":"","composite_editable_in_cart":false,"composite_sold_individually_context":"","composite_shop_price_calc":"","composite_components":[],"composite_scenarios":[],"_links":{"self":[{"href":"https:\/\/www.lowcostwebagency.com\/es\/wp-json\/wp\/v2\/product\/43296","targetHints":{"allow":["GET"]}}],"collection":[{"href":"https:\/\/www.lowcostwebagency.com\/es\/wp-json\/wp\/v2\/product"}],"about":[{"href":"https:\/\/www.lowcostwebagency.com\/es\/wp-json\/wp\/v2\/types\/product"}],"wp:featuredmedia":[{"embeddable":true,"href":"https:\/\/www.lowcostwebagency.com\/es\/wp-json\/wp\/v2\/media\/42564"}],"wp:attachment":[{"href":"https:\/\/www.lowcostwebagency.com\/es\/wp-json\/wp\/v2\/media?parent=43296"}],"wp:term":[{"taxonomy":"product_brand","embeddable":true,"href":"https:\/\/www.lowcostwebagency.com\/es\/wp-json\/wp\/v2\/product_brand?post=43296"},{"taxonomy":"product_cat","embeddable":true,"href":"https:\/\/www.lowcostwebagency.com\/es\/wp-json\/wp\/v2\/product_cat?post=43296"},{"taxonomy":"product_tag","embeddable":true,"href":"https:\/\/www.lowcostwebagency.com\/es\/wp-json\/wp\/v2\/product_tag?post=43296"}],"curies":[{"name":"wp","href":"https:\/\/api.w.org\/{rel}","templated":true}]}}