{"id":43297,"date":"2021-08-30T04:24:15","date_gmt":"2021-08-30T04:24:15","guid":{"rendered":"http:\/\/lowcostwebagency.com\/product\/facturas\/"},"modified":"2022-05-12T10:42:04","modified_gmt":"2022-05-12T10:42:04","slug":"facturas","status":"publish","type":"product","link":"https:\/\/www.lowcostwebagency.com\/es\/facturas\/","title":{"rendered":"Facturas"},"content":{"rendered":"<h2 style=\"text-align: justify;\">Su factura creada por un dise\u00f1ador experto proporciona el \u00e9xito que su empresa se merece<\/h2>\n<h3 style=\"text-align: justify;\">\u00a1Reciba sus pagos con una factura clara e innovadora!<\/h3>\n<p style=\"text-align: justify;\">Una factura es cuando se sigue un pedido realizado por su cliente y que debe usarse para notificar a ese cliente que pague la factura. Es una etapa crucial en la contrataci\u00f3n del proceso de pago. La factura debe ser editado profesional y cuidadosamente.<\/p>\n<p style=\"text-align: justify;\">Low Cost Web dise\u00f1a profesionalmente su factura. Puede pedirnos que incluyamos cualquier cosa que desee que aparezca en el interior: logotipo de la empresa, n\u00famero de columnas, encabezado o pie de p\u00e1gina.<\/p>\n<p style=\"text-align: justify;\">\u00a1Invierta poco dinero y demuestre sus capacidades y seriedad a sus clientes!<\/p>\n<p style=\"text-align: justify;\">Si cree en su negocio, una factura profesional es imprescindible. Una factura personalizada facilita la mejora y productividad de su negocio as\u00ed como la productividad de su cliente a la hora de gestionar el Proceso de Facturaci\u00f3n.<\/p>\n<p style=\"text-align: justify;\">Su factura debe ser f\u00e1cil de reconocer y manejar. Despu\u00e9s de comprar el dise\u00f1o de sus facturas corporativas, nuestros clientes se\u00f1alan que observan un tiempo m\u00e1s corto para el pago gracias a su nueva factura de buena parecido y bien dise\u00f1ada.<\/p>\n<p style=\"text-align: justify;\">Tenemos la soluci\u00f3n para que su negocio tenga \u00e9xito gracias a acciones simples pero efectivas, como podr\u00eda ser el dise\u00f1o profesional de su factura. Ahorre dinero, tiempo y s\u00e9 serio cuando se comunica con sus clientes.<\/p>\n<p style=\"text-align: justify;\">\u00a1Compre sus facturas personalizadas hechas por la Low Cost Web Agency en este momento e impresione a sus clientes!<\/p>\n","protected":false},"excerpt":{"rendered":"<p style=\"text-align: justify;\">\u00a1Env\u00ede a sus clientes una factura \u00fanica que refleje su identidad corporativa y genera confianza!<\/p>\n<p style=\"text-align: justify;\">Le proporcionamos un archivo de impresi\u00f3n listo para las facturas de su empresa. Puede imprimir, editar y convertir sus facturas a PDF f\u00e1cilmente.<\/p>\n<p style=\"text-align: justify;\">\u00a1Compre ahora un dise\u00f1o profesional para las facturas de su empresa!<\/p>\n","protected":false},"featured_media":42567,"template":"","meta":{"_links_to":"","_links_to_target":""},"product_brand":[],"product_cat":[1487,1446,1484],"product_tag":[1730,1729,1731],"class_list":{"0":"post-43297","1":"product","2":"type-product","3":"status-publish","4":"has-post-thumbnail","6":"product_cat-facturas","7":"product_cat-impresion","8":"product_cat-papeleria-comercial","9":"product_tag-factura-profesional","10":"product_tag-facturas-corporativas","11":"product_tag-merites-de-la-empresa","13":"first","14":"instock","15":"shipping-taxable","16":"purchasable","17":"product-type-simple"},"composite_virtual":false,"composite_layout":"","composite_add_to_cart_form_location":"","composite_editable_in_cart":false,"composite_sold_individually_context":"","composite_shop_price_calc":"","composite_components":[],"composite_scenarios":[],"_links":{"self":[{"href":"https:\/\/www.lowcostwebagency.com\/es\/wp-json\/wp\/v2\/product\/43297","targetHints":{"allow":["GET"]}}],"collection":[{"href":"https:\/\/www.lowcostwebagency.com\/es\/wp-json\/wp\/v2\/product"}],"about":[{"href":"https:\/\/www.lowcostwebagency.com\/es\/wp-json\/wp\/v2\/types\/product"}],"wp:featuredmedia":[{"embeddable":true,"href":"https:\/\/www.lowcostwebagency.com\/es\/wp-json\/wp\/v2\/media\/42567"}],"wp:attachment":[{"href":"https:\/\/www.lowcostwebagency.com\/es\/wp-json\/wp\/v2\/media?parent=43297"}],"wp:term":[{"taxonomy":"product_brand","embeddable":true,"href":"https:\/\/www.lowcostwebagency.com\/es\/wp-json\/wp\/v2\/product_brand?post=43297"},{"taxonomy":"product_cat","embeddable":true,"href":"https:\/\/www.lowcostwebagency.com\/es\/wp-json\/wp\/v2\/product_cat?post=43297"},{"taxonomy":"product_tag","embeddable":true,"href":"https:\/\/www.lowcostwebagency.com\/es\/wp-json\/wp\/v2\/product_tag?post=43297"}],"curies":[{"name":"wp","href":"https:\/\/api.w.org\/{rel}","templated":true}]}}