{"id":43299,"date":"2017-03-06T10:22:10","date_gmt":"2017-03-06T10:22:10","guid":{"rendered":"http:\/\/lowcostwebagency.com\/product\/certificados\/"},"modified":"2022-05-12T10:40:13","modified_gmt":"2022-05-12T10:40:13","slug":"certificados","status":"publish","type":"product","link":"https:\/\/www.lowcostwebagency.com\/es\/certificados\/","title":{"rendered":"Certificados"},"content":{"rendered":"<h2 style=\"text-align: justify;\">Sus certificados profesionales est\u00e1n disponibles en la Low Cost Web Agency<\/h2>\n<h3 style=\"text-align: justify;\">\u00a1Recompense a sus aprendices, clientes y proveedores con un hermoso certificado!<\/h3>\n<p style=\"text-align: justify;\">Principalmente, este concierto es utilizado por las empresas que les gusta obtener una buena imagen de ellos mismos. Como ejemplo, cuando est\u00e1 proporcionando capacitaci\u00f3n, a menudo terminas un curso de capacitaci\u00f3n con un examen. Para felicitar a todos sus aprendices, obtiene aqu\u00ed la posibilidad de crear su propio certificado con su nombre de capacitaci\u00f3n y su marca. Todo se puede personalizar de acuerdo a sus deseos.<\/p>\n<h3 style=\"text-align: justify;\">\u00a1Obtenga su archivo listo para impresi\u00f3n en un solo clic!<\/h3>\n<p style=\"text-align: justify;\">La calidad es la prioridad de la agencia web de bajo costo para satisfacer a sus clientes, por lo que proporcionamos un archivo listo para imprimir sin derrota. A continuaci\u00f3n, puede hacerlo imprimir o directamente con su impresora de color de oficina. Dado que es posible que usted o su impresor no sean completamente expertos en el dise\u00f1o de certificados, existe un valor agregado real al adoptar la oferta de Low Cost Web Agency. Sin embargo, su impresora le proporcionar\u00e1 el papel y la calidad de tinta adecuados. Si a\u00fan no ha seleccionado un socio de impresi\u00f3n, le recomendamos nuestro socio Vistaprint&#8230;<\/p>\n<p style=\"text-align: justify;\">Agencia Web Low Cost, la soluci\u00f3n ideal para los amantes de la calidad y el ahorro.<\/p>\n<p style=\"text-align: justify;\">\u00a1Qu\u00e9 m\u00e1s, solicite su nuevo certificado!<\/p>\n","protected":false},"excerpt":{"rendered":"<p style=\"text-align: justify;\">Obtenga su archivo de certificados listo para imprimir con Low Cost Web Agency.<\/p>\n<p style=\"text-align: justify;\">\u00a1Compre ya!<\/p>\n","protected":false},"featured_media":42672,"template":"","meta":{"_links_to":"","_links_to_target":""},"product_brand":[],"product_cat":[1446,1488,1484],"product_tag":[1735,1734,1736,1737],"class_list":{"0":"post-43299","1":"product","2":"type-product","3":"status-publish","4":"has-post-thumbnail","6":"product_cat-impresion","7":"product_cat-certificados","8":"product_cat-papeleria-comercial","9":"product_tag-aprendices","10":"product_tag-certificados","11":"product_tag-clientes","12":"product_tag-proveedores","14":"first","15":"instock","16":"shipping-taxable","17":"purchasable","18":"product-type-simple"},"composite_virtual":false,"composite_layout":"","composite_add_to_cart_form_location":"","composite_editable_in_cart":false,"composite_sold_individually_context":"","composite_shop_price_calc":"","composite_components":[],"composite_scenarios":[],"_links":{"self":[{"href":"https:\/\/www.lowcostwebagency.com\/es\/wp-json\/wp\/v2\/product\/43299","targetHints":{"allow":["GET"]}}],"collection":[{"href":"https:\/\/www.lowcostwebagency.com\/es\/wp-json\/wp\/v2\/product"}],"about":[{"href":"https:\/\/www.lowcostwebagency.com\/es\/wp-json\/wp\/v2\/types\/product"}],"wp:featuredmedia":[{"embeddable":true,"href":"https:\/\/www.lowcostwebagency.com\/es\/wp-json\/wp\/v2\/media\/42672"}],"wp:attachment":[{"href":"https:\/\/www.lowcostwebagency.com\/es\/wp-json\/wp\/v2\/media?parent=43299"}],"wp:term":[{"taxonomy":"product_brand","embeddable":true,"href":"https:\/\/www.lowcostwebagency.com\/es\/wp-json\/wp\/v2\/product_brand?post=43299"},{"taxonomy":"product_cat","embeddable":true,"href":"https:\/\/www.lowcostwebagency.com\/es\/wp-json\/wp\/v2\/product_cat?post=43299"},{"taxonomy":"product_tag","embeddable":true,"href":"https:\/\/www.lowcostwebagency.com\/es\/wp-json\/wp\/v2\/product_tag?post=43299"}],"curies":[{"name":"wp","href":"https:\/\/api.w.org\/{rel}","templated":true}]}}